{"id":2964,"date":"2025-11-14T16:39:03","date_gmt":"2025-11-14T16:39:03","guid":{"rendered":"https:\/\/dev.lanierpharma.com\/?post_type=product&#038;p=2964"},"modified":"2026-04-01T09:11:14","modified_gmt":"2026-04-01T07:11:14","slug":"inmunizat","status":"publish","type":"product","link":"https:\/\/www.lanierpharma.com\/en\/product\/inmunizat\/","title":{"rendered":"Inmunizat"},"content":{"rendered":"","protected":false},"excerpt":{"rendered":"<h4><strong>Ayuda a tu sistema inmune<\/strong><\/h4>\n<p><b>INMUNIZAT<\/b> es un complemento alimenticio con Betaglucano (1,3)-(1,6), Vitamina C, Vitamina D, Zinc, Selenio y \u00c1cido T\u00e1nico, que por su <strong>acci\u00f3n inmunomoduladora<\/strong> est\u00e1 especialmente indicado en la <strong>prevenci\u00f3n y tratamiento de infecciones por virus y bacterias.<\/strong><\/p>\n<ul>\n<li>60 c\u00e1psulas vegetales<\/li>\n<li>CN 209438.3<\/li>\n<li>2 c\u00e1psulas al d\u00eda<\/li>\n<\/ul>","protected":false},"featured_media":11757,"comment_status":"open","ping_status":"closed","template":"","meta":[],"product_brand":[],"product_cat":[167],"product_tag":[],"class_list":{"0":"post-2964","1":"product","2":"type-product","3":"status-publish","4":"has-post-thumbnail","6":"product_cat-refuerzo-inmunitario","8":"first","9":"instock","10":"sale","11":"taxable","12":"shipping-taxable","13":"purchasable","14":"product-type-variable","15":"has-default-attributes"},"yoast_head":"<!-- This site is optimized with the Yoast SEO plugin v26.6 - https:\/\/yoast.com\/wordpress\/plugins\/seo\/ -->\n<title>Inmunizat - Fortalece tu sistema inmune - Lanier Pharma<\/title>\n<meta name=\"description\" content=\"INMUNIZAT es un producto innovador, concebido y formulado para potenciar la capacidad del sistema inmune frente a las infecciones. Suplemento a base de vitaminas para fortalecer y mejorar el sistema inmune de forma natural. \u00a1Entra!\" \/>\n<meta name=\"robots\" content=\"index, follow, max-snippet:-1, max-image-preview:large, max-video-preview:-1\" \/>\n<link rel=\"canonical\" href=\"https:\/\/www.lanierpharma.com\/en\/product\/inmunizat\/\" \/>\n<meta property=\"og:locale\" content=\"en_GB\" \/>\n<meta property=\"og:type\" content=\"article\" \/>\n<meta property=\"og:title\" content=\"Inmunizat - Fortalece tu sistema inmune - Lanier Pharma\" \/>\n<meta property=\"og:description\" content=\"INMUNIZAT es un producto innovador, concebido y formulado para potenciar la capacidad del sistema inmune frente a las infecciones. Suplemento a base de vitaminas para fortalecer y mejorar el sistema inmune de forma natural. \u00a1Entra!\" \/>\n<meta property=\"og:url\" content=\"https:\/\/www.lanierpharma.com\/en\/product\/inmunizat\/\" \/>\n<meta property=\"og:site_name\" content=\"Lanierpharma\" \/>\n<meta property=\"article:publisher\" content=\"https:\/\/www.facebook.com\/lanierpharma\" \/>\n<meta property=\"article:modified_time\" content=\"2026-04-01T07:11:14+00:00\" \/>\n<meta property=\"og:image\" content=\"https:\/\/www.lanierpharma.com\/wp-content\/uploads\/Inmunizat-portada.jpg\" \/>\n\t<meta property=\"og:image:width\" content=\"1000\" \/>\n\t<meta property=\"og:image:height\" content=\"1000\" \/>\n\t<meta property=\"og:image:type\" content=\"image\/jpeg\" \/>\n<meta name=\"twitter:card\" content=\"summary_large_image\" \/>\n<meta name=\"twitter:site\" content=\"@LanierPharma\" \/>\n<meta name=\"twitter:label1\" content=\"Est. reading time\" \/>\n\t<meta name=\"twitter:data1\" content=\"1 minute\" \/>\n<script type=\"application\/ld+json\" class=\"yoast-schema-graph\">{\"@context\":\"https:\/\/schema.org\",\"@graph\":[{\"@type\":\"WebPage\",\"@id\":\"https:\/\/www.lanierpharma.com\/en\/product\/inmunizat\/\",\"url\":\"https:\/\/www.lanierpharma.com\/en\/product\/inmunizat\/\",\"name\":\"Inmunizat - Fortalece tu sistema inmune - Lanier Pharma\",\"isPartOf\":{\"@id\":\"https:\/\/www.lanierpharma.com\/en\/#website\"},\"primaryImageOfPage\":{\"@id\":\"https:\/\/www.lanierpharma.com\/en\/product\/inmunizat\/#primaryimage\"},\"image\":{\"@id\":\"https:\/\/www.lanierpharma.com\/en\/product\/inmunizat\/#primaryimage\"},\"thumbnailUrl\":\"https:\/\/www.lanierpharma.com\/wp-content\/uploads\/Inmunizat-portada.jpg\",\"datePublished\":\"2025-11-14T16:39:03+00:00\",\"dateModified\":\"2026-04-01T07:11:14+00:00\",\"description\":\"INMUNIZAT es un producto innovador, concebido y formulado para potenciar la capacidad del sistema inmune frente a las infecciones. Suplemento a base de vitaminas para fortalecer y mejorar el sistema inmune de forma natural. \u00a1Entra!\",\"breadcrumb\":{\"@id\":\"https:\/\/www.lanierpharma.com\/en\/product\/inmunizat\/#breadcrumb\"},\"inLanguage\":\"en-GB\",\"potentialAction\":[{\"@type\":\"ReadAction\",\"target\":[\"https:\/\/www.lanierpharma.com\/en\/product\/inmunizat\/\"]}]},{\"@type\":\"ImageObject\",\"inLanguage\":\"en-GB\",\"@id\":\"https:\/\/www.lanierpharma.com\/en\/product\/inmunizat\/#primaryimage\",\"url\":\"https:\/\/www.lanierpharma.com\/wp-content\/uploads\/Inmunizat-portada.jpg\",\"contentUrl\":\"https:\/\/www.lanierpharma.com\/wp-content\/uploads\/Inmunizat-portada.jpg\",\"width\":1000,\"height\":1000},{\"@type\":\"BreadcrumbList\",\"@id\":\"https:\/\/www.lanierpharma.com\/en\/product\/inmunizat\/#breadcrumb\",\"itemListElement\":[{\"@type\":\"ListItem\",\"position\":1,\"name\":\"Portada\",\"item\":\"https:\/\/www.lanierpharma.com\/\"},{\"@type\":\"ListItem\",\"position\":2,\"name\":\"Productos\",\"item\":\"https:\/\/www.lanierpharma.com\/shop\/\"},{\"@type\":\"ListItem\",\"position\":3,\"name\":\"Inmunizat\"}]},{\"@type\":\"WebSite\",\"@id\":\"https:\/\/www.lanierpharma.com\/en\/#website\",\"url\":\"https:\/\/www.lanierpharma.com\/en\/\",\"name\":\"Lanierpharma\",\"description\":\"Empresa farmac\u00e9utica especializada en la investigaci\u00f3n, desarrollo y comercializaci\u00f3n de nutrac\u00e9uticos\",\"potentialAction\":[{\"@type\":\"SearchAction\",\"target\":{\"@type\":\"EntryPoint\",\"urlTemplate\":\"https:\/\/www.lanierpharma.com\/en\/?s={search_term_string}\"},\"query-input\":{\"@type\":\"PropertyValueSpecification\",\"valueRequired\":true,\"valueName\":\"search_term_string\"}}],\"inLanguage\":\"en-GB\"}]}<\/script>\n<!-- \/ Yoast SEO plugin. -->","yoast_head_json":{"title":"Inmunizat - Fortalece tu sistema inmune - Lanier Pharma","description":"INMUNIZAT es un producto innovador, concebido y formulado para potenciar la capacidad del sistema inmune frente a las infecciones. Suplemento a base de vitaminas para fortalecer y mejorar el sistema inmune de forma natural. \u00a1Entra!","robots":{"index":"index","follow":"follow","max-snippet":"max-snippet:-1","max-image-preview":"max-image-preview:large","max-video-preview":"max-video-preview:-1"},"canonical":"https:\/\/www.lanierpharma.com\/en\/product\/inmunizat\/","og_locale":"en_GB","og_type":"article","og_title":"Inmunizat - Fortalece tu sistema inmune - Lanier Pharma","og_description":"INMUNIZAT es un producto innovador, concebido y formulado para potenciar la capacidad del sistema inmune frente a las infecciones. Suplemento a base de vitaminas para fortalecer y mejorar el sistema inmune de forma natural. \u00a1Entra!","og_url":"https:\/\/www.lanierpharma.com\/en\/product\/inmunizat\/","og_site_name":"Lanierpharma","article_publisher":"https:\/\/www.facebook.com\/lanierpharma","article_modified_time":"2026-04-01T07:11:14+00:00","og_image":[{"width":1000,"height":1000,"url":"https:\/\/www.lanierpharma.com\/wp-content\/uploads\/Inmunizat-portada.jpg","type":"image\/jpeg"}],"twitter_card":"summary_large_image","twitter_site":"@LanierPharma","twitter_misc":{"Est. reading time":"1 minute"},"schema":{"@context":"https:\/\/schema.org","@graph":[{"@type":"WebPage","@id":"https:\/\/www.lanierpharma.com\/en\/product\/inmunizat\/","url":"https:\/\/www.lanierpharma.com\/en\/product\/inmunizat\/","name":"Inmunizat - Fortalece tu sistema inmune - Lanier Pharma","isPartOf":{"@id":"https:\/\/www.lanierpharma.com\/en\/#website"},"primaryImageOfPage":{"@id":"https:\/\/www.lanierpharma.com\/en\/product\/inmunizat\/#primaryimage"},"image":{"@id":"https:\/\/www.lanierpharma.com\/en\/product\/inmunizat\/#primaryimage"},"thumbnailUrl":"https:\/\/www.lanierpharma.com\/wp-content\/uploads\/Inmunizat-portada.jpg","datePublished":"2025-11-14T16:39:03+00:00","dateModified":"2026-04-01T07:11:14+00:00","description":"INMUNIZAT es un producto innovador, concebido y formulado para potenciar la capacidad del sistema inmune frente a las infecciones. Suplemento a base de vitaminas para fortalecer y mejorar el sistema inmune de forma natural. \u00a1Entra!","breadcrumb":{"@id":"https:\/\/www.lanierpharma.com\/en\/product\/inmunizat\/#breadcrumb"},"inLanguage":"en-GB","potentialAction":[{"@type":"ReadAction","target":["https:\/\/www.lanierpharma.com\/en\/product\/inmunizat\/"]}]},{"@type":"ImageObject","inLanguage":"en-GB","@id":"https:\/\/www.lanierpharma.com\/en\/product\/inmunizat\/#primaryimage","url":"https:\/\/www.lanierpharma.com\/wp-content\/uploads\/Inmunizat-portada.jpg","contentUrl":"https:\/\/www.lanierpharma.com\/wp-content\/uploads\/Inmunizat-portada.jpg","width":1000,"height":1000},{"@type":"BreadcrumbList","@id":"https:\/\/www.lanierpharma.com\/en\/product\/inmunizat\/#breadcrumb","itemListElement":[{"@type":"ListItem","position":1,"name":"Portada","item":"https:\/\/www.lanierpharma.com\/"},{"@type":"ListItem","position":2,"name":"Productos","item":"https:\/\/www.lanierpharma.com\/shop\/"},{"@type":"ListItem","position":3,"name":"Inmunizat"}]},{"@type":"WebSite","@id":"https:\/\/www.lanierpharma.com\/en\/#website","url":"https:\/\/www.lanierpharma.com\/en\/","name":"Lanierpharma","description":"Empresa farmac\u00e9utica especializada en la investigaci\u00f3n, desarrollo y comercializaci\u00f3n de nutrac\u00e9uticos","potentialAction":[{"@type":"SearchAction","target":{"@type":"EntryPoint","urlTemplate":"https:\/\/www.lanierpharma.com\/en\/?s={search_term_string}"},"query-input":{"@type":"PropertyValueSpecification","valueRequired":true,"valueName":"search_term_string"}}],"inLanguage":"en-GB"}]}},"_links":{"self":[{"href":"https:\/\/www.lanierpharma.com\/en\/wp-json\/wp\/v2\/product\/2964","targetHints":{"allow":["GET"]}}],"collection":[{"href":"https:\/\/www.lanierpharma.com\/en\/wp-json\/wp\/v2\/product"}],"about":[{"href":"https:\/\/www.lanierpharma.com\/en\/wp-json\/wp\/v2\/types\/product"}],"replies":[{"embeddable":true,"href":"https:\/\/www.lanierpharma.com\/en\/wp-json\/wp\/v2\/comments?post=2964"}],"wp:featuredmedia":[{"embeddable":true,"href":"https:\/\/www.lanierpharma.com\/en\/wp-json\/wp\/v2\/media\/11757"}],"wp:attachment":[{"href":"https:\/\/www.lanierpharma.com\/en\/wp-json\/wp\/v2\/media?parent=2964"}],"wp:term":[{"taxonomy":"product_brand","embeddable":true,"href":"https:\/\/www.lanierpharma.com\/en\/wp-json\/wp\/v2\/product_brand?post=2964"},{"taxonomy":"product_cat","embeddable":true,"href":"https:\/\/www.lanierpharma.com\/en\/wp-json\/wp\/v2\/product_cat?post=2964"},{"taxonomy":"product_tag","embeddable":true,"href":"https:\/\/www.lanierpharma.com\/en\/wp-json\/wp\/v2\/product_tag?post=2964"}],"curies":[{"name":"wp","href":"https:\/\/api.w.org\/{rel}","templated":true}]}}