{"id":2960,"date":"2025-11-14T16:15:43","date_gmt":"2025-11-14T16:15:43","guid":{"rendered":"https:\/\/dev.lanierpharma.com\/?post_type=product&#038;p=2960"},"modified":"2026-03-25T14:14:47","modified_gmt":"2026-03-25T13:14:47","slug":"laniercol","status":"publish","type":"product","link":"https:\/\/www.lanierpharma.com\/en\/product\/laniercol\/","title":{"rendered":"Laniercol"},"content":{"rendered":"","protected":false},"excerpt":{"rendered":"<h4><strong>Controla tu colesterol<\/strong><\/h4>\n<p><b>LANIERCOL<\/b> es un complemento alimenticio con Levadura de arroz rojo, Berberina, Polifenoles y Omega 3 marino, que <strong>reduce significativamente los niveles de colesterol de lipoprote\u00ednas de baja densidad (LDL-C) y triglic\u00e9ridos.<\/strong><\/p>\n<ul>\n<li>30 c\u00e1psulas vegetales<\/li>\n<li>CN 209434.5<\/li>\n<li>1 c\u00e1psula al d\u00eda<\/li>\n<\/ul>","protected":false},"featured_media":11759,"comment_status":"open","ping_status":"closed","template":"","meta":[],"product_brand":[],"product_cat":[166],"product_tag":[],"class_list":{"0":"post-2960","1":"product","2":"type-product","3":"status-publish","4":"has-post-thumbnail","6":"product_cat-apoyo-cardiovascular","8":"first","9":"instock","10":"sale","11":"featured","12":"taxable","13":"shipping-taxable","14":"purchasable","15":"product-type-variable","16":"has-default-attributes"},"yoast_head":"<!-- This site is optimized with the Yoast SEO plugin v26.6 - https:\/\/yoast.com\/wordpress\/plugins\/seo\/ -->\n<title>Laniercol - Reducir el colesterol de forma natural - Lanier Pharma<\/title>\n<meta name=\"description\" content=\"LANIERCOL es un suplemento natural a base de Omega 3 que reduce significativamente los niveles de colesterol de lipoprote\u00ednas de baja densidad y triglic\u00e9ridos. Mejor producto para bajar el colesterol. Descubre nuestras pastillas naturales para el colesterol. \u00a1Entra!\" \/>\n<meta name=\"robots\" content=\"index, follow, max-snippet:-1, max-image-preview:large, max-video-preview:-1\" \/>\n<link rel=\"canonical\" href=\"https:\/\/www.lanierpharma.com\/en\/product\/laniercol\/\" \/>\n<meta property=\"og:locale\" content=\"en_GB\" \/>\n<meta property=\"og:type\" content=\"article\" \/>\n<meta property=\"og:title\" content=\"Laniercol - Reducir el colesterol de forma natural - Lanier Pharma\" \/>\n<meta property=\"og:description\" content=\"LANIERCOL es un suplemento natural a base de Omega 3 que reduce significativamente los niveles de colesterol de lipoprote\u00ednas de baja densidad y triglic\u00e9ridos. Mejor producto para bajar el colesterol. Descubre nuestras pastillas naturales para el colesterol. \u00a1Entra!\" \/>\n<meta property=\"og:url\" content=\"https:\/\/www.lanierpharma.com\/en\/product\/laniercol\/\" \/>\n<meta property=\"og:site_name\" content=\"Lanierpharma\" \/>\n<meta property=\"article:publisher\" content=\"https:\/\/www.facebook.com\/lanierpharma\" \/>\n<meta property=\"article:modified_time\" content=\"2026-03-25T13:14:47+00:00\" \/>\n<meta property=\"og:image\" content=\"https:\/\/www.lanierpharma.com\/wp-content\/uploads\/Laniercol-portada.jpg\" \/>\n\t<meta property=\"og:image:width\" content=\"1000\" \/>\n\t<meta property=\"og:image:height\" content=\"1000\" \/>\n\t<meta property=\"og:image:type\" content=\"image\/jpeg\" \/>\n<meta name=\"twitter:card\" content=\"summary_large_image\" \/>\n<meta name=\"twitter:site\" content=\"@LanierPharma\" \/>\n<meta name=\"twitter:label1\" content=\"Est. reading time\" \/>\n\t<meta name=\"twitter:data1\" content=\"1 minute\" \/>\n<script type=\"application\/ld+json\" class=\"yoast-schema-graph\">{\"@context\":\"https:\/\/schema.org\",\"@graph\":[{\"@type\":\"WebPage\",\"@id\":\"https:\/\/www.lanierpharma.com\/en\/product\/laniercol\/\",\"url\":\"https:\/\/www.lanierpharma.com\/en\/product\/laniercol\/\",\"name\":\"Laniercol - Reducir el colesterol de forma natural - Lanier Pharma\",\"isPartOf\":{\"@id\":\"https:\/\/www.lanierpharma.com\/en\/#website\"},\"primaryImageOfPage\":{\"@id\":\"https:\/\/www.lanierpharma.com\/en\/product\/laniercol\/#primaryimage\"},\"image\":{\"@id\":\"https:\/\/www.lanierpharma.com\/en\/product\/laniercol\/#primaryimage\"},\"thumbnailUrl\":\"https:\/\/www.lanierpharma.com\/wp-content\/uploads\/Laniercol-portada.jpg\",\"datePublished\":\"2025-11-14T16:15:43+00:00\",\"dateModified\":\"2026-03-25T13:14:47+00:00\",\"description\":\"LANIERCOL es un suplemento natural a base de Omega 3 que reduce significativamente los niveles de colesterol de lipoprote\u00ednas de baja densidad y triglic\u00e9ridos. Mejor producto para bajar el colesterol. Descubre nuestras pastillas naturales para el colesterol. \u00a1Entra!\",\"breadcrumb\":{\"@id\":\"https:\/\/www.lanierpharma.com\/en\/product\/laniercol\/#breadcrumb\"},\"inLanguage\":\"en-GB\",\"potentialAction\":[{\"@type\":\"ReadAction\",\"target\":[\"https:\/\/www.lanierpharma.com\/en\/product\/laniercol\/\"]}]},{\"@type\":\"ImageObject\",\"inLanguage\":\"en-GB\",\"@id\":\"https:\/\/www.lanierpharma.com\/en\/product\/laniercol\/#primaryimage\",\"url\":\"https:\/\/www.lanierpharma.com\/wp-content\/uploads\/Laniercol-portada.jpg\",\"contentUrl\":\"https:\/\/www.lanierpharma.com\/wp-content\/uploads\/Laniercol-portada.jpg\",\"width\":1000,\"height\":1000},{\"@type\":\"BreadcrumbList\",\"@id\":\"https:\/\/www.lanierpharma.com\/en\/product\/laniercol\/#breadcrumb\",\"itemListElement\":[{\"@type\":\"ListItem\",\"position\":1,\"name\":\"Portada\",\"item\":\"https:\/\/www.lanierpharma.com\/\"},{\"@type\":\"ListItem\",\"position\":2,\"name\":\"Productos\",\"item\":\"https:\/\/www.lanierpharma.com\/shop\/\"},{\"@type\":\"ListItem\",\"position\":3,\"name\":\"Laniercol\"}]},{\"@type\":\"WebSite\",\"@id\":\"https:\/\/www.lanierpharma.com\/en\/#website\",\"url\":\"https:\/\/www.lanierpharma.com\/en\/\",\"name\":\"Lanierpharma\",\"description\":\"Empresa farmac\u00e9utica especializada en la investigaci\u00f3n, desarrollo y comercializaci\u00f3n de nutrac\u00e9uticos\",\"potentialAction\":[{\"@type\":\"SearchAction\",\"target\":{\"@type\":\"EntryPoint\",\"urlTemplate\":\"https:\/\/www.lanierpharma.com\/en\/?s={search_term_string}\"},\"query-input\":{\"@type\":\"PropertyValueSpecification\",\"valueRequired\":true,\"valueName\":\"search_term_string\"}}],\"inLanguage\":\"en-GB\"}]}<\/script>\n<!-- \/ Yoast SEO plugin. -->","yoast_head_json":{"title":"Laniercol - Reducir el colesterol de forma natural - Lanier Pharma","description":"LANIERCOL es un suplemento natural a base de Omega 3 que reduce significativamente los niveles de colesterol de lipoprote\u00ednas de baja densidad y triglic\u00e9ridos. Mejor producto para bajar el colesterol. Descubre nuestras pastillas naturales para el colesterol. \u00a1Entra!","robots":{"index":"index","follow":"follow","max-snippet":"max-snippet:-1","max-image-preview":"max-image-preview:large","max-video-preview":"max-video-preview:-1"},"canonical":"https:\/\/www.lanierpharma.com\/en\/product\/laniercol\/","og_locale":"en_GB","og_type":"article","og_title":"Laniercol - Reducir el colesterol de forma natural - Lanier Pharma","og_description":"LANIERCOL es un suplemento natural a base de Omega 3 que reduce significativamente los niveles de colesterol de lipoprote\u00ednas de baja densidad y triglic\u00e9ridos. Mejor producto para bajar el colesterol. Descubre nuestras pastillas naturales para el colesterol. \u00a1Entra!","og_url":"https:\/\/www.lanierpharma.com\/en\/product\/laniercol\/","og_site_name":"Lanierpharma","article_publisher":"https:\/\/www.facebook.com\/lanierpharma","article_modified_time":"2026-03-25T13:14:47+00:00","og_image":[{"width":1000,"height":1000,"url":"https:\/\/www.lanierpharma.com\/wp-content\/uploads\/Laniercol-portada.jpg","type":"image\/jpeg"}],"twitter_card":"summary_large_image","twitter_site":"@LanierPharma","twitter_misc":{"Est. reading time":"1 minute"},"schema":{"@context":"https:\/\/schema.org","@graph":[{"@type":"WebPage","@id":"https:\/\/www.lanierpharma.com\/en\/product\/laniercol\/","url":"https:\/\/www.lanierpharma.com\/en\/product\/laniercol\/","name":"Laniercol - Reducir el colesterol de forma natural - Lanier Pharma","isPartOf":{"@id":"https:\/\/www.lanierpharma.com\/en\/#website"},"primaryImageOfPage":{"@id":"https:\/\/www.lanierpharma.com\/en\/product\/laniercol\/#primaryimage"},"image":{"@id":"https:\/\/www.lanierpharma.com\/en\/product\/laniercol\/#primaryimage"},"thumbnailUrl":"https:\/\/www.lanierpharma.com\/wp-content\/uploads\/Laniercol-portada.jpg","datePublished":"2025-11-14T16:15:43+00:00","dateModified":"2026-03-25T13:14:47+00:00","description":"LANIERCOL es un suplemento natural a base de Omega 3 que reduce significativamente los niveles de colesterol de lipoprote\u00ednas de baja densidad y triglic\u00e9ridos. Mejor producto para bajar el colesterol. Descubre nuestras pastillas naturales para el colesterol. \u00a1Entra!","breadcrumb":{"@id":"https:\/\/www.lanierpharma.com\/en\/product\/laniercol\/#breadcrumb"},"inLanguage":"en-GB","potentialAction":[{"@type":"ReadAction","target":["https:\/\/www.lanierpharma.com\/en\/product\/laniercol\/"]}]},{"@type":"ImageObject","inLanguage":"en-GB","@id":"https:\/\/www.lanierpharma.com\/en\/product\/laniercol\/#primaryimage","url":"https:\/\/www.lanierpharma.com\/wp-content\/uploads\/Laniercol-portada.jpg","contentUrl":"https:\/\/www.lanierpharma.com\/wp-content\/uploads\/Laniercol-portada.jpg","width":1000,"height":1000},{"@type":"BreadcrumbList","@id":"https:\/\/www.lanierpharma.com\/en\/product\/laniercol\/#breadcrumb","itemListElement":[{"@type":"ListItem","position":1,"name":"Portada","item":"https:\/\/www.lanierpharma.com\/"},{"@type":"ListItem","position":2,"name":"Productos","item":"https:\/\/www.lanierpharma.com\/shop\/"},{"@type":"ListItem","position":3,"name":"Laniercol"}]},{"@type":"WebSite","@id":"https:\/\/www.lanierpharma.com\/en\/#website","url":"https:\/\/www.lanierpharma.com\/en\/","name":"Lanierpharma","description":"Empresa farmac\u00e9utica especializada en la investigaci\u00f3n, desarrollo y comercializaci\u00f3n de nutrac\u00e9uticos","potentialAction":[{"@type":"SearchAction","target":{"@type":"EntryPoint","urlTemplate":"https:\/\/www.lanierpharma.com\/en\/?s={search_term_string}"},"query-input":{"@type":"PropertyValueSpecification","valueRequired":true,"valueName":"search_term_string"}}],"inLanguage":"en-GB"}]}},"_links":{"self":[{"href":"https:\/\/www.lanierpharma.com\/en\/wp-json\/wp\/v2\/product\/2960","targetHints":{"allow":["GET"]}}],"collection":[{"href":"https:\/\/www.lanierpharma.com\/en\/wp-json\/wp\/v2\/product"}],"about":[{"href":"https:\/\/www.lanierpharma.com\/en\/wp-json\/wp\/v2\/types\/product"}],"replies":[{"embeddable":true,"href":"https:\/\/www.lanierpharma.com\/en\/wp-json\/wp\/v2\/comments?post=2960"}],"wp:featuredmedia":[{"embeddable":true,"href":"https:\/\/www.lanierpharma.com\/en\/wp-json\/wp\/v2\/media\/11759"}],"wp:attachment":[{"href":"https:\/\/www.lanierpharma.com\/en\/wp-json\/wp\/v2\/media?parent=2960"}],"wp:term":[{"taxonomy":"product_brand","embeddable":true,"href":"https:\/\/www.lanierpharma.com\/en\/wp-json\/wp\/v2\/product_brand?post=2960"},{"taxonomy":"product_cat","embeddable":true,"href":"https:\/\/www.lanierpharma.com\/en\/wp-json\/wp\/v2\/product_cat?post=2960"},{"taxonomy":"product_tag","embeddable":true,"href":"https:\/\/www.lanierpharma.com\/en\/wp-json\/wp\/v2\/product_tag?post=2960"}],"curies":[{"name":"wp","href":"https:\/\/api.w.org\/{rel}","templated":true}]}}