{"id":2956,"date":"2025-11-14T15:54:04","date_gmt":"2025-11-14T15:54:04","guid":{"rendered":"https:\/\/dev.lanierpharma.com\/?post_type=product&#038;p=2956"},"modified":"2026-04-01T09:11:14","modified_gmt":"2026-04-01T07:11:14","slug":"trineurol","status":"publish","type":"product","link":"https:\/\/www.lanierpharma.com\/en\/product\/trineurol\/","title":{"rendered":"Trineurol"},"content":{"rendered":"","protected":false},"excerpt":{"rendered":"<h4><strong>Mantiene el estado cognitivo<\/strong><\/h4>\n<p><b>TRINEUROL<\/b> es un complemento alimenticio con \u00c1cido Alfa lip\u00f3ico, Tript\u00f3fano, Acetil L-Carnitina y vitaminas del complejo B, C y D, que <strong>reduce el dolor neurop\u00e1tico y mantiene el estado cognitivo.<\/strong><\/p>\n<ul>\n<li>30 c\u00e1psulas vegetales<\/li>\n<li>CN <span style=\"font-weight: 400;\">209435.2<\/span><\/li>\n<li>1 c\u00e1psula al d\u00eda<\/li>\n<\/ul>","protected":false},"featured_media":11760,"comment_status":"open","ping_status":"closed","template":"","meta":[],"product_brand":[],"product_cat":[165],"product_tag":[],"class_list":{"0":"post-2956","1":"product","2":"type-product","3":"status-publish","4":"has-post-thumbnail","6":"product_cat-bienestar-cognitivo","8":"first","9":"instock","10":"sale","11":"featured","12":"taxable","13":"shipping-taxable","14":"purchasable","15":"product-type-variable","16":"has-default-attributes"},"yoast_head":"<!-- This site is optimized with the Yoast SEO plugin v26.6 - https:\/\/yoast.com\/wordpress\/plugins\/seo\/ -->\n<title>Trineurol - Reduce el dolor neurop\u00e1tico - Lanier Pharma<\/title>\n<meta name=\"description\" content=\"TRINEUROL es un suplemento natural con vitaminas que reduce el dolor neurop\u00e1tico y mantienen el estado cognitivo. Mejora las alteraciones neuropatol\u00f3gicas as\u00ed como la memoria de forma natural. \u00a1Entra!\" \/>\n<meta name=\"robots\" content=\"index, follow, max-snippet:-1, max-image-preview:large, max-video-preview:-1\" \/>\n<link rel=\"canonical\" href=\"https:\/\/www.lanierpharma.com\/en\/product\/trineurol\/\" \/>\n<meta property=\"og:locale\" content=\"en_GB\" \/>\n<meta property=\"og:type\" content=\"article\" \/>\n<meta property=\"og:title\" content=\"Trineurol - Reduce el dolor neurop\u00e1tico - Lanier Pharma\" \/>\n<meta property=\"og:description\" content=\"TRINEUROL es un suplemento natural con vitaminas que reduce el dolor neurop\u00e1tico y mantienen el estado cognitivo. Mejora las alteraciones neuropatol\u00f3gicas as\u00ed como la memoria de forma natural. \u00a1Entra!\" \/>\n<meta property=\"og:url\" content=\"https:\/\/www.lanierpharma.com\/en\/product\/trineurol\/\" \/>\n<meta property=\"og:site_name\" content=\"Lanierpharma\" \/>\n<meta property=\"article:publisher\" content=\"https:\/\/www.facebook.com\/lanierpharma\" \/>\n<meta property=\"article:modified_time\" content=\"2026-04-01T07:11:14+00:00\" \/>\n<meta property=\"og:image\" content=\"https:\/\/www.lanierpharma.com\/wp-content\/uploads\/Trineurol-portada.jpg\" \/>\n\t<meta property=\"og:image:width\" content=\"1000\" \/>\n\t<meta property=\"og:image:height\" content=\"1000\" \/>\n\t<meta property=\"og:image:type\" content=\"image\/jpeg\" \/>\n<meta name=\"twitter:card\" content=\"summary_large_image\" \/>\n<meta name=\"twitter:site\" content=\"@LanierPharma\" \/>\n<meta name=\"twitter:label1\" content=\"Est. reading time\" \/>\n\t<meta name=\"twitter:data1\" content=\"1 minute\" \/>\n<script type=\"application\/ld+json\" class=\"yoast-schema-graph\">{\"@context\":\"https:\/\/schema.org\",\"@graph\":[{\"@type\":\"WebPage\",\"@id\":\"https:\/\/www.lanierpharma.com\/en\/product\/trineurol\/\",\"url\":\"https:\/\/www.lanierpharma.com\/en\/product\/trineurol\/\",\"name\":\"Trineurol - Reduce el dolor neurop\u00e1tico - Lanier Pharma\",\"isPartOf\":{\"@id\":\"https:\/\/www.lanierpharma.com\/en\/#website\"},\"primaryImageOfPage\":{\"@id\":\"https:\/\/www.lanierpharma.com\/en\/product\/trineurol\/#primaryimage\"},\"image\":{\"@id\":\"https:\/\/www.lanierpharma.com\/en\/product\/trineurol\/#primaryimage\"},\"thumbnailUrl\":\"https:\/\/www.lanierpharma.com\/wp-content\/uploads\/Trineurol-portada.jpg\",\"datePublished\":\"2025-11-14T15:54:04+00:00\",\"dateModified\":\"2026-04-01T07:11:14+00:00\",\"description\":\"TRINEUROL es un suplemento natural con vitaminas que reduce el dolor neurop\u00e1tico y mantienen el estado cognitivo. Mejora las alteraciones neuropatol\u00f3gicas as\u00ed como la memoria de forma natural. \u00a1Entra!\",\"breadcrumb\":{\"@id\":\"https:\/\/www.lanierpharma.com\/en\/product\/trineurol\/#breadcrumb\"},\"inLanguage\":\"en-GB\",\"potentialAction\":[{\"@type\":\"ReadAction\",\"target\":[\"https:\/\/www.lanierpharma.com\/en\/product\/trineurol\/\"]}]},{\"@type\":\"ImageObject\",\"inLanguage\":\"en-GB\",\"@id\":\"https:\/\/www.lanierpharma.com\/en\/product\/trineurol\/#primaryimage\",\"url\":\"https:\/\/www.lanierpharma.com\/wp-content\/uploads\/Trineurol-portada.jpg\",\"contentUrl\":\"https:\/\/www.lanierpharma.com\/wp-content\/uploads\/Trineurol-portada.jpg\",\"width\":1000,\"height\":1000},{\"@type\":\"BreadcrumbList\",\"@id\":\"https:\/\/www.lanierpharma.com\/en\/product\/trineurol\/#breadcrumb\",\"itemListElement\":[{\"@type\":\"ListItem\",\"position\":1,\"name\":\"Portada\",\"item\":\"https:\/\/www.lanierpharma.com\/\"},{\"@type\":\"ListItem\",\"position\":2,\"name\":\"Productos\",\"item\":\"https:\/\/www.lanierpharma.com\/shop\/\"},{\"@type\":\"ListItem\",\"position\":3,\"name\":\"Trineurol\"}]},{\"@type\":\"WebSite\",\"@id\":\"https:\/\/www.lanierpharma.com\/en\/#website\",\"url\":\"https:\/\/www.lanierpharma.com\/en\/\",\"name\":\"Lanierpharma\",\"description\":\"Empresa farmac\u00e9utica especializada en la investigaci\u00f3n, desarrollo y comercializaci\u00f3n de nutrac\u00e9uticos\",\"potentialAction\":[{\"@type\":\"SearchAction\",\"target\":{\"@type\":\"EntryPoint\",\"urlTemplate\":\"https:\/\/www.lanierpharma.com\/en\/?s={search_term_string}\"},\"query-input\":{\"@type\":\"PropertyValueSpecification\",\"valueRequired\":true,\"valueName\":\"search_term_string\"}}],\"inLanguage\":\"en-GB\"}]}<\/script>\n<!-- \/ Yoast SEO plugin. -->","yoast_head_json":{"title":"Trineurol - Reduce el dolor neurop\u00e1tico - Lanier Pharma","description":"TRINEUROL es un suplemento natural con vitaminas que reduce el dolor neurop\u00e1tico y mantienen el estado cognitivo. Mejora las alteraciones neuropatol\u00f3gicas as\u00ed como la memoria de forma natural. \u00a1Entra!","robots":{"index":"index","follow":"follow","max-snippet":"max-snippet:-1","max-image-preview":"max-image-preview:large","max-video-preview":"max-video-preview:-1"},"canonical":"https:\/\/www.lanierpharma.com\/en\/product\/trineurol\/","og_locale":"en_GB","og_type":"article","og_title":"Trineurol - Reduce el dolor neurop\u00e1tico - Lanier Pharma","og_description":"TRINEUROL es un suplemento natural con vitaminas que reduce el dolor neurop\u00e1tico y mantienen el estado cognitivo. Mejora las alteraciones neuropatol\u00f3gicas as\u00ed como la memoria de forma natural. \u00a1Entra!","og_url":"https:\/\/www.lanierpharma.com\/en\/product\/trineurol\/","og_site_name":"Lanierpharma","article_publisher":"https:\/\/www.facebook.com\/lanierpharma","article_modified_time":"2026-04-01T07:11:14+00:00","og_image":[{"width":1000,"height":1000,"url":"https:\/\/www.lanierpharma.com\/wp-content\/uploads\/Trineurol-portada.jpg","type":"image\/jpeg"}],"twitter_card":"summary_large_image","twitter_site":"@LanierPharma","twitter_misc":{"Est. reading time":"1 minute"},"schema":{"@context":"https:\/\/schema.org","@graph":[{"@type":"WebPage","@id":"https:\/\/www.lanierpharma.com\/en\/product\/trineurol\/","url":"https:\/\/www.lanierpharma.com\/en\/product\/trineurol\/","name":"Trineurol - Reduce el dolor neurop\u00e1tico - Lanier Pharma","isPartOf":{"@id":"https:\/\/www.lanierpharma.com\/en\/#website"},"primaryImageOfPage":{"@id":"https:\/\/www.lanierpharma.com\/en\/product\/trineurol\/#primaryimage"},"image":{"@id":"https:\/\/www.lanierpharma.com\/en\/product\/trineurol\/#primaryimage"},"thumbnailUrl":"https:\/\/www.lanierpharma.com\/wp-content\/uploads\/Trineurol-portada.jpg","datePublished":"2025-11-14T15:54:04+00:00","dateModified":"2026-04-01T07:11:14+00:00","description":"TRINEUROL es un suplemento natural con vitaminas que reduce el dolor neurop\u00e1tico y mantienen el estado cognitivo. Mejora las alteraciones neuropatol\u00f3gicas as\u00ed como la memoria de forma natural. \u00a1Entra!","breadcrumb":{"@id":"https:\/\/www.lanierpharma.com\/en\/product\/trineurol\/#breadcrumb"},"inLanguage":"en-GB","potentialAction":[{"@type":"ReadAction","target":["https:\/\/www.lanierpharma.com\/en\/product\/trineurol\/"]}]},{"@type":"ImageObject","inLanguage":"en-GB","@id":"https:\/\/www.lanierpharma.com\/en\/product\/trineurol\/#primaryimage","url":"https:\/\/www.lanierpharma.com\/wp-content\/uploads\/Trineurol-portada.jpg","contentUrl":"https:\/\/www.lanierpharma.com\/wp-content\/uploads\/Trineurol-portada.jpg","width":1000,"height":1000},{"@type":"BreadcrumbList","@id":"https:\/\/www.lanierpharma.com\/en\/product\/trineurol\/#breadcrumb","itemListElement":[{"@type":"ListItem","position":1,"name":"Portada","item":"https:\/\/www.lanierpharma.com\/"},{"@type":"ListItem","position":2,"name":"Productos","item":"https:\/\/www.lanierpharma.com\/shop\/"},{"@type":"ListItem","position":3,"name":"Trineurol"}]},{"@type":"WebSite","@id":"https:\/\/www.lanierpharma.com\/en\/#website","url":"https:\/\/www.lanierpharma.com\/en\/","name":"Lanierpharma","description":"Empresa farmac\u00e9utica especializada en la investigaci\u00f3n, desarrollo y comercializaci\u00f3n de nutrac\u00e9uticos","potentialAction":[{"@type":"SearchAction","target":{"@type":"EntryPoint","urlTemplate":"https:\/\/www.lanierpharma.com\/en\/?s={search_term_string}"},"query-input":{"@type":"PropertyValueSpecification","valueRequired":true,"valueName":"search_term_string"}}],"inLanguage":"en-GB"}]}},"_links":{"self":[{"href":"https:\/\/www.lanierpharma.com\/en\/wp-json\/wp\/v2\/product\/2956","targetHints":{"allow":["GET"]}}],"collection":[{"href":"https:\/\/www.lanierpharma.com\/en\/wp-json\/wp\/v2\/product"}],"about":[{"href":"https:\/\/www.lanierpharma.com\/en\/wp-json\/wp\/v2\/types\/product"}],"replies":[{"embeddable":true,"href":"https:\/\/www.lanierpharma.com\/en\/wp-json\/wp\/v2\/comments?post=2956"}],"wp:featuredmedia":[{"embeddable":true,"href":"https:\/\/www.lanierpharma.com\/en\/wp-json\/wp\/v2\/media\/11760"}],"wp:attachment":[{"href":"https:\/\/www.lanierpharma.com\/en\/wp-json\/wp\/v2\/media?parent=2956"}],"wp:term":[{"taxonomy":"product_brand","embeddable":true,"href":"https:\/\/www.lanierpharma.com\/en\/wp-json\/wp\/v2\/product_brand?post=2956"},{"taxonomy":"product_cat","embeddable":true,"href":"https:\/\/www.lanierpharma.com\/en\/wp-json\/wp\/v2\/product_cat?post=2956"},{"taxonomy":"product_tag","embeddable":true,"href":"https:\/\/www.lanierpharma.com\/en\/wp-json\/wp\/v2\/product_tag?post=2956"}],"curies":[{"name":"wp","href":"https:\/\/api.w.org\/{rel}","templated":true}]}}