{"id":12009,"date":"2026-01-09T17:00:40","date_gmt":"2026-01-09T16:00:40","guid":{"rendered":"https:\/\/www.lanierpharma.com\/?post_type=product&#038;p=12009"},"modified":"2026-03-15T22:27:03","modified_gmt":"2026-03-15T21:27:03","slug":"inmunizat-infantil","status":"publish","type":"product","link":"https:\/\/www.lanierpharma.com\/en\/product\/inmunizat-infantil\/","title":{"rendered":"Inmunizat Infantil is back"},"content":{"rendered":"","protected":false},"excerpt":{"rendered":"<h4><strong>Potencia la respuesta inmune con un mecanismo de acci\u00f3n espec\u00edfico<\/strong><\/h4>\n<p><strong>INMUNIZAT INFANTIL<\/strong> es un complemento alimenticio con Betaglucano (1,3)-(1,6), Lactoferrina, Vitamina C, Vitamina D, Zinc y Selenio, que por su <strong>acci\u00f3n inmunomoduladora<\/strong> est\u00e1 especialmente indicado en la <strong>prevenci\u00f3n y tratamiento de infecciones por virus y bacterias<\/strong> en los m\u00e1s peque\u00f1os.<\/p>\n<ul>\n<li>150 ml<\/li>\n<li>CN 212469.1<\/li>\n<li>5 ml al d\u00eda<\/li>\n<\/ul>","protected":false},"featured_media":13283,"comment_status":"closed","ping_status":"closed","template":"","meta":[],"product_brand":[],"product_cat":[167],"product_tag":[],"class_list":{"0":"post-12009","1":"product","2":"type-product","3":"status-publish","4":"has-post-thumbnail","6":"product_cat-refuerzo-inmunitario","8":"first","9":"instock","10":"sale","11":"taxable","12":"shipping-taxable","13":"purchasable","14":"product-type-variable","15":"has-default-attributes"},"yoast_head":"<!-- This site is optimized with the Yoast SEO plugin v26.6 - https:\/\/yoast.com\/wordpress\/plugins\/seo\/ -->\n<title>Inmunizat Infantil - Refuerzo Inmunitario para Ni\u00f1os - Lanierpharma<\/title>\n<meta name=\"description\" content=\"INMUNIZAT Infantil es un complemento alimenticio que por su acci\u00f3n inmunomoduladora est\u00e1 especialmente indicado en la prevenci\u00f3n y tratamiento de infecciones por virus y bacterias en ni\u00f1os. Fortalece el sistema inmune de los m\u00e1s peque\u00f1os de la casa. \u00a1Entra!\" \/>\n<meta name=\"robots\" content=\"index, follow, max-snippet:-1, max-image-preview:large, max-video-preview:-1\" \/>\n<link rel=\"canonical\" href=\"https:\/\/www.lanierpharma.com\/en\/product\/inmunizat-infantil\/\" \/>\n<meta property=\"og:locale\" content=\"en_GB\" \/>\n<meta property=\"og:type\" content=\"article\" \/>\n<meta property=\"og:title\" content=\"Inmunizat Infantil - Refuerzo Inmunitario para Ni\u00f1os - Lanierpharma\" \/>\n<meta property=\"og:description\" content=\"INMUNIZAT Infantil es un complemento alimenticio que por su acci\u00f3n inmunomoduladora est\u00e1 especialmente indicado en la prevenci\u00f3n y tratamiento de infecciones por virus y bacterias en ni\u00f1os. Fortalece el sistema inmune de los m\u00e1s peque\u00f1os de la casa. \u00a1Entra!\" \/>\n<meta property=\"og:url\" content=\"https:\/\/www.lanierpharma.com\/en\/product\/inmunizat-infantil\/\" \/>\n<meta property=\"og:site_name\" content=\"Lanierpharma\" \/>\n<meta property=\"article:publisher\" content=\"https:\/\/www.facebook.com\/lanierpharma\" \/>\n<meta property=\"article:modified_time\" content=\"2026-03-15T21:27:03+00:00\" \/>\n<meta property=\"og:image\" content=\"https:\/\/www.lanierpharma.com\/wp-content\/uploads\/Inmunizat-Infantil-2.jpg\" \/>\n\t<meta property=\"og:image:width\" content=\"1000\" \/>\n\t<meta property=\"og:image:height\" content=\"1000\" \/>\n\t<meta property=\"og:image:type\" content=\"image\/jpeg\" \/>\n<meta name=\"twitter:card\" content=\"summary_large_image\" \/>\n<meta name=\"twitter:site\" content=\"@LanierPharma\" \/>\n<meta name=\"twitter:label1\" content=\"Est. reading time\" \/>\n\t<meta name=\"twitter:data1\" content=\"1 minute\" \/>\n<script type=\"application\/ld+json\" class=\"yoast-schema-graph\">{\"@context\":\"https:\/\/schema.org\",\"@graph\":[{\"@type\":\"WebPage\",\"@id\":\"https:\/\/www.lanierpharma.com\/en\/product\/inmunizat-infantil\/\",\"url\":\"https:\/\/www.lanierpharma.com\/en\/product\/inmunizat-infantil\/\",\"name\":\"Inmunizat Infantil - Refuerzo Inmunitario para Ni\u00f1os - Lanierpharma\",\"isPartOf\":{\"@id\":\"https:\/\/www.lanierpharma.com\/en\/#website\"},\"primaryImageOfPage\":{\"@id\":\"https:\/\/www.lanierpharma.com\/en\/product\/inmunizat-infantil\/#primaryimage\"},\"image\":{\"@id\":\"https:\/\/www.lanierpharma.com\/en\/product\/inmunizat-infantil\/#primaryimage\"},\"thumbnailUrl\":\"https:\/\/www.lanierpharma.com\/wp-content\/uploads\/Inmunizat-Infantil-2.jpg\",\"datePublished\":\"2026-01-09T16:00:40+00:00\",\"dateModified\":\"2026-03-15T21:27:03+00:00\",\"description\":\"INMUNIZAT Infantil es un complemento alimenticio que por su acci\u00f3n inmunomoduladora est\u00e1 especialmente indicado en la prevenci\u00f3n y tratamiento de infecciones por virus y bacterias en ni\u00f1os. Fortalece el sistema inmune de los m\u00e1s peque\u00f1os de la casa. \u00a1Entra!\",\"breadcrumb\":{\"@id\":\"https:\/\/www.lanierpharma.com\/en\/product\/inmunizat-infantil\/#breadcrumb\"},\"inLanguage\":\"en-GB\",\"potentialAction\":[{\"@type\":\"ReadAction\",\"target\":[\"https:\/\/www.lanierpharma.com\/en\/product\/inmunizat-infantil\/\"]}]},{\"@type\":\"ImageObject\",\"inLanguage\":\"en-GB\",\"@id\":\"https:\/\/www.lanierpharma.com\/en\/product\/inmunizat-infantil\/#primaryimage\",\"url\":\"https:\/\/www.lanierpharma.com\/wp-content\/uploads\/Inmunizat-Infantil-2.jpg\",\"contentUrl\":\"https:\/\/www.lanierpharma.com\/wp-content\/uploads\/Inmunizat-Infantil-2.jpg\",\"width\":1000,\"height\":1000},{\"@type\":\"BreadcrumbList\",\"@id\":\"https:\/\/www.lanierpharma.com\/en\/product\/inmunizat-infantil\/#breadcrumb\",\"itemListElement\":[{\"@type\":\"ListItem\",\"position\":1,\"name\":\"Portada\",\"item\":\"https:\/\/www.lanierpharma.com\/\"},{\"@type\":\"ListItem\",\"position\":2,\"name\":\"Productos\",\"item\":\"https:\/\/www.lanierpharma.com\/shop\/\"},{\"@type\":\"ListItem\",\"position\":3,\"name\":\"Inmunizat Infantil\"}]},{\"@type\":\"WebSite\",\"@id\":\"https:\/\/www.lanierpharma.com\/en\/#website\",\"url\":\"https:\/\/www.lanierpharma.com\/en\/\",\"name\":\"Lanierpharma\",\"description\":\"Empresa farmac\u00e9utica especializada en la investigaci\u00f3n, desarrollo y comercializaci\u00f3n de nutrac\u00e9uticos\",\"potentialAction\":[{\"@type\":\"SearchAction\",\"target\":{\"@type\":\"EntryPoint\",\"urlTemplate\":\"https:\/\/www.lanierpharma.com\/en\/?s={search_term_string}\"},\"query-input\":{\"@type\":\"PropertyValueSpecification\",\"valueRequired\":true,\"valueName\":\"search_term_string\"}}],\"inLanguage\":\"en-GB\"}]}<\/script>\n<!-- \/ Yoast SEO plugin. -->","yoast_head_json":{"title":"Inmunizat Infantil - Refuerzo Inmunitario para Ni\u00f1os - Lanierpharma","description":"INMUNIZAT Infantil es un complemento alimenticio que por su acci\u00f3n inmunomoduladora est\u00e1 especialmente indicado en la prevenci\u00f3n y tratamiento de infecciones por virus y bacterias en ni\u00f1os. Fortalece el sistema inmune de los m\u00e1s peque\u00f1os de la casa. \u00a1Entra!","robots":{"index":"index","follow":"follow","max-snippet":"max-snippet:-1","max-image-preview":"max-image-preview:large","max-video-preview":"max-video-preview:-1"},"canonical":"https:\/\/www.lanierpharma.com\/en\/product\/inmunizat-infantil\/","og_locale":"en_GB","og_type":"article","og_title":"Inmunizat Infantil - Refuerzo Inmunitario para Ni\u00f1os - Lanierpharma","og_description":"INMUNIZAT Infantil es un complemento alimenticio que por su acci\u00f3n inmunomoduladora est\u00e1 especialmente indicado en la prevenci\u00f3n y tratamiento de infecciones por virus y bacterias en ni\u00f1os. Fortalece el sistema inmune de los m\u00e1s peque\u00f1os de la casa. \u00a1Entra!","og_url":"https:\/\/www.lanierpharma.com\/en\/product\/inmunizat-infantil\/","og_site_name":"Lanierpharma","article_publisher":"https:\/\/www.facebook.com\/lanierpharma","article_modified_time":"2026-03-15T21:27:03+00:00","og_image":[{"width":1000,"height":1000,"url":"https:\/\/www.lanierpharma.com\/wp-content\/uploads\/Inmunizat-Infantil-2.jpg","type":"image\/jpeg"}],"twitter_card":"summary_large_image","twitter_site":"@LanierPharma","twitter_misc":{"Est. reading time":"1 minute"},"schema":{"@context":"https:\/\/schema.org","@graph":[{"@type":"WebPage","@id":"https:\/\/www.lanierpharma.com\/en\/product\/inmunizat-infantil\/","url":"https:\/\/www.lanierpharma.com\/en\/product\/inmunizat-infantil\/","name":"Inmunizat Infantil - Refuerzo Inmunitario para Ni\u00f1os - Lanierpharma","isPartOf":{"@id":"https:\/\/www.lanierpharma.com\/en\/#website"},"primaryImageOfPage":{"@id":"https:\/\/www.lanierpharma.com\/en\/product\/inmunizat-infantil\/#primaryimage"},"image":{"@id":"https:\/\/www.lanierpharma.com\/en\/product\/inmunizat-infantil\/#primaryimage"},"thumbnailUrl":"https:\/\/www.lanierpharma.com\/wp-content\/uploads\/Inmunizat-Infantil-2.jpg","datePublished":"2026-01-09T16:00:40+00:00","dateModified":"2026-03-15T21:27:03+00:00","description":"INMUNIZAT Infantil es un complemento alimenticio que por su acci\u00f3n inmunomoduladora est\u00e1 especialmente indicado en la prevenci\u00f3n y tratamiento de infecciones por virus y bacterias en ni\u00f1os. Fortalece el sistema inmune de los m\u00e1s peque\u00f1os de la casa. \u00a1Entra!","breadcrumb":{"@id":"https:\/\/www.lanierpharma.com\/en\/product\/inmunizat-infantil\/#breadcrumb"},"inLanguage":"en-GB","potentialAction":[{"@type":"ReadAction","target":["https:\/\/www.lanierpharma.com\/en\/product\/inmunizat-infantil\/"]}]},{"@type":"ImageObject","inLanguage":"en-GB","@id":"https:\/\/www.lanierpharma.com\/en\/product\/inmunizat-infantil\/#primaryimage","url":"https:\/\/www.lanierpharma.com\/wp-content\/uploads\/Inmunizat-Infantil-2.jpg","contentUrl":"https:\/\/www.lanierpharma.com\/wp-content\/uploads\/Inmunizat-Infantil-2.jpg","width":1000,"height":1000},{"@type":"BreadcrumbList","@id":"https:\/\/www.lanierpharma.com\/en\/product\/inmunizat-infantil\/#breadcrumb","itemListElement":[{"@type":"ListItem","position":1,"name":"Portada","item":"https:\/\/www.lanierpharma.com\/"},{"@type":"ListItem","position":2,"name":"Productos","item":"https:\/\/www.lanierpharma.com\/shop\/"},{"@type":"ListItem","position":3,"name":"Inmunizat Infantil"}]},{"@type":"WebSite","@id":"https:\/\/www.lanierpharma.com\/en\/#website","url":"https:\/\/www.lanierpharma.com\/en\/","name":"Lanierpharma","description":"Empresa farmac\u00e9utica especializada en la investigaci\u00f3n, desarrollo y comercializaci\u00f3n de nutrac\u00e9uticos","potentialAction":[{"@type":"SearchAction","target":{"@type":"EntryPoint","urlTemplate":"https:\/\/www.lanierpharma.com\/en\/?s={search_term_string}"},"query-input":{"@type":"PropertyValueSpecification","valueRequired":true,"valueName":"search_term_string"}}],"inLanguage":"en-GB"}]}},"_links":{"self":[{"href":"https:\/\/www.lanierpharma.com\/en\/wp-json\/wp\/v2\/product\/12009","targetHints":{"allow":["GET"]}}],"collection":[{"href":"https:\/\/www.lanierpharma.com\/en\/wp-json\/wp\/v2\/product"}],"about":[{"href":"https:\/\/www.lanierpharma.com\/en\/wp-json\/wp\/v2\/types\/product"}],"replies":[{"embeddable":true,"href":"https:\/\/www.lanierpharma.com\/en\/wp-json\/wp\/v2\/comments?post=12009"}],"wp:featuredmedia":[{"embeddable":true,"href":"https:\/\/www.lanierpharma.com\/en\/wp-json\/wp\/v2\/media\/13283"}],"wp:attachment":[{"href":"https:\/\/www.lanierpharma.com\/en\/wp-json\/wp\/v2\/media?parent=12009"}],"wp:term":[{"taxonomy":"product_brand","embeddable":true,"href":"https:\/\/www.lanierpharma.com\/en\/wp-json\/wp\/v2\/product_brand?post=12009"},{"taxonomy":"product_cat","embeddable":true,"href":"https:\/\/www.lanierpharma.com\/en\/wp-json\/wp\/v2\/product_cat?post=12009"},{"taxonomy":"product_tag","embeddable":true,"href":"https:\/\/www.lanierpharma.com\/en\/wp-json\/wp\/v2\/product_tag?post=12009"}],"curies":[{"name":"wp","href":"https:\/\/api.w.org\/{rel}","templated":true}]}}