{"id":443,"date":"2021-12-27T10:59:30","date_gmt":"2021-12-27T10:59:30","guid":{"rendered":"https:\/\/dev.lanierpharma.com\/?page_id=443"},"modified":"2026-04-07T16:18:09","modified_gmt":"2026-04-07T14:18:09","slug":"investigacion-y-desarollo","status":"publish","type":"page","link":"https:\/\/www.lanierpharma.com\/en\/investigacion-y-desarollo\/","title":{"rendered":"R+D+i"},"content":{"rendered":"<div class=\"wpb-content-wrapper\"><div class=\"vc_row wpb_row vc_row-fluid vc_custom_1765560273462 vc_row-has-fill vc_column-gap-40 reverse-mob-true reverse-tab-land-true\" >\n\t<div class=\"container et-clearfix\">\n\t\t<div class=\"wpb_column vc_column_container vc_col-sm-12 text-align-none\" >\n\t<div class=\"vc_column-inner vci\" >\n\t\t<div class=\"wpb_wrapper\">\n\t\t\t<h2 class=\"et-heading text-align-left highlight-false icon-position-left\" id=\"et-heading-840253\" ><span class=\"text-wrapper\"><span class=\"text\">R+D+i<\/span><span class=\"curtain\"><\/span><\/span><\/h2>\n<div class=\"wpb_text_column wpb_content_element\"  data-del=\"0\">\n\t<div class=\"wpb_wrapper\">\n\t\t<p><span style=\"font-weight: 400; font-size: 16px;\">Each of our products is the result of a meticulous research and development process led by a Scientific Committee composed of <b>highly respected professionals recognized for excellence in their respective fields<\/b>.<\/span><\/p>\n<p><span style=\"font-weight: 400; font-size: 16px;\">Nuestro equipo multidisciplinar lleva a cabo una evaluaci\u00f3n sistem\u00e1tica de la literatura cient\u00edfica m\u00e1s actual, mediante la revisi\u00f3n de bases de datos biom\u00e9dicas internacionales y el an\u00e1lisis cr\u00edtico de ensayos cl\u00ednicos, metaan\u00e1lisis y revisiones sistem\u00e1ticas. Cada ingrediente activo se selecciona tras valorar la calidad metodol\u00f3gica y la relevancia cl\u00ednica de la evidencia disponible, garantizando as\u00ed formulaciones coherentes, eficaces y respaldadas por datos cient\u00edficos s\u00f3lidos.<\/span><\/p>\n<p><span style=\"font-weight: 400; font-size: 16px;\">The work of the Scientific Committee is governed by strict <b>principles of independence, transparency and responsibility<\/b>. Thanks to their high level of qualification, clinical and academic experience, and their ability to integrate knowledge from different biomedical disciplines, Lanier Pharma develops solutions that address the real needs of healthcare professionals and patients<\/span><\/p>\n\t<\/div>\n<\/div>\n\n\t\t<\/div>\n\t\t<div class=\"col-back\">\n\t\t\t\t\t<\/div>\n\t<\/div>\n<\/div>\t<\/div>\n\t<div class=\"row-back\">\n\t\t\t\t\t<\/div>\n<\/div><div data-color=\"#edf4f6\" class=\"vc_row wpb_row vc_row-fluid vc_custom_1644578474806 vc_row-has-fill vc_column-gap-24 vc-row-427400\" >\n\t<div class=\"container et-clearfix\">\n\t\t<div class=\"wpb_column vc_column_container vc_col-sm-12 text-align-none\" >\n\t<div class=\"vc_column-inner vci\" >\n\t\t<div class=\"wpb_wrapper\">\n\t\t\t<div id=\"et-icon-box-container-231536\" class=\"columns-3 et-icon-box-container gap-true guides-false border-false content-alignment-center top\" data-animation=\"appear\"><div id=\"et-icon-box-910170\" class=\"et-icon-box vci icon-position-top icon-alignment-center animation-transform medium shadow\" data-color=\"#ffffff\" data-effect=\"transform\"><div class=\"before\"><\/div><div class=\"et-icon-box-inner et-clearfix medium\"><div class=\"et-icon medium\"><?xml version=\"1.0\" encoding=\"UTF-8\" standalone=\"no\"?> <svg xmlns=\"http:\/\/www.w3.org\/2000\/svg\" version=\"1.0\" width=\"500.000000pt\" height=\"500.000000pt\" viewbox=\"0 0 500.000000 500.000000\" preserveaspectratio=\"xMidYMid meet\"><g transform=\"translate(0.000000,500.000000) scale(0.100000,-0.100000)\" fill=\"#000000\" stroke=\"none\"><path d=\"M2195 4644 c-190 -26 -230 -35 -360 -79 -158 -53 -261 -122 -318 -212 -105 -166 -163 -651 -111 -923 26 -140 79 -255 152 -327 45 -45 52 -58 52 -91 0 -59 36 -186 74 -266 42 -86 126 -188 195 -236 47 -33 50 -37 44 -70 -3 -19 -11 -51 -17 -70 l-11 -35 -235 -6 c-209 -5 -246 -9 -330 -32 -371 -99 -632 -337 -716 -652 -17 -64 -19 -113 -19 -531 0 -440 1 -463 19 -483 l19 -21 1738 0 1738 0 21 27 c22 28 22 29 17 488 -4 498 -6 512 -66 649 -105 240 -364 442 -670 523 -86 23 -119 26 -329 31 -261 5 -240 -2 -261 87 -12 49 -12 50 16 69 165 119 259 290 279 506 7 67 11 78 42 110 37 39 110 180 141 277 40 126 54 252 48 437 -9 268 -49 406 -158 536 -108 130 -281 220 -521 271 -90 19 -394 34 -473 23z m466 -162 c242 -57 405 -164 482 -317 42 -85 60 -185 65 -365 3 -127 0 -186 -12 -255 -25 -135 -76 -271 -76 -205 -1 144 -38 479 -61 548 -23 71 -65 65 -394 -58 -282 -105 -316 -114 -455 -114 -101 0 -122 3 -177 26 -81 34 -146 79 -211 147 -41 42 -59 54 -83 54 -44 0 -65 -28 -93 -124 -34 -120 -46 -217 -46 -385 0 -82 -4 -143 -9 -140 -16 10 -51 159 -62 266 -15 148 2 371 43 545 26 112 47 162 89 209 58 67 260 150 424 175 44 7 87 14 95 16 8 2 101 2 205 0 144 -3 211 -8 276 -23z m282 -724 c21 -83 31 -248 31 -518 1 -295 0 -307 -23 -378 -58 -177 -208 -307 -395 -343 -67 -12 -313 -11 -378 2 -191 40 -360 204 -412 400 -20 78 -32 605 -16 719 6 46 14 88 16 92 3 5 34 -12 68 -37 183 -130 374 -154 636 -80 47 14 166 56 265 94 99 39 185 70 191 71 7 0 14 -10 17 -22z m-788 -1374 c37 -8 115 -14 205 -14 131 0 192 5 287 26 31 6 32 5 47 -47 19 -64 36 -45 -172 -203 l-154 -117 -75 58 c-41 32 -116 90 -166 129 -99 76 -98 74 -76 157 8 30 14 37 27 32 9 -3 44 -13 77 -21z m-69 -310 c90 -70 168 -132 173 -138 6 -7 -35 -65 -124 -174 -113 -136 -136 -160 -143 -145 -16 29 -262 574 -262 578 0 3 43 5 96 5 l96 0 164 -126z m914 117 c0 -18 -257 -581 -265 -580 -5 0 -23 18 -40 39 -16 22 -74 94 -129 160 -93 114 -98 122 -80 135 11 7 89 68 174 134 l155 121 93 -1 c50 -1 92 -4 92 -8z m-1410 -28 c11 -24 186 -409 240 -528 105 -231 107 -235 152 -235 36 0 42 6 207 210 74 91 145 177 159 192 l24 27 88 -109 c253 -311 261 -320 293 -320 17 0 38 7 47 15 9 8 92 186 185 395 l169 380 46 0 c26 0 72 -5 103 -11 l57 -12 0 -283 0 -284 -47 0 c-69 -1 -131 -35 -167 -94 -27 -43 -30 -57 -34 -156 -2 -59 -1 -165 3 -235 l7 -127 34 -14 c41 -17 111 -18 144 -1 58 29 49 111 -15 123 l-35 6 0 159 c0 209 -9 199 178 199 193 0 182 11 182 -196 l0 -164 -29 0 c-60 0 -83 -81 -33 -120 23 -19 37 -21 94 -18 112 6 110 -1 106 274 l-3 232 -30 43 c-37 52 -91 81 -162 87 l-53 4 0 260 0 259 23 -6 c38 -12 150 -76 209 -122 81 -61 162 -157 203 -238 68 -133 68 -137 72 -592 l4 -413 -545 -1 c-300 0 -577 0 -616 0 -38 0 -532 0 -1096 0 l-1026 1 4 418 4 417 26 73 c66 178 187 315 368 414 36 20 75 39 88 43 l22 6 0 -289 0 -289 -44 -17 c-55 -21 -113 -78 -146 -142 -36 -71 -35 -188 2 -260 95 -182 336 -214 472 -63 73 81 95 190 60 293 -21 62 -101 149 -159 173 l-45 18 0 312 0 311 53 10 c28 5 73 10 98 11 41 1 47 -2 59 -26z m-202 -773 c91 -56 97 -182 12 -253 -108 -92 -263 12 -236 157 8 39 48 93 80 106 39 16 110 11 144 -10z\"><\/path><\/g><\/svg> <\/div><div class=\"et-icon-content\"><h4 class=\"et-icon-box-title default\">Identification of Clinical Needs<\/h4><p class=\"et-icon-box-content\"><span style=\"font-weight: 400;\">Based on the <strong>clinical experience<\/strong> of our Scientific Committee and the latest <strong>scientific evidence<\/strong> we identify opportunities where a new formulation can make a meaningful difference in patient health.<\/span><\/p><\/div><\/div><\/div><div id=\"et-icon-box-585028\" class=\"et-icon-box vci icon-position-top icon-alignment-center animation-transform medium shadow\" data-color=\"#ffffff\" data-effect=\"transform\"><div class=\"before\"><\/div><div class=\"et-icon-box-inner et-clearfix medium\"><div class=\"et-icon medium\"><?xml version=\"1.0\" encoding=\"UTF-8\" standalone=\"no\"?> <svg xmlns=\"http:\/\/www.w3.org\/2000\/svg\" version=\"1.0\" width=\"500.000000pt\" height=\"500.000000pt\" viewbox=\"0 0 500.000000 500.000000\" preserveaspectratio=\"xMidYMid meet\"><g transform=\"translate(0.000000,500.000000) scale(0.100000,-0.100000)\" fill=\"#000000\" stroke=\"none\"><path d=\"M3960 4652 c0 -4 -32 -18 -71 -32 -39 -13 -101 -45 -138 -71 -36 -26 -264 -246 -511 -493 -244 -245 -447 -446 -451 -446 -4 0 -12 7 -19 14 -6 8 -31 22 -55 32 -81 31 -163 2 -228 -79 -38 -47 -49 -134 -23 -188 9 -19 226 -244 484 -501 508 -507 497 -498 594 -484 55 8 98 34 134 81 49 64 45 174 -8 248 -11 15 38 68 448 480 254 254 475 482 491 507 16 25 43 79 59 120 15 41 31 77 34 80 8 7 6 240 -2 240 -3 0 -13 22 -21 49 -53 180 -241 368 -424 422 -24 7 -43 16 -43 21 0 4 -56 8 -125 8 -69 0 -125 -3 -125 -8z\"><\/path><path d=\"M1603 2128 c-413 -414 -762 -771 -776 -794 -57 -92 -139 -346 -193 -594 -15 -69 -31 -126 -35 -128 -5 -2 -9 -18 -9 -35 0 -29 3 -32 28 -31 16 0 33 3 38 6 5 4 81 22 169 42 189 42 439 121 527 167 54 28 167 137 823 791 l760 758 -285 285 c-157 157 -287 285 -290 285 -3 0 -343 -339 -757 -752z\"><\/path><\/g><\/svg> <\/div><div class=\"et-icon-content\"><h4 class=\"et-icon-box-title default\">Formula Design and Ingredient Selection<\/h4><p class=\"et-icon-box-content\"><span style=\"font-weight: 400;\">We conduct an in-depth analysis of each proposal and select raw materials supported by <strong>scientific evidence, with high bioavailability and maximum purity.<\/strong><\/span><\/p><\/div><\/div><\/div><div id=\"et-icon-box-950783\" class=\"et-icon-box vci icon-position-top icon-alignment-center animation-transform medium shadow\" data-color=\"#ffffff\" data-effect=\"transform\"><div class=\"before\"><\/div><div class=\"et-icon-box-inner et-clearfix medium\"><div class=\"et-icon medium\"><?xml version=\"1.0\" encoding=\"UTF-8\" standalone=\"no\"?> <svg xmlns=\"http:\/\/www.w3.org\/2000\/svg\" version=\"1.0\" width=\"500.000000pt\" height=\"500.000000pt\" viewbox=\"0 0 500.000000 500.000000\" preserveaspectratio=\"xMidYMid meet\"><g transform=\"translate(0.000000,500.000000) scale(0.100000,-0.100000)\" fill=\"#000000\" stroke=\"none\"><path d=\"M2535 4116 c-146 -29 -204 -59 -525 -274 -944 -634 -1320 -890 -1364 -930 -334 -296 -369 -818 -78 -1157 122 -142 309 -244 502 -275 90 -14 98 -13 111 11 17 33 -7 49 -92 60 -242 33 -457 187 -568 407 -55 109 -76 202 -75 337 0 177 45 318 144 449 82 110 90 115 758 564 78 52 144 93 146 91 2 -2 124 -185 270 -407 147 -222 274 -406 282 -409 18 -6 44 14 44 35 0 8 -114 186 -253 396 -139 210 -261 392 -269 406 -17 25 -16 25 50 70 417 284 688 463 739 489 154 77 355 98 517 52 135 -38 229 -93 331 -196 103 -103 159 -197 196 -330 29 -104 31 -276 5 -379 -53 -201 -178 -368 -358 -479 -71 -44 -88 -68 -68 -92 19 -23 33 -19 127 44 191 128 314 296 369 506 28 105 26 313 -4 418 -82 289 -298 503 -587 581 -83 23 -263 29 -350 12z\"><\/path><path d=\"M2120 3606 c-323 -218 -348 -240 -301 -266 18 -9 60 16 328 195 170 114 316 216 325 227 21 23 9 58 -20 58 -9 -1 -159 -97 -332 -214z\"><\/path><path d=\"M3144 3655 c-4 -9 9 -47 30 -88 84 -166 85 -346 5 -511 -52 -106 -117 -169 -314 -301 -158 -107 -176 -122 -173 -144 6 -48 35 -37 214 84 180 122 265 198 318 289 80 136 106 322 67 475 -28 113 -79 205 -114 209 -18 2 -29 -2 -33 -13z\"><\/path><path d=\"M1146 2949 c-171 -115 -313 -214 -317 -221 -22 -35 37 -63 70 -35 9 8 145 101 303 206 158 106 292 199 298 206 17 21 3 55 -23 54 -12 0 -161 -94 -331 -210z\"><\/path><path d=\"M1875 2510 c-76 -11 -201 -58 -279 -104 -71 -42 -190 -150 -243 -221 -42 -56 -132 -235 -118 -235 3 0 -2 -17 -9 -37 -20 -52 -28 -131 -26 -239 1 -118 13 -177 57 -298 27 -75 133 -225 207 -292 67 -61 191 -144 216 -144 6 0 29 -9 50 -19 97 -47 84 -46 1195 -46 l1050 0 76 27 c188 65 312 155 428 311 56 75 111 191 125 263 2 10 9 47 16 81 8 40 11 107 7 185 -8 188 -59 323 -175 468 -75 93 -142 151 -240 207 -99 56 -153 74 -277 93 -71 11 -1986 11 -2060 0z m982 -67 l22 -5 0 -739 c-1 -724 -1 -739 -20 -750 -13 -7 -172 -9 -482 -7 -447 4 -465 5 -547 27 -192 53 -348 170 -452 342 -35 57 -82 180 -96 252 -14 65 -7 240 12 311 61 228 219 420 420 505 59 26 172 59 216 64 56 6 903 6 927 0z m1076 -8 c123 -24 178 -46 282 -113 166 -107 301 -309 332 -499 15 -91 8 -233 -15 -316 -76 -269 -271 -465 -538 -539 -75 -21 -102 -22 -529 -25 -247 -2 -465 -1 -482 2 l-33 6 0 744 c0 700 1 744 18 748 9 3 214 5 455 5 336 1 454 -2 510 -13z\"><\/path><path d=\"M1944 2246 c-3 -8 -4 -23 -2 -33 3 -17 26 -18 394 -21 332 -2 393 0 403 12 9 11 10 20 1 35 -11 21 -17 21 -401 21 -330 0 -390 -2 -395 -14z\"><\/path><path d=\"M1392 1713 c-5 -10 -6 -49 -1 -89 27 -249 198 -455 442 -537 58 -19 89 -21 480 -24 314 -3 422 -1 433 8 22 18 17 48 -10 59 -13 5 -201 9 -417 9 -408 1 -435 3 -533 46 -179 77 -325 293 -326 481 0 22 -5 45 -12 52 -17 17 -46 15 -56 -5z\"><\/path><path d=\"M3120 2245 c-6 -8 -9 -23 -5 -35 6 -20 12 -20 400 -20 388 0 394 0 400 20 16 49 10 50 -400 50 -322 0 -384 -2 -395 -15z\"><\/path><path d=\"M4382 1718 c-6 -6 -12 -28 -12 -48 0 -64 -39 -192 -79 -260 -72 -121 -191 -213 -330 -254 -46 -14 -115 -16 -447 -16 -231 0 -403 -4 -418 -10 -29 -11 -34 -41 -12 -59 11 -9 120 -11 428 -9 l413 4 83 27 c105 36 221 114 286 192 90 111 150 270 144 382 -3 49 -6 58 -23 61 -11 1 -26 -3 -33 -10z\"><\/path><path d=\"M673 1993 c-24 -9 -13 -46 28 -100 78 -100 219 -188 345 -214 68 -14 94 -9 94 19 0 27 -16 38 -87 56 -109 27 -180 70 -270 162 -80 83 -86 87 -110 77z\"><\/path><\/g><\/svg> <\/div><div class=\"et-icon-content\"><h4 class=\"et-icon-box-title default\">Galenic Development and Product Optimization<\/h4><p class=\"et-icon-box-content\"><span style=\"font-weight: 400;\">A good formulation is only effective if it is properly delivered to the body. For this reason, we carefully study <strong>the most appropriate dosage form<\/strong> and select the optimal excipients to ensure stability and tolerability.<\/span><\/p><\/div><\/div><\/div><\/div>\t\t<\/div>\n\t\t<div class=\"col-back\">\n\t\t\t\t\t<\/div>\n\t<\/div>\n<\/div>\t<\/div>\n\t<div class=\"row-back\">\n\t\t\t\t\t<\/div>\n<\/div>\n<\/div>","protected":false},"excerpt":{"rendered":"I+D+i Cada uno de nuestros productos es el resultado de un meticuloso proceso de investigaci\u00f3n y desarrollo dirigido por un Comit\u00e9 Cient\u00edfico compuesto por profesionales de excelencia reconocida en sus respectivas disciplinas. Nuestro equipo multidisciplinar lleva a cabo una evaluaci\u00f3n sistem\u00e1tica de la literatura cient\u00edfica m\u00e1s actual, mediante la revisi\u00f3n de bases de datos biom\u00e9dicas [...]","protected":false},"author":1,"featured_media":0,"parent":0,"menu_order":0,"comment_status":"closed","ping_status":"closed","template":"page-vc.php","meta":{"footnotes":""},"class_list":["post-443","page","type-page","status-publish","hentry"],"yoast_head":"<!-- This site is optimized with the Yoast SEO plugin v26.6 - https:\/\/yoast.com\/wordpress\/plugins\/seo\/ -->\n<title>I+D+i - Lanierpharma<\/title>\n<meta name=\"robots\" content=\"index, follow, max-snippet:-1, max-image-preview:large, max-video-preview:-1\" \/>\n<link rel=\"canonical\" href=\"https:\/\/www.lanierpharma.com\/en\/investigacion-y-desarollo\/\" \/>\n<meta property=\"og:locale\" content=\"en_GB\" \/>\n<meta property=\"og:type\" content=\"article\" \/>\n<meta property=\"og:title\" content=\"I+D+i - Lanierpharma\" \/>\n<meta property=\"og:url\" content=\"https:\/\/www.lanierpharma.com\/en\/investigacion-y-desarollo\/\" \/>\n<meta property=\"og:site_name\" content=\"Lanierpharma\" \/>\n<meta property=\"article:publisher\" content=\"https:\/\/www.facebook.com\/lanierpharma\" \/>\n<meta property=\"article:modified_time\" content=\"2026-04-07T14:18:09+00:00\" \/>\n<meta name=\"twitter:card\" content=\"summary_large_image\" \/>\n<meta name=\"twitter:site\" content=\"@LanierPharma\" \/>\n<meta name=\"twitter:label1\" content=\"Est. reading time\" \/>\n\t<meta name=\"twitter:data1\" content=\"3 minutes\" \/>\n<script type=\"application\/ld+json\" class=\"yoast-schema-graph\">{\"@context\":\"https:\/\/schema.org\",\"@graph\":[{\"@type\":\"WebPage\",\"@id\":\"https:\/\/www.lanierpharma.com\/en\/investigacion-y-desarollo\/\",\"url\":\"https:\/\/www.lanierpharma.com\/en\/investigacion-y-desarollo\/\",\"name\":\"I+D+i - Lanierpharma\",\"isPartOf\":{\"@id\":\"https:\/\/www.lanierpharma.com\/en\/#website\"},\"datePublished\":\"2021-12-27T10:59:30+00:00\",\"dateModified\":\"2026-04-07T14:18:09+00:00\",\"breadcrumb\":{\"@id\":\"https:\/\/www.lanierpharma.com\/en\/investigacion-y-desarollo\/#breadcrumb\"},\"inLanguage\":\"en-GB\",\"potentialAction\":[{\"@type\":\"ReadAction\",\"target\":[\"https:\/\/www.lanierpharma.com\/en\/investigacion-y-desarollo\/\"]}]},{\"@type\":\"BreadcrumbList\",\"@id\":\"https:\/\/www.lanierpharma.com\/en\/investigacion-y-desarollo\/#breadcrumb\",\"itemListElement\":[{\"@type\":\"ListItem\",\"position\":1,\"name\":\"Portada\",\"item\":\"https:\/\/www.lanierpharma.com\/\"},{\"@type\":\"ListItem\",\"position\":2,\"name\":\"I+D+i\"}]},{\"@type\":\"WebSite\",\"@id\":\"https:\/\/www.lanierpharma.com\/en\/#website\",\"url\":\"https:\/\/www.lanierpharma.com\/en\/\",\"name\":\"Lanierpharma\",\"description\":\"Empresa farmac\u00e9utica especializada en la investigaci\u00f3n, desarrollo y comercializaci\u00f3n de nutrac\u00e9uticos\",\"potentialAction\":[{\"@type\":\"SearchAction\",\"target\":{\"@type\":\"EntryPoint\",\"urlTemplate\":\"https:\/\/www.lanierpharma.com\/en\/?s={search_term_string}\"},\"query-input\":{\"@type\":\"PropertyValueSpecification\",\"valueRequired\":true,\"valueName\":\"search_term_string\"}}],\"inLanguage\":\"en-GB\"}]}<\/script>\n<!-- \/ Yoast SEO plugin. -->","yoast_head_json":{"title":"I+D+i - Lanierpharma","robots":{"index":"index","follow":"follow","max-snippet":"max-snippet:-1","max-image-preview":"max-image-preview:large","max-video-preview":"max-video-preview:-1"},"canonical":"https:\/\/www.lanierpharma.com\/en\/investigacion-y-desarollo\/","og_locale":"en_GB","og_type":"article","og_title":"I+D+i - Lanierpharma","og_url":"https:\/\/www.lanierpharma.com\/en\/investigacion-y-desarollo\/","og_site_name":"Lanierpharma","article_publisher":"https:\/\/www.facebook.com\/lanierpharma","article_modified_time":"2026-04-07T14:18:09+00:00","twitter_card":"summary_large_image","twitter_site":"@LanierPharma","twitter_misc":{"Est. reading time":"3 minutes"},"schema":{"@context":"https:\/\/schema.org","@graph":[{"@type":"WebPage","@id":"https:\/\/www.lanierpharma.com\/en\/investigacion-y-desarollo\/","url":"https:\/\/www.lanierpharma.com\/en\/investigacion-y-desarollo\/","name":"I+D+i - Lanierpharma","isPartOf":{"@id":"https:\/\/www.lanierpharma.com\/en\/#website"},"datePublished":"2021-12-27T10:59:30+00:00","dateModified":"2026-04-07T14:18:09+00:00","breadcrumb":{"@id":"https:\/\/www.lanierpharma.com\/en\/investigacion-y-desarollo\/#breadcrumb"},"inLanguage":"en-GB","potentialAction":[{"@type":"ReadAction","target":["https:\/\/www.lanierpharma.com\/en\/investigacion-y-desarollo\/"]}]},{"@type":"BreadcrumbList","@id":"https:\/\/www.lanierpharma.com\/en\/investigacion-y-desarollo\/#breadcrumb","itemListElement":[{"@type":"ListItem","position":1,"name":"Portada","item":"https:\/\/www.lanierpharma.com\/"},{"@type":"ListItem","position":2,"name":"I+D+i"}]},{"@type":"WebSite","@id":"https:\/\/www.lanierpharma.com\/en\/#website","url":"https:\/\/www.lanierpharma.com\/en\/","name":"Lanierpharma","description":"Empresa farmac\u00e9utica especializada en la investigaci\u00f3n, desarrollo y comercializaci\u00f3n de nutrac\u00e9uticos","potentialAction":[{"@type":"SearchAction","target":{"@type":"EntryPoint","urlTemplate":"https:\/\/www.lanierpharma.com\/en\/?s={search_term_string}"},"query-input":{"@type":"PropertyValueSpecification","valueRequired":true,"valueName":"search_term_string"}}],"inLanguage":"en-GB"}]}},"_links":{"self":[{"href":"https:\/\/www.lanierpharma.com\/en\/wp-json\/wp\/v2\/pages\/443","targetHints":{"allow":["GET"]}}],"collection":[{"href":"https:\/\/www.lanierpharma.com\/en\/wp-json\/wp\/v2\/pages"}],"about":[{"href":"https:\/\/www.lanierpharma.com\/en\/wp-json\/wp\/v2\/types\/page"}],"author":[{"embeddable":true,"href":"https:\/\/www.lanierpharma.com\/en\/wp-json\/wp\/v2\/users\/1"}],"replies":[{"embeddable":true,"href":"https:\/\/www.lanierpharma.com\/en\/wp-json\/wp\/v2\/comments?post=443"}],"version-history":[{"count":25,"href":"https:\/\/www.lanierpharma.com\/en\/wp-json\/wp\/v2\/pages\/443\/revisions"}],"predecessor-version":[{"id":13813,"href":"https:\/\/www.lanierpharma.com\/en\/wp-json\/wp\/v2\/pages\/443\/revisions\/13813"}],"wp:attachment":[{"href":"https:\/\/www.lanierpharma.com\/en\/wp-json\/wp\/v2\/media?parent=443"}],"curies":[{"name":"wp","href":"https:\/\/api.w.org\/{rel}","templated":true}]}}