{"id":363,"date":"2021-12-21T12:22:25","date_gmt":"2021-12-21T12:22:25","guid":{"rendered":"https:\/\/dev.lanierpharma.com\/?page_id=363"},"modified":"2026-01-22T16:53:26","modified_gmt":"2026-01-22T15:53:26","slug":"trabaja-con-nosotros","status":"publish","type":"page","link":"https:\/\/www.lanierpharma.com\/en\/trabaja-con-nosotros\/","title":{"rendered":"Work with us"},"content":{"rendered":"<div class=\"wpb-content-wrapper\"><div data-color=\"#edf4f6\" class=\"vc_row wpb_row vc_row-fluid vc_custom_1644578474806 vc_row-has-fill vc_column-gap-24 vc-row-427400\" >\n\t<div class=\"container et-clearfix\">\n\t\t<div class=\"wpb_column vc_column_container vc_col-sm-12 text-align-none\" >\n\t<div class=\"vc_column-inner vci\" >\n\t\t<div class=\"wpb_wrapper\">\n\t\t\t<h2 class=\"et-heading text-align-left highlight-false icon-position-left\" id=\"et-heading-922729\" ><span class=\"text-wrapper\"><span class=\"text\">Join Lanier Pharma<\/span><span class=\"curtain\"><\/span><\/span><\/h2><span class=\"et-gap et-clearfix et-gap-213540\"><\/span><div id=\"et-icon-box-container-231536\" class=\"columns-3 et-icon-box-container gap-true guides-false border-false content-alignment-center top\" data-animation=\"appear\"><div id=\"et-icon-box-910170\" class=\"et-icon-box vci icon-position-top icon-alignment-center animation-transform medium shadow\" data-color=\"#ffffff\" data-effect=\"transform\"><div class=\"before\"><\/div><div class=\"et-icon-box-inner et-clearfix medium\"><div class=\"et-icon medium\"><?xml version=\"1.0\" encoding=\"UTF-8\" standalone=\"no\"?> <svg xmlns=\"http:\/\/www.w3.org\/2000\/svg\" version=\"1.0\" width=\"300.000000pt\" height=\"300.000000pt\" viewbox=\"0 0 300.000000 300.000000\" preserveaspectratio=\"xMidYMid meet\"><g transform=\"translate(0.000000,300.000000) scale(0.100000,-0.100000)\" fill=\"#000000\" stroke=\"none\"><path d=\"M1281 2987 c-13 -7 -70 -83 -127 -172 -56 -88 -147 -229 -201 -313 -214 -333 -304 -478 -309 -498 -8 -30 20 -80 54 -98 58 -32 57 -29 12 -95 -45 -68 -59 -116 -40 -150 17 -32 99 -81 135 -81 42 0 68 21 111 90 20 33 40 60 45 60 4 0 29 -11 55 -25 51 -27 84 -26 120 6 11 10 72 100 135 199 62 99 117 180 120 180 4 0 12 -15 19 -32 43 -108 183 -166 295 -124 96 37 167 157 150 256 -4 22 -5 40 -2 40 17 0 163 -122 209 -176 66 -77 141 -220 165 -314 22 -89 22 -292 -1 -379 -62 -240 -223 -426 -454 -527 l-77 -34 -177 0 c-175 0 -177 0 -207 26 -22 18 -31 35 -31 55 l0 29 -225 0 -225 0 0 -205 0 -205 690 0 c660 0 692 1 728 19 79 41 125 116 125 203 -1 57 -25 121 -59 155 -8 8 -12 18 -10 21 2 4 25 38 50 76 134 199 206 507 165 708 -40 200 -66 274 -139 402 -70 121 -216 274 -335 350 -70 45 -179 96 -202 96 -30 0 -69 -35 -108 -96 l-35 -54 -60 0 c-33 0 -60 4 -60 9 0 4 8 19 18 32 9 13 22 33 29 44 7 11 37 59 68 108 71 112 73 141 13 191 -42 35 -287 194 -340 222 -33 17 -56 18 -87 1z m373 -757 c25 -9 56 -56 56 -84 0 -8 -12 -28 -26 -45 -49 -59 -130 -33 -141 45 -5 36 -2 43 27 67 34 29 46 32 84 17z m551 -1455 c33 -32 33 -75 -1 -109 -35 -34 -68 -33 -105 3 -36 36 -37 60 -3 100 33 39 74 41 109 6z\"><\/path><path d=\"M495 1150 c-24 -27 -25 -85 -2 -108 16 -16 60 -17 550 -19 415 -2 538 0 557 10 32 16 41 88 14 118 -16 18 -40 19 -559 19 -534 0 -542 0 -560 -20z\"><\/path><path d=\"M765 378 c-110 -38 -194 -103 -244 -192 -22 -39 -51 -134 -51 -168 0 -17 39 -18 820 -18 581 0 826 3 844 11 46 21 57 69 54 229 l-3 145 -695 2 c-457 1 -705 -2 -725 -9z\"><\/path><\/g><\/svg> <\/div><div class=\"et-icon-content\"><h4 class=\"et-icon-box-title default\">Lanier Pharma<\/h4><p class=\"et-icon-box-content\"><\/p>\n<section class=\"elementor-section elementor-inner-section elementor-element elementor-element-054fe46 elementor-section-boxed elementor-section-height-default elementor-section-height-default\" data-id=\"054fe46\" data-element_type=\"section\">\n<div class=\"elementor-container elementor-column-gap-default\">\n<div class=\"elementor-column elementor-col-50 elementor-inner-column elementor-element elementor-element-538643c\" data-id=\"538643c\" data-element_type=\"column\">\n<div class=\"elementor-widget-wrap elementor-element-populated\">\n<div class=\"elementor-element elementor-element-0e771f5 elementor-widget elementor-widget-text-editor\" data-id=\"0e771f5\" data-element_type=\"widget\" data-widget_type=\"text-editor.default\">\n<div class=\"elementor-widget-container\">\n<p>We are a company dedicated to <strong>the research, development and commercialization of nutraceuticals<\/strong> within the European Union. Every day we work with a clear goal: to offer safe, effective, and evidence-based solutions that improve people\u2019s health and well-being<\/p>\n<\/div>\n<\/div>\n<\/div>\n<\/div>\n<\/div>\n<\/section>\n<p><\/p><\/div><\/div><\/div><div id=\"et-icon-box-273637\" class=\"et-icon-box vci icon-position-top icon-alignment-center animation-transform medium shadow\" data-color=\"#ffffff\" data-effect=\"transform\"><div class=\"before\"><\/div><div class=\"et-icon-box-inner et-clearfix medium\"><div class=\"et-icon medium\"><?xml version=\"1.0\" encoding=\"UTF-8\" standalone=\"no\"?> <svg xmlns=\"http:\/\/www.w3.org\/2000\/svg\" version=\"1.0\" width=\"103.000000pt\" height=\"103.000000pt\" viewbox=\"0 0 103.000000 103.000000\" preserveaspectratio=\"xMidYMid meet\"><g transform=\"translate(0.000000,103.000000) scale(0.100000,-0.100000)\" fill=\"#000000\" stroke=\"none\"><path d=\"M93 958 l-93 -51 0 -108 0 -107 77 -44 78 -43 5 -97 c3 -53 7 -98 10 -101 3 -2 40 -23 83 -47 l77 -44 0 -96 0 -96 91 -52 92 -52 66 36 c127 71 121 62 121 168 l0 92 67 39 c38 21 72 38 78 38 6 0 40 -17 77 -38 l67 -39 3 -105 c2 -86 6 -106 18 -106 12 0 15 20 15 119 l0 118 -75 43 c-68 39 -75 46 -78 76 -4 57 -12 79 -26 79 -18 0 -26 -22 -26 -70 0 -37 -2 -40 -71 -79 l-71 -41 -69 41 -70 40 3 87 3 87 78 44 78 43 -3 72 c-2 55 -6 71 -18 71 -11 0 -16 -15 -18 -60 l-3 -60 -71 -41 -71 -41 -73 41 -74 41 0 96 0 95 -87 50 c-48 27 -89 50 -92 51 -4 2 -48 -20 -98 -49z m167 -36 l65 -38 3 -85 2 -84 -73 -41 -74 -41 -72 41 -71 41 2 84 3 85 65 38 c36 21 70 38 75 38 6 0 39 -17 75 -38z m167 -284 c70 -40 74 -44 69 -72 -3 -16 -6 -52 -6 -82 l0 -53 -70 -41 -70 -41 -70 41 c-38 22 -71 44 -73 48 -2 4 -1 43 2 87 l6 79 65 38 c36 21 67 38 69 38 2 0 37 -19 78 -42z m231 -408 l-3 -84 -69 -40 -69 -40 -74 40 -73 39 0 85 0 85 72 41 71 41 74 -41 73 -41 -2 -85z\"><\/path><path d=\"M177 913 c-16 -15 -4 -34 36 -58 50 -29 80 -33 75 -9 -4 18 -102 77 -111 67z\"><\/path><path d=\"M213 743 c-40 -23 -54 -45 -35 -57 13 -8 107 48 107 64 0 23 -26 21 -72 -7z\"><\/path><path d=\"M495 340 c-9 -15 0 -25 51 -55 43 -25 74 -28 74 -6 0 10 -97 71 -112 71 -4 0 -10 -4 -13 -10z\"><\/path><path d=\"M414 287 c-3 -8 -4 -39 -2 -68 2 -40 7 -54 18 -54 20 0 22 126 3 132 -7 3 -15 -2 -19 -10z\"><\/path><path d=\"M536 170 c-39 -25 -46 -33 -36 -45 10 -12 20 -10 63 15 52 29 66 52 37 58 -8 1 -37 -11 -64 -28z\"><\/path><path d=\"M667 924 c-14 -15 -6 -34 14 -34 14 0 19 5 17 17 -3 18 -20 27 -31 17z\"><\/path><path d=\"M830 610 c0 -11 7 -20 15 -20 8 0 15 9 15 20 0 11 -7 20 -15 20 -8 0 -15 -9 -15 -20z\"><\/path><path d=\"M837 343 c-4 -3 -7 -12 -7 -20 0 -15 26 -18 34 -4 7 11 -18 33 -27 24z\"><\/path><path d=\"M910 296 c-3 -2 -4 -41 -2 -85 3 -73 6 -81 23 -81 18 0 20 6 17 82 -2 65 -6 83 -18 86 -9 1 -18 1 -20 -2z\"><\/path><\/g><\/svg> <\/div><div class=\"et-icon-content\"><h4 class=\"et-icon-box-title default\">Scientific Innovation<\/h4><p class=\"et-icon-box-content\">La <strong>Science is at the heart of everything we do<\/strong>Each of our products is born from a thorough analysis of the available evidence and formulated to achieve maximum efficacy, using high-quality ingredients and optimal combinations that provide real value to patients and healthcare professionals.<\/p><\/div><\/div><\/div><div id=\"et-icon-box-950783\" class=\"et-icon-box vci icon-position-top icon-alignment-center animation-transform medium shadow\" data-color=\"#ffffff\" data-effect=\"transform\"><div class=\"before\"><\/div><div class=\"et-icon-box-inner et-clearfix medium\"><div class=\"et-icon medium\"><?xml version=\"1.0\" encoding=\"UTF-8\" standalone=\"no\"?> <svg xmlns=\"http:\/\/www.w3.org\/2000\/svg\" version=\"1.0\" width=\"101.000000pt\" height=\"101.000000pt\" viewbox=\"0 0 101.000000 101.000000\" preserveaspectratio=\"xMidYMid meet\"><g transform=\"translate(0.000000,101.000000) scale(0.100000,-0.100000)\" fill=\"#000000\" stroke=\"none\"><path d=\"M451 861 c-27 -27 -36 -87 -17 -116 15 -23 15 -25 -7 -36 -39 -20 -67 -52 -67 -76 l0 -23 145 0 c132 0 145 2 145 18 0 26 -27 60 -61 77 -28 15 -28 17 -14 39 21 32 10 101 -19 121 -29 21 -82 19 -105 -4z m87 -10 c7 -4 17 -24 21 -43 7 -30 4 -41 -16 -67 -31 -39 -45 -39 -75 2 -20 26 -23 39 -17 66 10 47 50 66 87 42z m49 -169 c13 -7 27 -21 33 -32 10 -19 7 -20 -115 -20 -122 0 -125 1 -115 20 6 11 22 26 36 33 31 16 130 15 161 -1z\"><\/path><path d=\"M270 674 c-50 -54 -79 -115 -87 -184 -9 -74 10 -61 29 20 17 73 62 149 104 176 26 18 32 34 10 34 -7 0 -32 -21 -56 -46z\"><\/path><path d=\"M670 715 c0 -3 18 -21 40 -41 46 -42 86 -120 96 -186 9 -65 29 -63 21 2 -8 69 -37 130 -87 184 -36 39 -70 59 -70 41z\"><\/path><path d=\"M253 470 c-44 -18 -63 -95 -32 -134 18 -23 18 -26 4 -26 -24 0 -85 -64 -85 -89 0 -20 4 -21 150 -21 146 0 150 1 150 21 0 21 -53 82 -79 90 -12 4 -11 9 2 30 18 27 10 91 -15 115 -18 18 -68 26 -95 14z m76 -34 c25 -30 21 -72 -10 -107 l-29 -34 -29 34 c-24 27 -29 40 -24 65 3 17 10 37 16 44 13 16 62 15 76 -2z m55 -169 c14 -10 26 -24 26 -32 0 -12 -21 -15 -120 -15 -131 0 -147 9 -92 48 35 26 145 25 186 -1z\"><\/path><path d=\"M683 470 c-44 -18 -63 -95 -32 -134 18 -23 18 -26 4 -26 -24 0 -85 -64 -85 -89 0 -20 4 -21 150 -21 146 0 150 1 150 21 0 21 -53 82 -79 90 -12 4 -11 10 3 31 14 22 15 33 7 66 -6 22 -17 45 -25 51 -19 16 -68 22 -93 11z m81 -42 c23 -33 20 -59 -13 -98 l-29 -35 -30 33 c-26 28 -30 39 -25 65 3 18 10 38 16 45 16 20 64 14 81 -10z m49 -160 c15 -11 27 -26 27 -34 0 -11 -23 -14 -120 -14 -101 0 -120 2 -120 15 0 48 156 72 213 33z\"><\/path><path d=\"M605 168 c-62 -21 -127 -23 -191 -3 -58 17 -64 18 -64 6 0 -17 93 -41 155 -41 59 0 149 23 160 40 10 16 -11 16 -60 -2z\"><\/path><\/g><\/svg> <\/div><div class=\"et-icon-content\"><h4 class=\"et-icon-box-title default\">Specialized Sales Team<\/h4><p class=\"et-icon-box-content\">Our <strong>people are one of our greatest assets<\/strong>. We have over 30 professionals with solid experience in the sector, working daily alongside physicians, pharmacists and other healthcare professionals in hospitals, health centers and pharmacies, bringing our solutions to where they are most needed.<\/p><\/div><\/div><\/div><\/div>\t\t<\/div>\n\t\t<div class=\"col-back\">\n\t\t\t\t\t<\/div>\n\t<\/div>\n<\/div>\t<\/div>\n\t<div class=\"row-back\">\n\t\t\t\t\t<\/div>\n<\/div><div class=\"vc_row wpb_row vc_row-fluid vc_custom_1765560273462 vc_row-has-fill vc_column-gap-40 reverse-mob-true reverse-tab-land-true\" >\n\t<div class=\"container et-clearfix\">\n\t\t<div class=\"wpb_column vc_column_container vc_col-sm-12 text-align-none\" >\n\t<div class=\"vc_column-inner vci\" >\n\t\t<div class=\"wpb_wrapper\">\n\t\t\t<span class=\"et-gap et-clearfix et-gap-213540\"><\/span><h2 class=\"et-heading text-align-left highlight-false icon-position-left\" id=\"et-heading-211443\" ><span class=\"text-wrapper\"><span class=\"text\">Want to Join Our Team?<\/span><span class=\"curtain\"><\/span><\/span><\/h2><span class=\"et-gap et-clearfix et-gap-213540\"><\/span>\n<div class=\"wpb_text_column wpb_content_element\"  data-del=\"0\">\n\t<div class=\"wpb_wrapper\">\n\t\t<p><span style=\"font-weight: 400; font-size: 16px;\">We are looking for professionals with experience in sales within the healthcare sector, excellent communication skills, results orientation, and the ability to work independently.<\/span><\/p>\n<p><span style=\"font-weight: 400; font-size: 16px;\">If you are passionate about the pharmaceutical field and want to grow in a dynamic, fast-growing environment, we would love to meet you.<\/span><\/p>\n<p><span style=\"font-weight: 400; font-size: 16px;\">Send your CV to <strong><a href=\"mailto:info@lanierpharma.com\">info@lanierpharma.com<\/a><\/strong> and take the next step in your professional career.<\/span><\/p>\n\t<\/div>\n<\/div>\n\n\t\t<\/div>\n\t\t<div class=\"col-back\">\n\t\t\t\t\t<\/div>\n\t<\/div>\n<\/div>\t<\/div>\n\t<div class=\"row-back\">\n\t\t\t\t\t<\/div>\n<\/div>\n<\/div>","protected":false},"excerpt":{"rendered":"\u00danete a Lanier Pharma Lanier Pharma Somos una compa\u00f1\u00eda dedicada a la investigaci\u00f3n, desarrollo y comercializaci\u00f3n de nutrac\u00e9uticos en la Uni\u00f3n Europea. Trabajamos cada d\u00eda con un objetivo claro: ofrecer soluciones eficaces, seguras y basadas en la evidencia cient\u00edfica para mejorar la salud y el bienestar de las personas. Innovaci\u00f3n cient\u00edficaLa ciencia es el motor [...]","protected":false},"author":1,"featured_media":0,"parent":0,"menu_order":0,"comment_status":"closed","ping_status":"closed","template":"page-vc.php","meta":{"footnotes":""},"class_list":["post-363","page","type-page","status-publish","hentry"],"yoast_head":"<!-- This site is optimized with the Yoast SEO plugin v26.6 - https:\/\/yoast.com\/wordpress\/plugins\/seo\/ -->\n<title>Trabaja con nosotros - Lanierpharma<\/title>\n<meta name=\"description\" content=\"Trabaja con nosotros - Lanierpharma\" \/>\n<meta name=\"robots\" content=\"index, follow, max-snippet:-1, max-image-preview:large, max-video-preview:-1\" \/>\n<link rel=\"canonical\" href=\"https:\/\/www.lanierpharma.com\/en\/trabaja-con-nosotros\/\" \/>\n<meta property=\"og:locale\" content=\"en_GB\" \/>\n<meta property=\"og:type\" content=\"article\" \/>\n<meta property=\"og:title\" content=\"Trabaja con nosotros - Lanierpharma\" \/>\n<meta property=\"og:description\" content=\"Trabaja con nosotros - Lanierpharma\" \/>\n<meta property=\"og:url\" content=\"https:\/\/www.lanierpharma.com\/en\/trabaja-con-nosotros\/\" \/>\n<meta property=\"og:site_name\" content=\"Lanierpharma\" \/>\n<meta property=\"article:publisher\" content=\"https:\/\/www.facebook.com\/lanierpharma\" \/>\n<meta property=\"article:modified_time\" content=\"2026-01-22T15:53:26+00:00\" \/>\n<meta name=\"twitter:card\" content=\"summary_large_image\" \/>\n<meta name=\"twitter:site\" content=\"@LanierPharma\" \/>\n<meta name=\"twitter:label1\" content=\"Est. reading time\" \/>\n\t<meta name=\"twitter:data1\" content=\"2 minutes\" \/>\n<script type=\"application\/ld+json\" class=\"yoast-schema-graph\">{\"@context\":\"https:\/\/schema.org\",\"@graph\":[{\"@type\":\"WebPage\",\"@id\":\"https:\/\/www.lanierpharma.com\/en\/trabaja-con-nosotros\/\",\"url\":\"https:\/\/www.lanierpharma.com\/en\/trabaja-con-nosotros\/\",\"name\":\"Trabaja con nosotros - Lanierpharma\",\"isPartOf\":{\"@id\":\"https:\/\/www.lanierpharma.com\/en\/#website\"},\"datePublished\":\"2021-12-21T12:22:25+00:00\",\"dateModified\":\"2026-01-22T15:53:26+00:00\",\"description\":\"Trabaja con nosotros - Lanierpharma\",\"breadcrumb\":{\"@id\":\"https:\/\/www.lanierpharma.com\/en\/trabaja-con-nosotros\/#breadcrumb\"},\"inLanguage\":\"en-GB\",\"potentialAction\":[{\"@type\":\"ReadAction\",\"target\":[\"https:\/\/www.lanierpharma.com\/en\/trabaja-con-nosotros\/\"]}]},{\"@type\":\"BreadcrumbList\",\"@id\":\"https:\/\/www.lanierpharma.com\/en\/trabaja-con-nosotros\/#breadcrumb\",\"itemListElement\":[{\"@type\":\"ListItem\",\"position\":1,\"name\":\"Portada\",\"item\":\"https:\/\/www.lanierpharma.com\/\"},{\"@type\":\"ListItem\",\"position\":2,\"name\":\"Trabaja con nosotros\"}]},{\"@type\":\"WebSite\",\"@id\":\"https:\/\/www.lanierpharma.com\/en\/#website\",\"url\":\"https:\/\/www.lanierpharma.com\/en\/\",\"name\":\"Lanierpharma\",\"description\":\"Empresa farmac\u00e9utica especializada en la investigaci\u00f3n, desarrollo y comercializaci\u00f3n de nutrac\u00e9uticos\",\"potentialAction\":[{\"@type\":\"SearchAction\",\"target\":{\"@type\":\"EntryPoint\",\"urlTemplate\":\"https:\/\/www.lanierpharma.com\/en\/?s={search_term_string}\"},\"query-input\":{\"@type\":\"PropertyValueSpecification\",\"valueRequired\":true,\"valueName\":\"search_term_string\"}}],\"inLanguage\":\"en-GB\"}]}<\/script>\n<!-- \/ Yoast SEO plugin. -->","yoast_head_json":{"title":"Trabaja con nosotros - Lanierpharma","description":"Trabaja con nosotros - Lanierpharma","robots":{"index":"index","follow":"follow","max-snippet":"max-snippet:-1","max-image-preview":"max-image-preview:large","max-video-preview":"max-video-preview:-1"},"canonical":"https:\/\/www.lanierpharma.com\/en\/trabaja-con-nosotros\/","og_locale":"en_GB","og_type":"article","og_title":"Trabaja con nosotros - Lanierpharma","og_description":"Trabaja con nosotros - Lanierpharma","og_url":"https:\/\/www.lanierpharma.com\/en\/trabaja-con-nosotros\/","og_site_name":"Lanierpharma","article_publisher":"https:\/\/www.facebook.com\/lanierpharma","article_modified_time":"2026-01-22T15:53:26+00:00","twitter_card":"summary_large_image","twitter_site":"@LanierPharma","twitter_misc":{"Est. reading time":"2 minutes"},"schema":{"@context":"https:\/\/schema.org","@graph":[{"@type":"WebPage","@id":"https:\/\/www.lanierpharma.com\/en\/trabaja-con-nosotros\/","url":"https:\/\/www.lanierpharma.com\/en\/trabaja-con-nosotros\/","name":"Trabaja con nosotros - Lanierpharma","isPartOf":{"@id":"https:\/\/www.lanierpharma.com\/en\/#website"},"datePublished":"2021-12-21T12:22:25+00:00","dateModified":"2026-01-22T15:53:26+00:00","description":"Trabaja con nosotros - Lanierpharma","breadcrumb":{"@id":"https:\/\/www.lanierpharma.com\/en\/trabaja-con-nosotros\/#breadcrumb"},"inLanguage":"en-GB","potentialAction":[{"@type":"ReadAction","target":["https:\/\/www.lanierpharma.com\/en\/trabaja-con-nosotros\/"]}]},{"@type":"BreadcrumbList","@id":"https:\/\/www.lanierpharma.com\/en\/trabaja-con-nosotros\/#breadcrumb","itemListElement":[{"@type":"ListItem","position":1,"name":"Portada","item":"https:\/\/www.lanierpharma.com\/"},{"@type":"ListItem","position":2,"name":"Trabaja con nosotros"}]},{"@type":"WebSite","@id":"https:\/\/www.lanierpharma.com\/en\/#website","url":"https:\/\/www.lanierpharma.com\/en\/","name":"Lanierpharma","description":"Empresa farmac\u00e9utica especializada en la investigaci\u00f3n, desarrollo y comercializaci\u00f3n de nutrac\u00e9uticos","potentialAction":[{"@type":"SearchAction","target":{"@type":"EntryPoint","urlTemplate":"https:\/\/www.lanierpharma.com\/en\/?s={search_term_string}"},"query-input":{"@type":"PropertyValueSpecification","valueRequired":true,"valueName":"search_term_string"}}],"inLanguage":"en-GB"}]}},"_links":{"self":[{"href":"https:\/\/www.lanierpharma.com\/en\/wp-json\/wp\/v2\/pages\/363","targetHints":{"allow":["GET"]}}],"collection":[{"href":"https:\/\/www.lanierpharma.com\/en\/wp-json\/wp\/v2\/pages"}],"about":[{"href":"https:\/\/www.lanierpharma.com\/en\/wp-json\/wp\/v2\/types\/page"}],"author":[{"embeddable":true,"href":"https:\/\/www.lanierpharma.com\/en\/wp-json\/wp\/v2\/users\/1"}],"replies":[{"embeddable":true,"href":"https:\/\/www.lanierpharma.com\/en\/wp-json\/wp\/v2\/comments?post=363"}],"version-history":[{"count":24,"href":"https:\/\/www.lanierpharma.com\/en\/wp-json\/wp\/v2\/pages\/363\/revisions"}],"predecessor-version":[{"id":12390,"href":"https:\/\/www.lanierpharma.com\/en\/wp-json\/wp\/v2\/pages\/363\/revisions\/12390"}],"wp:attachment":[{"href":"https:\/\/www.lanierpharma.com\/en\/wp-json\/wp\/v2\/media?parent=363"}],"curies":[{"name":"wp","href":"https:\/\/api.w.org\/{rel}","templated":true}]}}