{"id":359,"date":"2021-12-21T12:21:44","date_gmt":"2021-12-21T12:21:44","guid":{"rendered":"https:\/\/dev.lanierpharma.com\/?page_id=359"},"modified":"2026-01-22T16:52:11","modified_gmt":"2026-01-22T15:52:11","slug":"contacto","status":"publish","type":"page","link":"https:\/\/www.lanierpharma.com\/en\/contacto\/","title":{"rendered":"Contact"},"content":{"rendered":"<div class=\"wpb-content-wrapper\"><div class=\"vc_row wpb_row vc_row-fluid vc_column-gap-24 vc_row-o-equal-height vc_row-flex vc-row-715550\" >\n\t<div class=\"container et-clearfix\">\n\t\t<div data-color=\"#f4f5f8\" class=\"wpb_column vc_column_container vc_col-sm-12 vc_col-lg-4 vc_col-md-6 vc_col-xs-12 text-align-none vc_col-has-fill vc-column-513522\" >\n\t<div class=\"vc_column-inner vci vc_custom_1644419832094\" data-374-l=\"8\"  data-374-r=\"8\"  data-375-767-l=\"8\"  data-375-767-r=\"8\" >\n\t\t<div class=\"wpb_wrapper\">\n\t\t\t<h3 class=\"et-heading text-align-left highlight-false icon-position-left\" id=\"et-heading-388666\" ><span class=\"text-wrapper\"><span class=\"text\">Telephone Orders<\/span><span class=\"curtain\"><\/span><\/span><\/h3><p class=\"et-heading text-align-left highlight-false icon-position-left\" id=\"et-heading-442859\" ><span class=\"text-wrapper\"><span class=\"text\">Place your order conveniently by phone.<\/span><span class=\"curtain\"><\/span><\/span><\/p><span class=\"et-gap et-clearfix et-gap-950146\"><\/span><div id=\"et-icon-box-271775\" class=\"link et-icon-box vci icon-position-left icon-alignment-left animation-none small-x no-content\" data-effect=\"none\"><a href=\"tel:919311177\" target=\"_self\"><div class=\"before\"><\/div><div class=\"et-icon-box-inner et-clearfix small-x\"><div class=\"et-icon small-x\"><svg xmlns=\"http:\/\/www.w3.org\/2000\/svg\" viewbox=\"0 0 512.001 512.001\" style=\"enable-background:new 0 0 512.001 512.001\" xml:space=\"preserve\"><path d=\"M442.346 338.529c-14.194-14.326-33.11-22.212-53.275-22.212h-.062c-20.186.016-39.115 7.934-53.301 22.297l-30.374 30.753c-72.944-30.572-131.228-88.912-161.758-161.815l31.002-31.39c29.014-29.376 28.757-76.918-.573-105.979L103.173 0H97C43.514 0 0 43.514 0 97c0 56.018 10.975 110.368 32.618 161.541 20.903 49.42 50.824 93.8 88.932 131.908 38.108 38.108 82.489 68.029 131.908 88.932C304.631 501.025 358.982 512 415 512c53.486 0 97-43.514 97.001-97v-6.172l-69.655-70.299zM415 482C202.71 482 30 309.29 30 97c0-34.953 26.901-63.74 61.088-66.741l61.801 61.233c17.598 17.437 17.753 45.962.344 63.588l-44.689 45.249 3.443 9.02c33.281 87.194 102.221 156.694 189.143 190.679l11.605 4.537 44.318-44.871c8.511-8.617 19.868-13.368 31.98-13.378h.037c12.098 0 23.449 4.732 31.965 13.327l60.707 61.269C478.74 455.099 449.953 482 415 482zM437.02 74.982C388.667 26.63 324.38 0 256 0v30c124.617 0 226 101.383 226 226h30c0-68.38-26.629-132.667-74.98-181.018z\"><\/path><path d=\"M256 90v30c74.991 0 136 61.009 136 136h30c0-91.533-74.467-166-166-166z\"><\/path><\/svg> <\/div><div class=\"et-icon-content\"><h4 class=\"et-icon-box-title\">91 931 11 77<\/h4><\/div><\/div><\/a><\/div><span class=\"et-gap et-clearfix et-gap-950146\"><\/span><span class=\"et-gap et-clearfix et-gap-489300\"><\/span><div id=\"et-social-links-269236\" class=\"et-social-links styling-original-false size-medium stretching-false\"><a class=\"facebook\" href=\"https:\/\/www.facebook.com\/lanierpharma\" target=\"_blank\" title=\"facebook\"><svg xmlns=\"http:\/\/www.w3.org\/2000\/svg\" viewbox=\"0 0 512 512\"><path d=\"M288 176v-64c0-17.664 14.336-32 32-32h32V0h-64c-53.024 0-96 42.976-96 96v80h-64v80h64v256h96V256h64l32-80h-96z\"\/><\/svg><\/a><a class=\"instagram\" href=\"https:\/\/www.instagram.com\/lanier_pharma\" target=\"_blank\" title=\"instagram\"><svg xmlns=\"http:\/\/www.w3.org\/2000\/svg\" viewbox=\"0 0 512 512\"><path d=\"M352 0H160C71.648 0 0 71.648 0 160v192c0 88.352 71.648 160 160 160h192c88.352 0 160-71.648 160-160V160C512 71.648 440.352 0 352 0zm112 352c0 61.76-50.24 112-112 112H160c-61.76 0-112-50.24-112-112V160C48 98.24 98.24 48 160 48h192c61.76 0 112 50.24 112 112v192z\"\/><path d=\"M256 128c-70.688 0-128 57.312-128 128s57.312 128 128 128 128-57.312 128-128-57.312-128-128-128zm0 208c-44.096 0-80-35.904-80-80 0-44.128 35.904-80 80-80s80 35.872 80 80c0 44.096-35.904 80-80 80z\"\/><circle cx=\"393.6\" cy=\"118.4\" r=\"17.056\"\/><\/svg><\/a><a class=\"linkedin\" href=\"https:\/\/www.linkedin.com\/company\/lanier-pharma\/\" target=\"_blank\" title=\"linkedin\"><svg xmlns=\"http:\/\/www.w3.org\/2000\/svg\" viewbox=\"0 0 512 512\"><path d=\"M0 160h114.496v352H0zM426.368 164.128c-1.216-.384-2.368-.8-3.648-1.152a74.218 74.218 0 00-4.64-.896c-6.08-1.216-12.736-2.08-20.544-2.08-66.752 0-109.088 48.544-123.04 67.296V160H160v352h114.496V320s86.528-120.512 123.04-32v224H512V274.464c0-53.184-36.448-97.504-85.632-110.336z\"\/><circle cx=\"56\" cy=\"56\" r=\"56\"\/><\/svg><\/a><\/div>\t\t<\/div>\n\t\t<div class=\"col-back\">\n\t\t\t\t\t<\/div>\n\t<\/div>\n<\/div><div data-color=\"#f4f5f8\" class=\"form-white wpb_column vc_column_container vc_col-sm-12 vc_col-lg-8 vc_col-md-6 vc_col-xs-12 text-align-none vc_col-has-fill vc-column-850426\" >\n\t<div class=\"vc_column-inner vci vc_custom_1644419839207\" data-374-l=\"8\"  data-374-r=\"8\"  data-375-767-l=\"8\"  data-375-767-r=\"8\" >\n\t\t<div class=\"wpb_wrapper\">\n\t\t\t<div class=\"vc_row wpb_row vc_inner vc_row-fluid vc_column-gap-24 vc_row-o-content-bottom vc_row-flex vc-row-231324\"><div class=\"wpb_column vc_column_container vc_col-sm-12 vc_col-lg-8 vc_col-md-12 vc_col-xs-12\"><div class=\"vc_column-inner\"><div class=\"wpb_wrapper\"><h3 class=\"et-heading text-align-left highlight-false icon-position-left\" id=\"et-heading-830837\" ><span class=\"text-wrapper\"><span class=\"text\">Contact us<\/span><span class=\"curtain\"><\/span><\/span><\/h3><p class=\"et-heading text-align-left highlight-false icon-position-left\" id=\"et-heading-536885\" ><span class=\"text-wrapper\"><span class=\"text\">You can write to us with any inquiry. Our team will respond as soon as possible.<\/span><span class=\"curtain\"><\/span><\/span><\/p><span class=\"et-gap et-clearfix et-gap-489300\"><\/span><div class=\"wpcf7 no-js\" id=\"wpcf7-f2778-o1\" lang=\"es-ES\" dir=\"ltr\" data-wpcf7-id=\"2778\"><div class=\"screen-reader-response\"><p role=\"status\" aria-live=\"polite\" aria-atomic=\"true\"><\/p><ul><\/ul><\/div><form action=\"\/en\/wp-json\/wp\/v2\/pages\/359#wpcf7-f2778-o1\" method=\"post\" class=\"wpcf7-form init wpcf7-acceptance-as-validation\" aria-label=\"Formulario de contacto\" novalidate=\"novalidate\" data-status=\"init\" data-trp-original-action=\"\/en\/wp-json\/wp\/v2\/pages\/359#wpcf7-f2778-o1\"><fieldset class=\"hidden-fields-container\"><input type=\"hidden\" name=\"_wpcf7\" value=\"2778\" \/><input type=\"hidden\" name=\"_wpcf7_version\" value=\"6.1.2\" \/><input type=\"hidden\" name=\"_wpcf7_locale\" value=\"es_ES\" \/><input type=\"hidden\" name=\"_wpcf7_unit_tag\" value=\"wpcf7-f2778-o1\" \/><input type=\"hidden\" name=\"_wpcf7_container_post\" value=\"0\" \/><input type=\"hidden\" name=\"_wpcf7_posted_data_hash\" value=\"\" \/><input type=\"hidden\" name=\"_wpcf7_recaptcha_response\" value=\"\" \/><\/fieldset><p><label> Name<br \/><span class=\"wpcf7-form-control-wrap\" data-name=\"your-name\"><input size=\"40\" maxlength=\"400\" class=\"wpcf7-form-control wpcf7-text wpcf7-validates-as-required\" autocomplete=\"name\" aria-required=\"true\" aria-invalid=\"false\" value=\"\" type=\"text\" name=\"your-name\" \/><\/span><\/label><\/p><p><label> Email<br \/><span class=\"wpcf7-form-control-wrap\" data-name=\"your-email\"><input size=\"40\" maxlength=\"400\" class=\"wpcf7-form-control wpcf7-email wpcf7-validates-as-required wpcf7-text wpcf7-validates-as-email\" autocomplete=\"email\" aria-required=\"true\" aria-invalid=\"false\" value=\"\" type=\"email\" name=\"your-email\" \/><\/span><\/label><\/p><p><label> Subject<br \/><span class=\"wpcf7-form-control-wrap\" data-name=\"your-subject\"><input size=\"40\" maxlength=\"400\" class=\"wpcf7-form-control wpcf7-text wpcf7-validates-as-required\" aria-required=\"true\" aria-invalid=\"false\" value=\"\" type=\"text\" name=\"your-subject\" \/><\/span><\/label><\/p><p><label> Message<br \/><span class=\"wpcf7-form-control-wrap\" data-name=\"your-message\"><textarea cols=\"40\" rows=\"10\" maxlength=\"2000\" class=\"wpcf7-form-control wpcf7-textarea\" aria-invalid=\"false\" name=\"your-message\"><\/textarea><\/span><\/label><\/p><p><span class=\"wpcf7-form-control-wrap\" data-name=\"acceptance-782\"><span class=\"wpcf7-form-control wpcf7-acceptance\"><span class=\"wpcf7-list-item\"><label><input type=\"checkbox\" name=\"acceptance-782\" value=\"1\" class=\"accept-checkbox\" aria-invalid=\"false\" \/><span class=\"wpcf7-list-item-label\">I have read the <a href=\"\/en\/politica-de-privacidad\/\" target='_blank' rel='noopener'>information provided<\/a> and consent to the processing of my personal data.<\/span><\/label><\/span><\/span><\/span><\/p><span class=\"wpcf7-form-control-wrap recaptcha\" data-name=\"recaptcha\"><span data-sitekey=\"6LcjJ2ksAAAAAO3vZmG2dt5KxpulIip9PWDXkrrf\" class=\"wpcf7-form-control wpcf7-recaptcha g-recaptcha\"><\/span><noscript><div class=\"grecaptcha-noscript\"><iframe loading=\"lazy\" src=\"https:\/\/www.google.com\/recaptcha\/api\/fallback?k=6LcjJ2ksAAAAAO3vZmG2dt5KxpulIip9PWDXkrrf\" frameborder=\"0\" scrolling=\"no\" width=\"310\" height=\"430\"><\/iframe><textarea name=\"g-recaptcha-response\" rows=\"3\" cols=\"40\" placeholder=\"Aqu\u00ed la respuesta de reCAPTCHA\"><\/textarea><\/div><\/noscript><\/span><p><input class=\"wpcf7-form-control wpcf7-submit has-spinner\" type=\"submit\" value=\"Send\" \/><\/p><input type='hidden' class='wpcf7-pum' value='{\"closepopup\":false,\"closedelay\":0,\"openpopup\":false,\"openpopup_id\":0}' \/><div class=\"wpcf7-response-output\" aria-hidden=\"true\"><\/div><input type=\"hidden\" name=\"trp-form-language\" value=\"en\"\/><\/form><\/div><\/div><\/div><\/div><div class=\"text-align-right text768-1023-align-left text767-align-left wpb_column vc_column_container vc_col-sm-12 vc_col-lg-4 vc_col-md-12 vc_hidden-md vc_col-xs-12\"><div class=\"vc_column-inner\"><div class=\"wpb_wrapper\"><span class=\"et-gap et-clearfix et-gap-504948 hide1024\"><\/span><\/div><\/div><\/div><\/div><span class=\"et-gap et-clearfix et-gap-48365 hide767\"><\/span>\t\t<\/div>\n\t\t<div class=\"col-back\">\n\t\t\t\t\t<\/div>\n\t<\/div>\n<\/div>\t<\/div>\n\t<div class=\"row-back\">\n\t\t\t\t\t<\/div>\n<\/div><div class=\"vc_row wpb_row vc_row-fluid vc_column-gap-24\" >\n\t<div class=\"container et-clearfix\">\n\t\t<div class=\"wpb_column vc_column_container vc_col-sm-12 text-align-none\" >\n\t<div class=\"vc_column-inner vci\" >\n\t\t<div class=\"wpb_wrapper\">\n\t\t\t<span class=\"et-gap et-clearfix et-gap-993254\"><\/span>\t\t<\/div>\n\t\t<div class=\"col-back\">\n\t\t\t\t\t<\/div>\n\t<\/div>\n<\/div>\t<\/div>\n\t<div class=\"row-back\">\n\t\t\t\t\t<\/div>\n<\/div>\n<\/div>","protected":false},"excerpt":{"rendered":"Pedidos telef\u00f3nicosRealiza tu pedido c\u00f3modamente por tel\u00e9fono. 91 931 11 77 Contacta con nosotrosPuedes escribirnos para cualquier consulta. Nuestro equipo te responder\u00e1 a la mayor brevedad posible. Nombre Email Asunto MensajeAcepto la informaci\u00f3n facilitada y consiento el tratamiento que se efectuar\u00e1 de mis datos de car\u00e1cter personal.","protected":false},"author":1,"featured_media":0,"parent":0,"menu_order":0,"comment_status":"closed","ping_status":"closed","template":"page-vc.php","meta":{"footnotes":""},"class_list":["post-359","page","type-page","status-publish","hentry"],"yoast_head":"<!-- This site is optimized with the Yoast SEO plugin v26.6 - https:\/\/yoast.com\/wordpress\/plugins\/seo\/ -->\n<title>Contacte con nuestra empresa farmac\u00e9utica - Lanier Pharma<\/title>\n<meta name=\"description\" content=\"En Lanier Pharma somos distribuidores de suplementos alimenticios naturales tanto para particulares como para farmacias y parafarmacias. Cont\u00e1ctenos para recibir la mejor oferta de suplementaci\u00f3n y vitaminas con formulas innovadoras.\" \/>\n<meta name=\"robots\" content=\"index, follow, max-snippet:-1, max-image-preview:large, max-video-preview:-1\" \/>\n<link rel=\"canonical\" href=\"https:\/\/www.lanierpharma.com\/en\/contacto\/\" \/>\n<meta property=\"og:locale\" content=\"en_GB\" \/>\n<meta property=\"og:type\" content=\"article\" \/>\n<meta property=\"og:title\" content=\"Contacte con nuestra empresa farmac\u00e9utica - Lanier Pharma\" \/>\n<meta property=\"og:description\" content=\"En Lanier Pharma somos distribuidores de suplementos alimenticios naturales tanto para particulares como para farmacias y parafarmacias. Cont\u00e1ctenos para recibir la mejor oferta de suplementaci\u00f3n y vitaminas con formulas innovadoras.\" \/>\n<meta property=\"og:url\" content=\"https:\/\/www.lanierpharma.com\/en\/contacto\/\" \/>\n<meta property=\"og:site_name\" content=\"Lanierpharma\" \/>\n<meta property=\"article:publisher\" content=\"https:\/\/www.facebook.com\/lanierpharma\" \/>\n<meta property=\"article:modified_time\" content=\"2026-01-22T15:52:11+00:00\" \/>\n<meta name=\"twitter:card\" content=\"summary_large_image\" \/>\n<meta name=\"twitter:site\" content=\"@LanierPharma\" \/>\n<meta name=\"twitter:label1\" content=\"Est. reading time\" \/>\n\t<meta name=\"twitter:data1\" content=\"2 minutes\" \/>\n<script type=\"application\/ld+json\" class=\"yoast-schema-graph\">{\"@context\":\"https:\/\/schema.org\",\"@graph\":[{\"@type\":\"WebPage\",\"@id\":\"https:\/\/www.lanierpharma.com\/en\/contacto\/\",\"url\":\"https:\/\/www.lanierpharma.com\/en\/contacto\/\",\"name\":\"Contacte con nuestra empresa farmac\u00e9utica - Lanier Pharma\",\"isPartOf\":{\"@id\":\"https:\/\/www.lanierpharma.com\/en\/#website\"},\"datePublished\":\"2021-12-21T12:21:44+00:00\",\"dateModified\":\"2026-01-22T15:52:11+00:00\",\"description\":\"En Lanier Pharma somos distribuidores de suplementos alimenticios naturales tanto para particulares como para farmacias y parafarmacias. Cont\u00e1ctenos para recibir la mejor oferta de suplementaci\u00f3n y vitaminas con formulas innovadoras.\",\"breadcrumb\":{\"@id\":\"https:\/\/www.lanierpharma.com\/en\/contacto\/#breadcrumb\"},\"inLanguage\":\"en-GB\",\"potentialAction\":[{\"@type\":\"ReadAction\",\"target\":[\"https:\/\/www.lanierpharma.com\/en\/contacto\/\"]}]},{\"@type\":\"BreadcrumbList\",\"@id\":\"https:\/\/www.lanierpharma.com\/en\/contacto\/#breadcrumb\",\"itemListElement\":[{\"@type\":\"ListItem\",\"position\":1,\"name\":\"Portada\",\"item\":\"https:\/\/www.lanierpharma.com\/\"},{\"@type\":\"ListItem\",\"position\":2,\"name\":\"Contacto\"}]},{\"@type\":\"WebSite\",\"@id\":\"https:\/\/www.lanierpharma.com\/en\/#website\",\"url\":\"https:\/\/www.lanierpharma.com\/en\/\",\"name\":\"Lanierpharma\",\"description\":\"Empresa farmac\u00e9utica especializada en la investigaci\u00f3n, desarrollo y comercializaci\u00f3n de nutrac\u00e9uticos\",\"potentialAction\":[{\"@type\":\"SearchAction\",\"target\":{\"@type\":\"EntryPoint\",\"urlTemplate\":\"https:\/\/www.lanierpharma.com\/en\/?s={search_term_string}\"},\"query-input\":{\"@type\":\"PropertyValueSpecification\",\"valueRequired\":true,\"valueName\":\"search_term_string\"}}],\"inLanguage\":\"en-GB\"}]}<\/script>\n<!-- \/ Yoast SEO plugin. -->","yoast_head_json":{"title":"Contacte con nuestra empresa farmac\u00e9utica - Lanier Pharma","description":"En Lanier Pharma somos distribuidores de suplementos alimenticios naturales tanto para particulares como para farmacias y parafarmacias. Cont\u00e1ctenos para recibir la mejor oferta de suplementaci\u00f3n y vitaminas con formulas innovadoras.","robots":{"index":"index","follow":"follow","max-snippet":"max-snippet:-1","max-image-preview":"max-image-preview:large","max-video-preview":"max-video-preview:-1"},"canonical":"https:\/\/www.lanierpharma.com\/en\/contacto\/","og_locale":"en_GB","og_type":"article","og_title":"Contacte con nuestra empresa farmac\u00e9utica - Lanier Pharma","og_description":"En Lanier Pharma somos distribuidores de suplementos alimenticios naturales tanto para particulares como para farmacias y parafarmacias. Cont\u00e1ctenos para recibir la mejor oferta de suplementaci\u00f3n y vitaminas con formulas innovadoras.","og_url":"https:\/\/www.lanierpharma.com\/en\/contacto\/","og_site_name":"Lanierpharma","article_publisher":"https:\/\/www.facebook.com\/lanierpharma","article_modified_time":"2026-01-22T15:52:11+00:00","twitter_card":"summary_large_image","twitter_site":"@LanierPharma","twitter_misc":{"Est. reading time":"2 minutes"},"schema":{"@context":"https:\/\/schema.org","@graph":[{"@type":"WebPage","@id":"https:\/\/www.lanierpharma.com\/en\/contacto\/","url":"https:\/\/www.lanierpharma.com\/en\/contacto\/","name":"Contacte con nuestra empresa farmac\u00e9utica - Lanier Pharma","isPartOf":{"@id":"https:\/\/www.lanierpharma.com\/en\/#website"},"datePublished":"2021-12-21T12:21:44+00:00","dateModified":"2026-01-22T15:52:11+00:00","description":"En Lanier Pharma somos distribuidores de suplementos alimenticios naturales tanto para particulares como para farmacias y parafarmacias. Cont\u00e1ctenos para recibir la mejor oferta de suplementaci\u00f3n y vitaminas con formulas innovadoras.","breadcrumb":{"@id":"https:\/\/www.lanierpharma.com\/en\/contacto\/#breadcrumb"},"inLanguage":"en-GB","potentialAction":[{"@type":"ReadAction","target":["https:\/\/www.lanierpharma.com\/en\/contacto\/"]}]},{"@type":"BreadcrumbList","@id":"https:\/\/www.lanierpharma.com\/en\/contacto\/#breadcrumb","itemListElement":[{"@type":"ListItem","position":1,"name":"Portada","item":"https:\/\/www.lanierpharma.com\/"},{"@type":"ListItem","position":2,"name":"Contacto"}]},{"@type":"WebSite","@id":"https:\/\/www.lanierpharma.com\/en\/#website","url":"https:\/\/www.lanierpharma.com\/en\/","name":"Lanierpharma","description":"Empresa farmac\u00e9utica especializada en la investigaci\u00f3n, desarrollo y comercializaci\u00f3n de nutrac\u00e9uticos","potentialAction":[{"@type":"SearchAction","target":{"@type":"EntryPoint","urlTemplate":"https:\/\/www.lanierpharma.com\/en\/?s={search_term_string}"},"query-input":{"@type":"PropertyValueSpecification","valueRequired":true,"valueName":"search_term_string"}}],"inLanguage":"en-GB"}]}},"_links":{"self":[{"href":"https:\/\/www.lanierpharma.com\/en\/wp-json\/wp\/v2\/pages\/359","targetHints":{"allow":["GET"]}}],"collection":[{"href":"https:\/\/www.lanierpharma.com\/en\/wp-json\/wp\/v2\/pages"}],"about":[{"href":"https:\/\/www.lanierpharma.com\/en\/wp-json\/wp\/v2\/types\/page"}],"author":[{"embeddable":true,"href":"https:\/\/www.lanierpharma.com\/en\/wp-json\/wp\/v2\/users\/1"}],"replies":[{"embeddable":true,"href":"https:\/\/www.lanierpharma.com\/en\/wp-json\/wp\/v2\/comments?post=359"}],"version-history":[{"count":12,"href":"https:\/\/www.lanierpharma.com\/en\/wp-json\/wp\/v2\/pages\/359\/revisions"}],"predecessor-version":[{"id":11160,"href":"https:\/\/www.lanierpharma.com\/en\/wp-json\/wp\/v2\/pages\/359\/revisions\/11160"}],"wp:attachment":[{"href":"https:\/\/www.lanierpharma.com\/en\/wp-json\/wp\/v2\/media?parent=359"}],"curies":[{"name":"wp","href":"https:\/\/api.w.org\/{rel}","templated":true}]}}