{"id":355,"date":"2021-12-21T12:21:11","date_gmt":"2021-12-21T12:21:11","guid":{"rendered":"https:\/\/dev.lanierpharma.com\/?page_id=355"},"modified":"2026-01-22T16:54:25","modified_gmt":"2026-01-22T15:54:25","slug":"quienes-somos","status":"publish","type":"page","link":"https:\/\/www.lanierpharma.com\/en\/quienes-somos\/","title":{"rendered":"Who we Are"},"content":{"rendered":"<div class=\"wpb-content-wrapper\"><div data-parallax-speed=\"1.5\" data-parallax-duration=\"30\" class=\"vc_row wpb_row vc_row-fluid vc_custom_1760880224498 vc_row-has-fill vc_row-o-content-middle vc_row-flex vc-parallax vc-row-796662\" >\n\t<div class=\"container et-clearfix\">\n\t\t<div class=\"wpb_column vc_column_container vc_col-sm-4 vc_col-lg-7 vc_col-md-5 vc_col-xs-12 text-align-none vc-column-578338\" >\n\t<div class=\"vc_column-inner vci\" >\n\t\t<div class=\"wpb_wrapper\">\n\t\t\t<span class=\"et-gap et-clearfix et-gap-499853 hide767 hide768-1023 hide1280\"><\/span><span class=\"et-gap et-clearfix et-gap-359407 hide767 hide768-1023 hide1024-1279\"><\/span>\t\t<\/div>\n\t\t<div class=\"col-back\">\n\t\t\t\t\t<\/div>\n\t<\/div>\n<\/div><div data-color=\"#ffffff\" class=\"wpb_animate_when_almost_visible wpb_right-to-left right-to-left wpb_column vc_column_container vc_col-sm-8 vc_col-lg-5 vc_col-md-7 vc_col-xs-12 shadow text-align-none vc_col-has-fill vc-column-212851\" data-del=\"0\" >\n\t<div class=\"vc_column-inner vci vc_custom_1648468002814\" data-374-l=\"8\"  data-374-r=\"8\"  data-375-767-l=\"8\"  data-375-767-r=\"8\" >\n\t\t<div class=\"wpb_wrapper\">\n\t\t\t<span class=\"et-gap et-clearfix et-gap-803925 hide767\"><\/span><div id=\"et-stagger-box-1\" class=\"et-stagger-box et-stagger-box-1\" data-delay=\"200\" data-interval=\"50\" data-stagger=\"left\"><div class=\"content\"><h2 class=\"et-heading text-align-left highlight-false icon-position-left\" id=\"et-heading-711298\" data-768-1023-f=\"32\" data-768-1023-lh=\"40\"><span class=\"text-wrapper\"><span class=\"text\">Who we Are<\/span><span class=\"curtain\"><\/span><\/span><\/h2><p class=\"et-heading text-align-left highlight-false icon-position-left\" id=\"et-heading-115817\" data-374-f=\"16\" data-374-lh=\"30\" data-375-767-f=\"16\" data-375-767-lh=\"30\" data-768-1023-f=\"16\" data-768-1023-lh=\"30\"><span class=\"text-wrapper\"><span class=\"text\">Lanier Pharma is a pharmaceutical company specialized in the <strong>the research, development and commercialization of nutraceuticals<\/strong> within the European Union.<\/span><span class=\"curtain\"><\/span><\/span><\/p><p class=\"et-heading text-align-left highlight-false icon-position-left\" id=\"et-heading-376953\" data-374-f=\"16\" data-374-lh=\"30\" data-375-767-f=\"16\" data-375-767-lh=\"30\" data-768-1023-f=\"16\" data-768-1023-lh=\"30\"><span class=\"text-wrapper\"><span class=\"text\">Our activity is grounded in <strong>innovation<\/strong> and <strong>scientific rigor<\/strong>. Each of our formulations is designed based on the available evidence and <strong>supported by leading studies and publications<\/strong>with the aim of offering safe, effective and <strong>high-quality<\/strong> solutions for health care.<\/span><span class=\"curtain\"><\/span><\/span><\/p><span class=\"et-gap et-clearfix et-gap-803925 hide767\"><\/span><\/div><\/div>\t\t<\/div>\n\t\t<div class=\"col-back\">\n\t\t\t\t\t<\/div>\n\t<\/div>\n<\/div>\t<\/div>\n\t<div class=\"row-back\">\n\t\t\t\t<div class=\"parallax-container\"><\/div>\t<\/div>\n<\/div><div class=\"vc_row wpb_row vc_row-fluid vc_custom_1644579011739 vc_column-gap-24 vc-row-616000\" >\n\t<div class=\"container et-clearfix\">\n\t\t<div class=\"wpb_column vc_column_container vc_col-sm-12 text-align-none\" >\n\t<div class=\"vc_column-inner vci\" >\n\t\t<div class=\"wpb_wrapper\">\n\t\t\t<div id=\"et-icon-box-container-225818\" class=\"columns-2 et-icon-box-container gap-true guides-false border-false content-alignment-center top\" data-animation=\"fade\"><div id=\"et-icon-box-830423\" class=\"et-icon-box vci icon-position-top icon-alignment-center animation-scale small full\" data-effect=\"scale\"><div class=\"before\"><\/div><div class=\"et-icon-box-inner et-clearfix small\"><div class=\"et-icon small\"><?xml version=\"1.0\" standalone=\"no\"?>\n<!DOCTYPE svg PUBLIC \"-\/\/W3C\/\/DTD SVG 20010904\/\/EN\"\n \"http:\/\/www.w3.org\/TR\/2001\/REC-SVG-20010904\/DTD\/svg10.dtd\">\n<svg version=\"1.0\" xmlns=\"http:\/\/www.w3.org\/2000\/svg\"\n width=\"90.000000pt\" height=\"93.000000pt\" viewbox=\"0 0 90.000000 93.000000\"\n preserveaspectratio=\"xMidYMid meet\">\n\n<g transform=\"translate(0.000000,93.000000) scale(0.100000,-0.100000)\"\nfill=\"#000000\" stroke=\"none\">\n<path d=\"M520 917 c-59 -16 -111 -49 -149 -93 -37 -41 -74 -111 -68 -127 2 -714 8 27 33 36 72 75 114 132 145 44 25 64 30 123 30 60 0 78 -4 125 -31 109-61 165 -170 164 -314 -1 -114 -29 -186 -98 -256 -145 -145 -354 -98 -447 101-28 59 -33 80 -33 152 -1 46 -5 83 -10 83 -4 0 -7 -42 -4 -94 3 -80 8 -102 36-158 29 -60 99 -139 132 -150 11 -3 6 -25 -24 -97 -21 -51 -36 -95 -32 -98 3-3 13 11 21 31 51 121 66 148 79 143 7 -3 34 -8 59 -12 l46 -7 7 -59 c4 -3311 -62 16 -65 6 -4 7 21 2 65 -6 68 -6 71 15 71 12 0 40 9 61 20 l40 20 55-111 c31 -61 59 -108 63 -105 3 4 -18 56 -48 116 l-54 110 36 37 c107 110 134304 62 444 -69 137 -209 211 -334 176z\"\/>\n<path d=\"M51 798 c9 -32 0 -47 -28 -48 -31 0 -19 -21 24 -40 35 -16 61 -20 97-17 42 4 73 -5 228 -65 99 -38 185 -67 191 -65 7 3 3 8 -8 13 -41 16 -252 97-303 116 -45 17 -56 26 -77 67 -21 42 -30 50 -69 60 -64 16 -66 15 -55 -21zm65 2 c14 0 54 -56 54 -76 0 -22 -60 -25 -98 -4 -34 18 -35 20 -15 26 19 5 2111 16 37 -5 26 -4 29 11 24 10 -4 24 -7 32 -7z\"\/>\n<path d=\"M481 788 c-41 -20 -102 -95 -100 -122 0 -6 6 -2 12 9 7 11 30 39 5261 75 78 164 78 241 0 130 -129 51 -376 -121 -376 -102 0 -185 95 -185 212 026 -4 37 -11 32 -16 -9 -3 -97 21 -144 79 -155 262 -159 346 -7 40 71 41 1694 242 -53 103 -161 142 -259 93z\"\/>\n<path d=\"M525 696 c-34 -15 -71 -53 -62 -63 4 -3 16 6 27 20 24 31 78 44 10927 12 -6 31 -26 41 -43 48 -77 -1 -187 -83 -187 -38 0 -84 46 -93 94 -3 21-10 34 -15 29 -14 -14 8 -74 37 -104 57 -59 141 -41 176 38 26 59 17 114 -26158 -37 39 -70 48 -111 31z\"\/>\n<\/g>\n<\/svg>\n<div class=\"icon-back\"><\/div><\/div><div class=\"et-icon-content\"><h3 class=\"et-icon-box-title\">Our Mission<\/h3><p class=\"et-icon-box-content\"><\/p>\n<p style=\"text-align: left;\"><span style=\"color: #184363;\">At <strong>Lanier Pharma<\/strong> we are dedicated to the research and development of innovative products formulated in accordance with strict scientific criteria and <strong>the highest quality standards<\/strong>. <\/span><\/p>\n<p style=\"text-align: left;\"><span style=\"color: #184363;\">Each formulation is the result of a rigorous process that combines clinical evidence with the expertise of our <strong>scientific committee<\/strong>, with the objective of ensuring efficacy, safety and reliability.<\/span><\/p>\n<p style=\"text-align: left;\"><span style=\"color: #184363;\">We continuously work on optimizing our formulations in order to <strong>provide<\/strong> evidence-based solutions <strong>that contribute to maintaining health and overall well-being<\/strong>.<\/span><\/p>\n<p><\/p><\/div><\/div><\/div><div id=\"et-icon-box-379550\" class=\"et-icon-box vci icon-position-top icon-alignment-center animation-scale small full\" data-effect=\"scale\"><div class=\"before\"><\/div><div class=\"et-icon-box-inner et-clearfix small\"><div class=\"et-icon small\"><?xml version=\"1.0\" standalone=\"no\"?>\n<!DOCTYPE svg PUBLIC \"-\/\/W3C\/\/DTD SVG 20010904\/\/EN\"\n \"http:\/\/www.w3.org\/TR\/2001\/REC-SVG-20010904\/DTD\/svg10.dtd\">\n<svg version=\"1.0\" xmlns=\"http:\/\/www.w3.org\/2000\/svg\"\n width=\"90.000000pt\" height=\"93.000000pt\" viewbox=\"0 0 90.000000 93.000000\"\n preserveaspectratio=\"xMidYMid meet\">\n\n<g transform=\"translate(0.000000,93.000000) scale(0.100000,-0.100000)\"\nfill=\"#000000\" stroke=\"none\">\n<path d=\"M399 780 c-76 -12 -173 -45 -236 -82 -76 -43 -163 -116 -163 -137 0-23 71 -89 149 -140 90 -58 187 -86 296 -86 50 1 99 6 109 12 14 8 -6 9 -76 5-60 -3 -116 0 -149 8 -98 23 -224 96 -294 170 l-30 32 40 35 c65 58 143 103229 135 203 75 402 36 558 -111 57 -54 61 -60 48 -76 -26 -32 -137 -111 -189-136 -56 -26 -71 -48 -18 -25 85 35 227 145 227 176 0 22 -101 117 -162 153-98 57 -230 83 -339 67z\"\/>\n<path d=\"M363 715 c-80 -48 -108 -166 -58 -250 45 -77 121 -106 211 -80 54 1655 16 74 -7 11 -13 20 -25 20 -28 1 -3 3 -13 5 -22 4 -22 114 -176 131 -182 7-3 18 2 24 9 10 12 -1 32 -55 105 -37 49 -72 90 -79 90 -6 0 -21 14 -33 31l-21 31 29 46 c23 36 29 57 29 100 0 59 -9 83 -49 125 -38 42 -74 57 -133 57-39 0 -64 -7 -95 -25z m160 1 c71 -29 118 -115 103 -188 -31 -156 -239 -188-314 -48 -73 138 68 296 211 236z\"\/>\n<path d=\"M450 648 c-1 -49 -40 -88 -88 -88 -28 0 -18 -33 20 -65 43 -36 100-34 139 4 24 24 29 38 29 76 0 38 -5 52 -29 76 -41 40 -71 39 -71 -3z\"\/>\n<\/g>\n<\/svg>\n<div class=\"icon-back\"><\/div><\/div><div class=\"et-icon-content\"><h3 class=\"et-icon-box-title\">Our Vision<\/h3><p class=\"et-icon-box-content\"><\/p>\n<p style=\"text-align: left;\"><span style=\"color: #184363;\"><span style=\"font-weight: 400;\">At <\/span><b>Lanier Pharma<\/b><span style=\"font-weight: 400;\"> we address the challenges of a constantly evolving society with responsibility, integrity and <strong>a commitment to excellence<\/strong>. <\/span><span style=\"font-weight: 400;\">We aspire to establish ourselves as a reference brand in a pharmaceutical environment characterized by continuous innovation.<\/span><\/span><\/p>\n<p style=\"text-align: left;\"><span style=\"font-weight: 400; color: #184363;\">We believe that close, trust-based collaboration with healthcare professionals \u2014 physicians, pharmacists and healthcare personnel \u2014 as well as with the individuals who rely on our products, is essential to understanding their needs and <strong>developing safe, effective solutions supported<\/strong> by scientific evidence<\/span><\/p>\n<p><\/p><\/div><\/div><\/div><\/div>\t\t<\/div>\n\t\t<div class=\"col-back\">\n\t\t\t\t\t<\/div>\n\t<\/div>\n<\/div>\t<\/div>\n\t<div class=\"row-back\">\n\t\t\t\t\t<\/div>\n<\/div>\n<\/div>","protected":false},"excerpt":{"rendered":"Qui\u00e9nes somosLanier Pharma es una compa\u00f1\u00eda farmac\u00e9utica especializada en la investigaci\u00f3n, desarrollo y comercializaci\u00f3n de nutrac\u00e9uticos en el \u00e1mbito de la Uni\u00f3n Europea.Nuestra actividad se fundamenta en la innovaci\u00f3n y en el rigor cient\u00edfico. Cada una de nuestras formulaciones se dise\u00f1a a partir de la evidencia disponible y se apoya en estudios y publicaciones de [...]","protected":false},"author":1,"featured_media":0,"parent":0,"menu_order":0,"comment_status":"closed","ping_status":"closed","template":"page-vc.php","meta":{"footnotes":""},"class_list":["post-355","page","type-page","status-publish","hentry"],"yoast_head":"<!-- This site is optimized with the Yoast SEO plugin v26.6 - https:\/\/yoast.com\/wordpress\/plugins\/seo\/ -->\n<title>Empresa farmac\u00e9utica especializada en Nutrac\u00e9uticos - Lanier Pharma<\/title>\n<meta name=\"description\" content=\"Somos una empresa farmac\u00e9utica especializada en la investigaci\u00f3n, desarrollo y comercializaci\u00f3n de nutrac\u00e9uticos en la Uni\u00f3n Europea. Desarrollamos nuestros productos con formulaciones \u00f3ptimas avaladas por estudios y publicaciones de primer nivel. \u00a1Vis\u00edtanos!\" \/>\n<meta name=\"robots\" content=\"index, follow, max-snippet:-1, max-image-preview:large, max-video-preview:-1\" \/>\n<link rel=\"canonical\" href=\"https:\/\/www.lanierpharma.com\/en\/quienes-somos\/\" \/>\n<meta property=\"og:locale\" content=\"en_GB\" \/>\n<meta property=\"og:type\" content=\"article\" \/>\n<meta property=\"og:title\" content=\"Empresa farmac\u00e9utica especializada en Nutrac\u00e9uticos - Lanier Pharma\" \/>\n<meta property=\"og:description\" content=\"Somos una empresa farmac\u00e9utica especializada en la investigaci\u00f3n, desarrollo y comercializaci\u00f3n de nutrac\u00e9uticos en la Uni\u00f3n Europea. Desarrollamos nuestros productos con formulaciones \u00f3ptimas avaladas por estudios y publicaciones de primer nivel. \u00a1Vis\u00edtanos!\" \/>\n<meta property=\"og:url\" content=\"https:\/\/www.lanierpharma.com\/en\/quienes-somos\/\" \/>\n<meta property=\"og:site_name\" content=\"Lanierpharma\" \/>\n<meta property=\"article:publisher\" content=\"https:\/\/www.facebook.com\/lanierpharma\" \/>\n<meta property=\"article:modified_time\" content=\"2026-01-22T15:54:25+00:00\" \/>\n<meta name=\"twitter:card\" content=\"summary_large_image\" \/>\n<meta name=\"twitter:site\" content=\"@LanierPharma\" \/>\n<meta name=\"twitter:label1\" content=\"Est. reading time\" \/>\n\t<meta name=\"twitter:data1\" content=\"3 minutes\" \/>\n<script type=\"application\/ld+json\" class=\"yoast-schema-graph\">{\"@context\":\"https:\/\/schema.org\",\"@graph\":[{\"@type\":\"WebPage\",\"@id\":\"https:\/\/www.lanierpharma.com\/en\/quienes-somos\/\",\"url\":\"https:\/\/www.lanierpharma.com\/en\/quienes-somos\/\",\"name\":\"Empresa farmac\u00e9utica especializada en Nutrac\u00e9uticos - Lanier Pharma\",\"isPartOf\":{\"@id\":\"https:\/\/www.lanierpharma.com\/en\/#website\"},\"datePublished\":\"2021-12-21T12:21:11+00:00\",\"dateModified\":\"2026-01-22T15:54:25+00:00\",\"description\":\"Somos una empresa farmac\u00e9utica especializada en la investigaci\u00f3n, desarrollo y comercializaci\u00f3n de nutrac\u00e9uticos en la Uni\u00f3n Europea. Desarrollamos nuestros productos con formulaciones \u00f3ptimas avaladas por estudios y publicaciones de primer nivel. \u00a1Vis\u00edtanos!\",\"breadcrumb\":{\"@id\":\"https:\/\/www.lanierpharma.com\/en\/quienes-somos\/#breadcrumb\"},\"inLanguage\":\"en-GB\",\"potentialAction\":[{\"@type\":\"ReadAction\",\"target\":[\"https:\/\/www.lanierpharma.com\/en\/quienes-somos\/\"]}]},{\"@type\":\"BreadcrumbList\",\"@id\":\"https:\/\/www.lanierpharma.com\/en\/quienes-somos\/#breadcrumb\",\"itemListElement\":[{\"@type\":\"ListItem\",\"position\":1,\"name\":\"Portada\",\"item\":\"https:\/\/www.lanierpharma.com\/\"},{\"@type\":\"ListItem\",\"position\":2,\"name\":\"Qui\u00e9nes somos\"}]},{\"@type\":\"WebSite\",\"@id\":\"https:\/\/www.lanierpharma.com\/en\/#website\",\"url\":\"https:\/\/www.lanierpharma.com\/en\/\",\"name\":\"Lanierpharma\",\"description\":\"Empresa farmac\u00e9utica especializada en la investigaci\u00f3n, desarrollo y comercializaci\u00f3n de nutrac\u00e9uticos\",\"potentialAction\":[{\"@type\":\"SearchAction\",\"target\":{\"@type\":\"EntryPoint\",\"urlTemplate\":\"https:\/\/www.lanierpharma.com\/en\/?s={search_term_string}\"},\"query-input\":{\"@type\":\"PropertyValueSpecification\",\"valueRequired\":true,\"valueName\":\"search_term_string\"}}],\"inLanguage\":\"en-GB\"}]}<\/script>\n<!-- \/ Yoast SEO plugin. -->","yoast_head_json":{"title":"Empresa farmac\u00e9utica especializada en Nutrac\u00e9uticos - Lanier Pharma","description":"Somos una empresa farmac\u00e9utica especializada en la investigaci\u00f3n, desarrollo y comercializaci\u00f3n de nutrac\u00e9uticos en la Uni\u00f3n Europea. Desarrollamos nuestros productos con formulaciones \u00f3ptimas avaladas por estudios y publicaciones de primer nivel. \u00a1Vis\u00edtanos!","robots":{"index":"index","follow":"follow","max-snippet":"max-snippet:-1","max-image-preview":"max-image-preview:large","max-video-preview":"max-video-preview:-1"},"canonical":"https:\/\/www.lanierpharma.com\/en\/quienes-somos\/","og_locale":"en_GB","og_type":"article","og_title":"Empresa farmac\u00e9utica especializada en Nutrac\u00e9uticos - Lanier Pharma","og_description":"Somos una empresa farmac\u00e9utica especializada en la investigaci\u00f3n, desarrollo y comercializaci\u00f3n de nutrac\u00e9uticos en la Uni\u00f3n Europea. Desarrollamos nuestros productos con formulaciones \u00f3ptimas avaladas por estudios y publicaciones de primer nivel. \u00a1Vis\u00edtanos!","og_url":"https:\/\/www.lanierpharma.com\/en\/quienes-somos\/","og_site_name":"Lanierpharma","article_publisher":"https:\/\/www.facebook.com\/lanierpharma","article_modified_time":"2026-01-22T15:54:25+00:00","twitter_card":"summary_large_image","twitter_site":"@LanierPharma","twitter_misc":{"Est. reading time":"3 minutes"},"schema":{"@context":"https:\/\/schema.org","@graph":[{"@type":"WebPage","@id":"https:\/\/www.lanierpharma.com\/en\/quienes-somos\/","url":"https:\/\/www.lanierpharma.com\/en\/quienes-somos\/","name":"Empresa farmac\u00e9utica especializada en Nutrac\u00e9uticos - Lanier Pharma","isPartOf":{"@id":"https:\/\/www.lanierpharma.com\/en\/#website"},"datePublished":"2021-12-21T12:21:11+00:00","dateModified":"2026-01-22T15:54:25+00:00","description":"Somos una empresa farmac\u00e9utica especializada en la investigaci\u00f3n, desarrollo y comercializaci\u00f3n de nutrac\u00e9uticos en la Uni\u00f3n Europea. Desarrollamos nuestros productos con formulaciones \u00f3ptimas avaladas por estudios y publicaciones de primer nivel. \u00a1Vis\u00edtanos!","breadcrumb":{"@id":"https:\/\/www.lanierpharma.com\/en\/quienes-somos\/#breadcrumb"},"inLanguage":"en-GB","potentialAction":[{"@type":"ReadAction","target":["https:\/\/www.lanierpharma.com\/en\/quienes-somos\/"]}]},{"@type":"BreadcrumbList","@id":"https:\/\/www.lanierpharma.com\/en\/quienes-somos\/#breadcrumb","itemListElement":[{"@type":"ListItem","position":1,"name":"Portada","item":"https:\/\/www.lanierpharma.com\/"},{"@type":"ListItem","position":2,"name":"Qui\u00e9nes somos"}]},{"@type":"WebSite","@id":"https:\/\/www.lanierpharma.com\/en\/#website","url":"https:\/\/www.lanierpharma.com\/en\/","name":"Lanierpharma","description":"Empresa farmac\u00e9utica especializada en la investigaci\u00f3n, desarrollo y comercializaci\u00f3n de nutrac\u00e9uticos","potentialAction":[{"@type":"SearchAction","target":{"@type":"EntryPoint","urlTemplate":"https:\/\/www.lanierpharma.com\/en\/?s={search_term_string}"},"query-input":{"@type":"PropertyValueSpecification","valueRequired":true,"valueName":"search_term_string"}}],"inLanguage":"en-GB"}]}},"_links":{"self":[{"href":"https:\/\/www.lanierpharma.com\/en\/wp-json\/wp\/v2\/pages\/355","targetHints":{"allow":["GET"]}}],"collection":[{"href":"https:\/\/www.lanierpharma.com\/en\/wp-json\/wp\/v2\/pages"}],"about":[{"href":"https:\/\/www.lanierpharma.com\/en\/wp-json\/wp\/v2\/types\/page"}],"author":[{"embeddable":true,"href":"https:\/\/www.lanierpharma.com\/en\/wp-json\/wp\/v2\/users\/1"}],"replies":[{"embeddable":true,"href":"https:\/\/www.lanierpharma.com\/en\/wp-json\/wp\/v2\/comments?post=355"}],"version-history":[{"count":27,"href":"https:\/\/www.lanierpharma.com\/en\/wp-json\/wp\/v2\/pages\/355\/revisions"}],"predecessor-version":[{"id":11290,"href":"https:\/\/www.lanierpharma.com\/en\/wp-json\/wp\/v2\/pages\/355\/revisions\/11290"}],"wp:attachment":[{"href":"https:\/\/www.lanierpharma.com\/en\/wp-json\/wp\/v2\/media?parent=355"}],"curies":[{"name":"wp","href":"https:\/\/api.w.org\/{rel}","templated":true}]}}