{"id":3,"date":"2025-08-27T10:00:12","date_gmt":"2025-08-27T10:00:12","guid":{"rendered":"https:\/\/dev.lanierpharma.com\/?page_id=3"},"modified":"2026-01-22T16:50:12","modified_gmt":"2026-01-22T15:50:12","slug":"politica-de-privacidad","status":"publish","type":"page","link":"https:\/\/www.lanierpharma.com\/en\/politica-de-privacidad\/","title":{"rendered":"Pol\u00edtica de Privacidad"},"content":{"rendered":"<h2 class=\"wp-block-heading\">\u00bfC\u00f3mo cuidadmos de tus datos?<\/h2>\r\n\r\n\r\n\r\n<p>Siguiendo los principios de licitud, lealtad y transparencia, ponemos a su disposici\u00f3n la presente Pol\u00edtica de Privacidad.<\/p>\r\n\r\n\r\n\r\n<h2 class=\"wp-block-heading\"><b>\u00bfQui\u00e9n es el Responsable del tratamiento de sus datos?<\/b><\/h2>\r\n<figure><\/figure>\r\n\r\n\r\n\r\n<figure>\r\n<table style=\"width: 1120px;\">\r\n<tbody>\r\n<tr>\r\n<td style=\"border-color: rgba(128, 128, 128, 0.5); background-color: rgba(128, 128, 128, 0.1);\">\u00a0<span style=\"font-weight: bolder;\">Responsable<\/span><\/td>\r\n<td style=\"border-color: rgba(128, 128, 128, 0.5); background-color: rgba(128, 128, 128, 0.1);\"><span style=\"font-weight: bolder;\">Lanier Pharma, S.L.<\/span>\u00a0<\/td>\r\n<\/tr>\r\n<tr>\r\n<td style=\"border-color: rgba(128, 128, 128, 0.5);\"><span style=\"font-weight: bolder;\">NIF<\/span><\/td>\r\n<td style=\"border-color: rgba(128, 128, 128, 0.5);\">B67757419<\/td>\r\n<\/tr>\r\n<tr>\r\n<td style=\"border-color: rgba(128, 128, 128, 0.5); background-color: rgba(128, 128, 128, 0.07);\"><span style=\"font-weight: bolder;\">Domicilio Social<\/span><\/td>\r\n<td style=\"border-color: rgba(128, 128, 128, 0.5); background-color: rgba(128, 128, 128, 0.07);\">Calle Nuria 59, 2D, 28034, Madrid, Madrid<\/td>\r\n<\/tr>\r\n<tr>\r\n<td style=\"border-color: rgba(128, 128, 128, 0.5);\"><span style=\"font-weight: bolder;\">Contact<\/span><\/td>\r\n<td style=\"border-color: rgba(128, 128, 128, 0.5);\">Email: lopd@lanierpharma.com<br \/>Tel\u00e9fono: 91 931 11 77<\/td>\r\n<\/tr>\r\n<\/tbody>\r\n<\/table>\r\n<\/figure>\r\n\r\n\r\n\r\n<h2 class=\"wp-block-heading\">\u00bfCon qu\u00e9 finalidad tratamos sus datos personales?<\/h2>\r\n\r\n\r\n\r\n<p>En Lanier Pharma S.L., dependiendo de la categor\u00eda de interesado de que se trate, tratamos la informaci\u00f3n que nos facilita con las siguientes finalidades:<\/p>\r\n<ul>\r\n<li><strong>Potenciales Clientes: <\/strong>Gestionar la potencial relaci\u00f3n comercial y\/o profesional, gestionar el env\u00edo de informaci\u00f3n solicitada y\/o resolver las consultas planteadas, facilitar ofertas de nuestros servicios y\/o productos de su inter\u00e9s.<\/li>\r\n<li><strong>Clientes: <\/strong>Gestionar la relaci\u00f3n comercial y\/o profesional, facilitar ofertas de nuestros servicios y\/o productos de su inter\u00e9s.<\/li>\r\n<li><strong>Proveedores:<\/strong>\u00a0Gestionar la relaci\u00f3n comercial y\/o profesional.<\/li>\r\n<li><strong>Candidatos:<\/strong>\u00a0Gestionar el proceso de selecci\u00f3n de personal.<\/li>\r\n<li><strong>Usuarios Web:<\/strong>\u00a0Gestionar el an\u00e1lisis de sus datos de navegaci\u00f3n.<\/li>\r\n<\/ul>\r\n\r\n\r\n\r\n<h2 class=\"wp-block-heading\">\u00bfCu\u00e1l es la legitimaci\u00f3n para el tratamiento de sus datos?<\/h2>\r\n\r\n\r\n\r\n<p>La base legal para el tratamiento de sus datos personales, dependiendo de la categor\u00eda de que se trate, puede ser:<\/p>\r\n<ul>\r\n<li><strong>Potenciales clientes<\/strong>: Art. 6.1.b RGPD: aplicaci\u00f3n, a petici\u00f3n del interesado, de medidas precontractuales (presupuestos, hojas de encargo, ofertas de servicios\u2026) | Art. 6.1.f RGPD: inter\u00e9s leg\u00edtimo (enviar informaci\u00f3n solicitada, responder a las consultas planteadas\u2026) | Art. 6.1.a RGPD: consentimiento del propio interesado (facilitar ofertas de nuestros servicios y\/o productos).<\/li>\r\n<li><strong>Clientes<\/strong>: Art. 6.1.b RGPD: ejecuci\u00f3n de un contrato en el que el interesado es parte.<\/li>\r\n<li><strong>Proveedores<\/strong>: Art. 6.1.b RGPS: ejecuci\u00f3n de un contrato en el que el interesado es parte.<\/li>\r\n<li><strong>Candidatos<\/strong>: Art. 6.1.a RGPD: consentimiento del propio interesado.<\/li>\r\n<li><strong>Usuarios web<\/strong>: Art. 6.1.a RGPD: consentimiento del propio interesado.<\/li>\r\n<\/ul>\r\n<p>Los datos que le solicitamos son adecuados, pertinentes y estrictamente necesarios y en ning\u00fan caso est\u00e1 obligado a facilit\u00e1rnoslo, pero su no comunicaci\u00f3n podr\u00e1 afectar a la finalidad del servicio o la imposibilidad de prestarlo.<\/p>\r\n\r\n\r\n\r\n<h2 class=\"wp-block-heading\"><b>\u00bfPor cu\u00e1nto tiempo conservaremos sus datos personales?<\/b><\/h2>\r\n\r\n\r\n\r\n<p>Sus datos, ser\u00e1n conservados el tiempo m\u00ednimo necesario para la correcta prestaci\u00f3n del servicio ofrecido as\u00ed como para atender las responsabilidades que se pudieran derivar del mismo y de cualquier otra exigencia legal.<\/p>\r\n\r\n\r\n\r\n<h2 class=\"wp-block-heading\">\u00bfA qu\u00e9 destinatarios se comunicar\u00e1n sus datos?<\/h2>\r\n\r\n\r\n\r\n<p><strong>Lanier Pharma S.L.<\/strong> no comunicar\u00e1 sus datos a ning\u00fan tercero, salvo que se informe de ello expresamente.<\/p>\r\n<p>Adicionalmente le informamos que determinados datos, en virtud de la normativa vigente o de la relaci\u00f3n contractual que mantenga con <strong>Lanier Pharma S.L<\/strong>., podr\u00e1n ser comunicados a:<\/p>\r\n<ul>\r\n<li>Los bancos y entidades financieras para el cobro de los servicios contratados y\/o productos comprados.<\/li>\r\n<li>Administraciones p\u00fablicas con competencia en los sectores de la actividad de <strong>Lanier Pharma S.L.<\/strong>, cuando as\u00ed lo establezca la normativa vigente.<\/li>\r\n<\/ul>\r\n\r\n\r\n\r\n<h2 class=\"wp-block-heading\">\u00bfPuedo retirar el consentimiento?<\/h2>\r\n\r\n\r\n\r\n<p>Usted tiene la posibilidad y el derecho a retirar el consentimiento para cualquier finalidad espec\u00edfica otorgada en su momento, sin que ello afecte a la licitud del tratamiento basado en el consentimiento previo a su retirada.<\/p>\r\n\r\n\r\n\r\n\r\n\r\n<h2 class=\"wp-block-heading\">\u00bfD\u00f3nde puedo reclamar en caso de que considere que no se tratan mis datos correctamente?<\/h2>\r\n\r\n\r\n\r\n<p>Si alg\u00fan interesado considera que sus datos no son tratados correctamente por <strong>Lanier Pharma S.L<\/strong>. o que las solicitudes de ejercicio de derechos no han sido atendidas de forma satisfactoria, puede interponer una reclamaci\u00f3n ante la autoridad de protecci\u00f3n de datos que corresponda, siendo la AEPD la indicada en el territorio nacional, <a href=\"http:\/\/www.aepd.es\" target=\"_blank\" rel=\"noopener\">www.aepd.es<\/a>.<\/p>\r\n\r\n\r\n\r\n<h2 class=\"wp-block-heading\">Seguridad y actualizaci\u00f3n de sus datos personales<\/h2>\r\n\r\n\r\n\r\n<p>Con el objetivo de salvaguardar la seguridad de sus datos personales, le informamos que ha adoptado todas las medidas de \u00edndole t\u00e9cnica y organizativa necesarias para garantizar la seguridad de los datos personales suministrados. Todo ello para evitar su alteraci\u00f3n, p\u00e9rdida, y\/o tratamientos o accesos no autorizados, tal como exige la normativa, si bien la seguridad absoluta no existe.<\/p>\r\n<p>Es importante que, para que podamos mantener sus datos personales actualizados, nos informe siempre que se produzca una modificaci\u00f3n de los mismos.<\/p>\r\n\r\n<h2 class=\"wp-block-heading\">Confidencialidad<\/h2>\r\n\r\n\r\n\r\n<p>Lanier Pharma S.L. le informa que sus datos ser\u00e1n tratados con el m\u00e1ximo celo y confidencialidad por todo el personal que intervenga en cualquiera de las fases del tratamiento. No cederemos ni comunicaremos a ning\u00fan tercero sus datos, excepto en los casos legalmente previstos, o salvo que el interesado nos hubiera autorizado expresamente.<\/p>","protected":false},"excerpt":{"rendered":"<p>\u00bfC\u00f3mo cuidadmos de tus datos? Siguiendo los principios de licitud, lealtad y transparencia, ponemos a su disposici\u00f3n la presente Pol\u00edtica de Privacidad. \u00bfQui\u00e9n es el Responsable del tratamiento de sus datos? \u00a0Responsable Lanier Pharma, S.L.\u00a0 NIF B67757419 Domicilio Social Calle Nuria 59, 2D, 28034, Madrid, Madrid Contacto Email: lopd@lanierpharma.comTel\u00e9fono: 91 931 11 77 \u00bfCon qu\u00e9 [&hellip;]<\/p>\n","protected":false},"author":1,"featured_media":0,"parent":0,"menu_order":0,"comment_status":"closed","ping_status":"open","template":"","meta":{"footnotes":""},"class_list":["post-3","page","type-page","status-publish","hentry"],"yoast_head":"<!-- This site is optimized with the Yoast SEO plugin v26.6 - https:\/\/yoast.com\/wordpress\/plugins\/seo\/ -->\n<title>Pol\u00edtica de Privacidad - Lanierpharma<\/title>\n<meta name=\"description\" content=\"Pol\u00edtica de Privacidad - Lanierpharma\" \/>\n<meta name=\"robots\" content=\"index, follow, max-snippet:-1, max-image-preview:large, max-video-preview:-1\" \/>\n<link rel=\"canonical\" href=\"https:\/\/www.lanierpharma.com\/en\/politica-de-privacidad\/\" \/>\n<meta property=\"og:locale\" content=\"en_GB\" \/>\n<meta property=\"og:type\" content=\"article\" \/>\n<meta property=\"og:title\" content=\"Pol\u00edtica de Privacidad - Lanierpharma\" \/>\n<meta property=\"og:description\" content=\"Pol\u00edtica de Privacidad - Lanierpharma\" \/>\n<meta property=\"og:url\" content=\"https:\/\/www.lanierpharma.com\/en\/politica-de-privacidad\/\" \/>\n<meta property=\"og:site_name\" content=\"Lanierpharma\" \/>\n<meta property=\"article:publisher\" content=\"https:\/\/www.facebook.com\/lanierpharma\" \/>\n<meta property=\"article:modified_time\" content=\"2026-01-22T15:50:12+00:00\" \/>\n<meta name=\"twitter:card\" content=\"summary_large_image\" \/>\n<meta name=\"twitter:site\" content=\"@LanierPharma\" \/>\n<meta name=\"twitter:label1\" content=\"Est. reading time\" \/>\n\t<meta name=\"twitter:data1\" content=\"4 minutes\" \/>\n<script type=\"application\/ld+json\" class=\"yoast-schema-graph\">{\"@context\":\"https:\/\/schema.org\",\"@graph\":[{\"@type\":\"WebPage\",\"@id\":\"https:\/\/www.lanierpharma.com\/en\/politica-de-privacidad\/\",\"url\":\"https:\/\/www.lanierpharma.com\/en\/politica-de-privacidad\/\",\"name\":\"Pol\u00edtica de Privacidad - Lanierpharma\",\"isPartOf\":{\"@id\":\"https:\/\/www.lanierpharma.com\/en\/#website\"},\"datePublished\":\"2025-08-27T10:00:12+00:00\",\"dateModified\":\"2026-01-22T15:50:12+00:00\",\"description\":\"Pol\u00edtica de Privacidad - Lanierpharma\",\"breadcrumb\":{\"@id\":\"https:\/\/www.lanierpharma.com\/en\/politica-de-privacidad\/#breadcrumb\"},\"inLanguage\":\"en-GB\",\"potentialAction\":[{\"@type\":\"ReadAction\",\"target\":[\"https:\/\/www.lanierpharma.com\/en\/politica-de-privacidad\/\"]}]},{\"@type\":\"BreadcrumbList\",\"@id\":\"https:\/\/www.lanierpharma.com\/en\/politica-de-privacidad\/#breadcrumb\",\"itemListElement\":[{\"@type\":\"ListItem\",\"position\":1,\"name\":\"Portada\",\"item\":\"https:\/\/www.lanierpharma.com\/\"},{\"@type\":\"ListItem\",\"position\":2,\"name\":\"Pol\u00edtica de Privacidad\"}]},{\"@type\":\"WebSite\",\"@id\":\"https:\/\/www.lanierpharma.com\/en\/#website\",\"url\":\"https:\/\/www.lanierpharma.com\/en\/\",\"name\":\"Lanierpharma\",\"description\":\"Empresa farmac\u00e9utica especializada en la investigaci\u00f3n, desarrollo y comercializaci\u00f3n de nutrac\u00e9uticos\",\"potentialAction\":[{\"@type\":\"SearchAction\",\"target\":{\"@type\":\"EntryPoint\",\"urlTemplate\":\"https:\/\/www.lanierpharma.com\/en\/?s={search_term_string}\"},\"query-input\":{\"@type\":\"PropertyValueSpecification\",\"valueRequired\":true,\"valueName\":\"search_term_string\"}}],\"inLanguage\":\"en-GB\"}]}<\/script>\n<!-- \/ Yoast SEO plugin. -->","yoast_head_json":{"title":"Pol\u00edtica de Privacidad - Lanierpharma","description":"Pol\u00edtica de Privacidad - Lanierpharma","robots":{"index":"index","follow":"follow","max-snippet":"max-snippet:-1","max-image-preview":"max-image-preview:large","max-video-preview":"max-video-preview:-1"},"canonical":"https:\/\/www.lanierpharma.com\/en\/politica-de-privacidad\/","og_locale":"en_GB","og_type":"article","og_title":"Pol\u00edtica de Privacidad - Lanierpharma","og_description":"Pol\u00edtica de Privacidad - Lanierpharma","og_url":"https:\/\/www.lanierpharma.com\/en\/politica-de-privacidad\/","og_site_name":"Lanierpharma","article_publisher":"https:\/\/www.facebook.com\/lanierpharma","article_modified_time":"2026-01-22T15:50:12+00:00","twitter_card":"summary_large_image","twitter_site":"@LanierPharma","twitter_misc":{"Est. reading time":"4 minutes"},"schema":{"@context":"https:\/\/schema.org","@graph":[{"@type":"WebPage","@id":"https:\/\/www.lanierpharma.com\/en\/politica-de-privacidad\/","url":"https:\/\/www.lanierpharma.com\/en\/politica-de-privacidad\/","name":"Pol\u00edtica de Privacidad - Lanierpharma","isPartOf":{"@id":"https:\/\/www.lanierpharma.com\/en\/#website"},"datePublished":"2025-08-27T10:00:12+00:00","dateModified":"2026-01-22T15:50:12+00:00","description":"Pol\u00edtica de Privacidad - Lanierpharma","breadcrumb":{"@id":"https:\/\/www.lanierpharma.com\/en\/politica-de-privacidad\/#breadcrumb"},"inLanguage":"en-GB","potentialAction":[{"@type":"ReadAction","target":["https:\/\/www.lanierpharma.com\/en\/politica-de-privacidad\/"]}]},{"@type":"BreadcrumbList","@id":"https:\/\/www.lanierpharma.com\/en\/politica-de-privacidad\/#breadcrumb","itemListElement":[{"@type":"ListItem","position":1,"name":"Portada","item":"https:\/\/www.lanierpharma.com\/"},{"@type":"ListItem","position":2,"name":"Pol\u00edtica de Privacidad"}]},{"@type":"WebSite","@id":"https:\/\/www.lanierpharma.com\/en\/#website","url":"https:\/\/www.lanierpharma.com\/en\/","name":"Lanierpharma","description":"Empresa farmac\u00e9utica especializada en la investigaci\u00f3n, desarrollo y comercializaci\u00f3n de nutrac\u00e9uticos","potentialAction":[{"@type":"SearchAction","target":{"@type":"EntryPoint","urlTemplate":"https:\/\/www.lanierpharma.com\/en\/?s={search_term_string}"},"query-input":{"@type":"PropertyValueSpecification","valueRequired":true,"valueName":"search_term_string"}}],"inLanguage":"en-GB"}]}},"_links":{"self":[{"href":"https:\/\/www.lanierpharma.com\/en\/wp-json\/wp\/v2\/pages\/3","targetHints":{"allow":["GET"]}}],"collection":[{"href":"https:\/\/www.lanierpharma.com\/en\/wp-json\/wp\/v2\/pages"}],"about":[{"href":"https:\/\/www.lanierpharma.com\/en\/wp-json\/wp\/v2\/types\/page"}],"author":[{"embeddable":true,"href":"https:\/\/www.lanierpharma.com\/en\/wp-json\/wp\/v2\/users\/1"}],"replies":[{"embeddable":true,"href":"https:\/\/www.lanierpharma.com\/en\/wp-json\/wp\/v2\/comments?post=3"}],"version-history":[{"count":8,"href":"https:\/\/www.lanierpharma.com\/en\/wp-json\/wp\/v2\/pages\/3\/revisions"}],"predecessor-version":[{"id":11175,"href":"https:\/\/www.lanierpharma.com\/en\/wp-json\/wp\/v2\/pages\/3\/revisions\/11175"}],"wp:attachment":[{"href":"https:\/\/www.lanierpharma.com\/en\/wp-json\/wp\/v2\/media?parent=3"}],"curies":[{"name":"wp","href":"https:\/\/api.w.org\/{rel}","templated":true}]}}