{"id":2518,"date":"2021-12-07T09:51:30","date_gmt":"2021-12-07T09:51:30","guid":{"rendered":"https:\/\/dev.lanierpharma.com\/?page_id=3"},"modified":"2026-01-22T16:54:46","modified_gmt":"2026-01-22T15:54:46","slug":"aviso-legal","status":"publish","type":"page","link":"https:\/\/www.lanierpharma.com\/en\/aviso-legal\/","title":{"rendered":"Legal Notice"},"content":{"rendered":"<p>Lee atentamente este documento para que tengas toda la informaci\u00f3n sobre nuestra empresa. En este documento te comentamos c\u00f3mo est\u00e1 regulado el acceso y el uso de nuestra p\u00e1gina http:\/\/lanierpharma.com (en adelante la llamaremos la P\u00e1gina o la Plataforma para simplificar), titularidad de <strong>Lanier Pharma, S.L<\/strong>. (en adelante y para abreviar nos referiremos a la empresa como Lanier. Nuestro domicilio social se encuentra en Madrid (C.P.: 28034), en la calle Nuria 59, Planta 2 D. Lanier est\u00e1 inscrita en el Registro Mercantil de Madrid, Hoja M-757986 Tomo 42873 Folio 91, inscripci\u00f3n 1\u00aa ante Notario de Madrid, Don Jes\u00fas Roa Gonz\u00e1lez, NIF B-67757419 y nuestro email de contacto es <a href=\"mailto:info@lanierpharma.com\">info@lanierpharma.com<\/a><\/p>\r\n<p>Para la utilizaci\u00f3n de la P\u00e1gina, como usuario necesitamos que aceptes este Aviso Legal y si no te parecen bien y no quieres aceptarlo, no nos queda m\u00e1s remedio que pedirte que te abstengas de utilizar nuestra P\u00e1gina.<\/p>\r\n<h2 class=\"wp-block-heading\">Breve introducci\u00f3n<\/h2>\r\n\r\n\r\n\r\n<p>En nuestra P\u00e1gina te ofrecemos informaci\u00f3n, im\u00e1genes, noticias, v\u00eddeos y otros elementos relacionados con nuestros productos.<\/p>\r\n<p>Como es l\u00f3gico, nos reservamos la posibilidad de modificar, en cualquier momento y sin previo aviso, la presentaci\u00f3n y dise\u00f1o de nuestra P\u00e1gina y de sus contenidos y servicios. Como usuario aceptas que Lanier puede, en cualquier momento, modificar, interrumpir, desactivar y\/o cancelar cualquiera de los elementos, contenidos y\/o servicios que se integran en la P\u00e1gina. L\u00f3gicamente esto no afecta a las condiciones de pertenencia y en ning\u00fan caso a las acciones previas que ya se hayan realizado en la P\u00e1gina.<\/p>\r\n<p>Desde Lanier nos reservamos el derecho de modificar, limitar o cancelar el presente Aviso Legal en cualquier momento, as\u00ed como cualquier elemento sobre c\u00f3mo funciona nuestra P\u00e1gina. Por supuesto todos estos posibles cambios habituales en la gesti\u00f3n de cualquier P\u00e1gina se har\u00e1n respetando lo recogido en la normativa de protecci\u00f3n a los consumidores.<\/p>\r\n<p>La nueva configuraci\u00f3n de nuestra P\u00e1gina ser\u00e1 aplicable a los usuarios en el momento en el que estas estuviesen accesibles. Te recomendamos consultar peri\u00f3dicamente este texto para estar al d\u00eda sobre los t\u00e9rminos actualizados.<\/p>\r\n\r\n\r\n\r\n<h2 class=\"wp-block-heading\">Pautas b\u00e1sicas para los usuarios<\/h2>\r\n\r\n\r\n\r\n<p>Cuando accedes a la P\u00e1gina, tanto si es a todo o parte de nuestros contenidos y servicios, implica la aceptaci\u00f3n, sin reservas, del presente Aviso Legal, por lo que el acceso a nuestra P\u00e1gina te convierte en usuario de la misma.<\/p>\r\n<p>Sentimos tener que repetirnos, pero si como usuario de la P\u00e1gina no aceptas el presente Aviso Legal, tendr\u00e1s que abstenerte de acceder y\/o utilizar los contenidos y servicios que te ofrecemos en nuestra P\u00e1gina.<\/p>\r\n<p>Pueden parecer obvias, pero tenemos que enumerar las obligaciones asociadas a ser usuario de la P\u00e1gina:<\/p>\r\n<ul>\r\n<li>Te comprometes a utilizar la presente P\u00e1gina, sus servicios, los contenidos ofrecidos y este Aviso Legal de conformidad con la ley, la moral, las buenas costumbres y el orden p\u00fablico, de forma diligente, correcta y l\u00edcita.<\/li>\r\n<li>Te obligas a respetar en todo momento los derechos de terceros, por lo que te comprometes a no utilizar la P\u00e1gina para realizar comentarios injuriosos o calumniosos o aquellos que pudieran suponer atentados contra el honor, la intimidad o la propia imagen de terceras personas.<\/li>\r\n<li>Te obligas a no remitir publicidad de ninguna clase o a realizar comunicaciones con fines de naturaleza comercial o publicitaria en caso de que hubiera espacios de la P\u00e1gina habilitados para que los visitantes dejen sus comentarios. Nos reservamos el derecho a suprimir los comentarios que consideremos que incumplen esta regla o cualquier otra.<\/li>\r\n<li>Reconoces y aceptas que podamos impedir el acceso a la P\u00e1gina a aquellos usuarios que hayan incumplido la legislaci\u00f3n vigente o cualquiera de las obligaciones o t\u00e9rminos de esta, sin tener la obligaci\u00f3n de notificar este hecho al usuario infractor.<\/li>\r\n<\/ul>\r\n\r\n\r\n\r\n<h2 class=\"wp-block-heading\">Responsabilidad de Lanier<\/h2>\r\n\r\n\r\n\r\n<p>Recuerda que todo lo que indicamos a continuaci\u00f3n se te aplica como usuario de la P\u00e1gina y que este documento no son unas condiciones de contrataci\u00f3n sino solo el Aviso Legal de la P\u00e1gina. Lanier no ser\u00e1 responsable, ni directa ni subsidiariamente, de:<\/p>\r\n<ul>\r\n<li>La calidad del servicio, la velocidad de acceso, el correcto funcionamiento ni la disponibilidad ni continuidad de funcionamiento de la P\u00e1gina.<\/li>\r\n<li>Los perjuicios que puedan causarse en los equipos de los usuarios por la utilizaci\u00f3n de la P\u00e1gina.<\/li>\r\n<li>El incumplimiento de otros usuarios de la ley, la moral y las buenas costumbres generalmente aceptadas o el orden p\u00fablico como consecuencia de la transmisi\u00f3n, difusi\u00f3n, almacenamiento, puesta a disposici\u00f3n, recepci\u00f3n, obtenci\u00f3n o acceso a contenidos.<\/li>\r\n<li>Los enlaces e hipertextos que posibiliten, a trav\u00e9s de la P\u00e1gina, acceder al usuario a prestaciones y servicios ofrecidos por terceros, al no pertenecer ni encontrarse bajo el control del titular del sitio web; no ser\u00e1 responsable ni de la informaci\u00f3n contenida en los mismos ni de cualesquiera efectos que pudieran derivarse de dicha informaci\u00f3n.<\/li>\r\n<li>La informaci\u00f3n introducida por usuarios, expertos, clientes, colaboradores y terceras personas.<\/li>\r\n<li>La infracci\u00f3n de los derechos de propiedad intelectual e industrial, de los derechos al honor, a la intimidad personal y familiar y a la imagen de las personas, de los derechos de propiedad o de cualquier otra naturaleza, pertenecientes a un tercero, todo ello llevado a cabo, en la P\u00e1gina, por los usuarios, expertos, clientes, colaboradores o terceras personas.<\/li>\r\n<\/ul>\r\n<p>Si consideras que tus derechos est\u00e1n siendo vulnerados en la P\u00e1gina, por favor ponte en contacto con nosotros en la direcci\u00f3n de correo electr\u00f3nico: <a href=\"mailto:info@lanierpharma.com\">info@lanierpharma.com<\/a>.<\/p>\r\n\r\n\r\n\r\n<h2 class=\"wp-block-heading\">Propiedad intelectual e industrial<\/h2>\r\n\r\n\r\n\r\n<p>La P\u00e1gina se encuentra protegida por las leyes nacionales e internacionales de propiedad intelectual e industrial, por lo que se proh\u00edbe la reproducci\u00f3n, distribuci\u00f3n, comunicaci\u00f3n p\u00fablica, puesta a disposici\u00f3n y transformaci\u00f3n de la misma y\/o de cualquiera de los elementos que la componen, entre los que se incluyen de manera enunciativa y no taxativa, textos, im\u00e1genes, marcas, gr\u00e1ficos, logotipos, botones, archivos de software, combinaciones de colores, as\u00ed como la estructura, selecci\u00f3n, ordenaci\u00f3n y presentaci\u00f3n de sus contenidos, sin perjuicio de los derechos que terceras personas pudiesen tener sobre cualquiera de los elementos de la misma.<\/p>\r\n<p>Por lo tanto, queda prohibida la reproducci\u00f3n, retransmisi\u00f3n, copia, puesta a disposici\u00f3n, cesi\u00f3n o radiodifusi\u00f3n, total o parcial, de la informaci\u00f3n contenida en este sitio web, cualquiera que fuera su finalidad y el medio utilizado para ello.<\/p>\r\n<p>Si consideras que tus derechos de propiedad intelectual, industrial o de imagen est\u00e1n siendo vulnerados en la P\u00e1gina, por favor ponte en contacto con nosotros en el correo electr\u00f3nico: info@lanierpharma.com.<\/p>\r\n\r\n\r\n\r\n<h2 class=\"wp-block-heading\">C\u00f3mo cuidamos tus datos<\/h2>\r\n\r\n\r\n\r\n<p>Cualquier acci\u00f3n como usuario de la P\u00e1gina que requiera que nos facilites alg\u00fan dato personal se regir\u00e1 por las pautas en protecci\u00f3n de datos que aplicamos cuidadosamente. Todas estas pautas e informaci\u00f3n las detallamos en nuestro documento C\u00f3mo cuidamos tus datos.<\/p>\r\n<p>Es muy importante para nosotros proteger los datos de nuestros usuarios de manera adecuada y sobre todo que tengas toda la informaci\u00f3n sobre c\u00f3mo usamos tus datos, por eso, si tienes dudas sobre este aspecto, no dudes en ponerte en contacto con nosotros en el correo <a href=\"mailto:info@lanierpharma.com\">info@lanierpharma.com<\/a>.<\/p>\r\n\r\n\r\n\r\n<h2 class=\"wp-block-heading\">Qu\u00e9 ocurre si hay un problema<\/h2>\r\n\r\n\r\n\r\n<p>Este Aviso Legal est\u00e1 redactado en espa\u00f1ol y est\u00e1 sometido a la legislaci\u00f3n espa\u00f1ola vigente. Para cualquier tipo de controversia que pueda surgir de la utilizaci\u00f3n de la P\u00e1gina o los contenidos incluida en ella, acordamos someternos a la jurisdicci\u00f3n y competencia de los tribunales de la ciudad de Madrid, siempre y cuando sea legalmente posible. Cuando no sea posible porque exista alguna normativa que prevea otra jurisdicci\u00f3n, nos someteremos a los tribunales competentes seg\u00fan la legislaci\u00f3n vigente en cada momento.<\/p>","protected":false},"excerpt":{"rendered":"<p>Lee atentamente este documento para que tengas toda la informaci\u00f3n sobre nuestra empresa. En este documento te comentamos c\u00f3mo est\u00e1 regulado el acceso y el uso de nuestra p\u00e1gina http:\/\/lanierpharma.com (en adelante la llamaremos la P\u00e1gina o la Plataforma para simplificar), titularidad de Lanier Pharma, S.L. (en adelante y para abreviar nos referiremos a la [&hellip;]<\/p>\n","protected":false},"author":1,"featured_media":0,"parent":0,"menu_order":0,"comment_status":"closed","ping_status":"open","template":"","meta":{"footnotes":""},"class_list":["post-2518","page","type-page","status-publish","hentry"],"yoast_head":"<!-- This site is optimized with the Yoast SEO plugin v26.6 - https:\/\/yoast.com\/wordpress\/plugins\/seo\/ -->\n<title>Aviso Legal - Lanierpharma<\/title>\n<meta name=\"description\" content=\"Lee atentamente este documento para que tengas toda la informaci\u00f3n sobre nuestra empresa. En este documento te comentamos c\u00f3mo est\u00e1 regulado el acceso y\" \/>\n<meta name=\"robots\" content=\"index, follow, max-snippet:-1, max-image-preview:large, max-video-preview:-1\" \/>\n<link rel=\"canonical\" href=\"https:\/\/www.lanierpharma.com\/en\/aviso-legal\/\" \/>\n<meta property=\"og:locale\" content=\"en_GB\" \/>\n<meta property=\"og:type\" content=\"article\" \/>\n<meta property=\"og:title\" content=\"Aviso Legal - Lanierpharma\" \/>\n<meta property=\"og:description\" content=\"Lee atentamente este documento para que tengas toda la informaci\u00f3n sobre nuestra empresa. En este documento te comentamos c\u00f3mo est\u00e1 regulado el acceso y\" \/>\n<meta property=\"og:url\" content=\"https:\/\/www.lanierpharma.com\/en\/aviso-legal\/\" \/>\n<meta property=\"og:site_name\" content=\"Lanierpharma\" \/>\n<meta property=\"article:publisher\" content=\"https:\/\/www.facebook.com\/lanierpharma\" \/>\n<meta property=\"article:modified_time\" content=\"2026-01-22T15:54:46+00:00\" \/>\n<meta name=\"twitter:card\" content=\"summary_large_image\" \/>\n<meta name=\"twitter:site\" content=\"@LanierPharma\" \/>\n<meta name=\"twitter:label1\" content=\"Est. reading time\" \/>\n\t<meta name=\"twitter:data1\" content=\"6 minutes\" \/>\n<script type=\"application\/ld+json\" class=\"yoast-schema-graph\">{\"@context\":\"https:\/\/schema.org\",\"@graph\":[{\"@type\":\"WebPage\",\"@id\":\"https:\/\/www.lanierpharma.com\/en\/aviso-legal\/\",\"url\":\"https:\/\/www.lanierpharma.com\/en\/aviso-legal\/\",\"name\":\"Aviso Legal - Lanierpharma\",\"isPartOf\":{\"@id\":\"https:\/\/www.lanierpharma.com\/en\/#website\"},\"datePublished\":\"2021-12-07T09:51:30+00:00\",\"dateModified\":\"2026-01-22T15:54:46+00:00\",\"description\":\"Lee atentamente este documento para que tengas toda la informaci\u00f3n sobre nuestra empresa. En este documento te comentamos c\u00f3mo est\u00e1 regulado el acceso y\",\"breadcrumb\":{\"@id\":\"https:\/\/www.lanierpharma.com\/en\/aviso-legal\/#breadcrumb\"},\"inLanguage\":\"en-GB\",\"potentialAction\":[{\"@type\":\"ReadAction\",\"target\":[\"https:\/\/www.lanierpharma.com\/en\/aviso-legal\/\"]}]},{\"@type\":\"BreadcrumbList\",\"@id\":\"https:\/\/www.lanierpharma.com\/en\/aviso-legal\/#breadcrumb\",\"itemListElement\":[{\"@type\":\"ListItem\",\"position\":1,\"name\":\"Portada\",\"item\":\"https:\/\/www.lanierpharma.com\/\"},{\"@type\":\"ListItem\",\"position\":2,\"name\":\"Aviso Legal\"}]},{\"@type\":\"WebSite\",\"@id\":\"https:\/\/www.lanierpharma.com\/en\/#website\",\"url\":\"https:\/\/www.lanierpharma.com\/en\/\",\"name\":\"Lanierpharma\",\"description\":\"Empresa farmac\u00e9utica especializada en la investigaci\u00f3n, desarrollo y comercializaci\u00f3n de nutrac\u00e9uticos\",\"potentialAction\":[{\"@type\":\"SearchAction\",\"target\":{\"@type\":\"EntryPoint\",\"urlTemplate\":\"https:\/\/www.lanierpharma.com\/en\/?s={search_term_string}\"},\"query-input\":{\"@type\":\"PropertyValueSpecification\",\"valueRequired\":true,\"valueName\":\"search_term_string\"}}],\"inLanguage\":\"en-GB\"}]}<\/script>\n<!-- \/ Yoast SEO plugin. -->","yoast_head_json":{"title":"Aviso Legal - Lanierpharma","description":"Lee atentamente este documento para que tengas toda la informaci\u00f3n sobre nuestra empresa. En este documento te comentamos c\u00f3mo est\u00e1 regulado el acceso y","robots":{"index":"index","follow":"follow","max-snippet":"max-snippet:-1","max-image-preview":"max-image-preview:large","max-video-preview":"max-video-preview:-1"},"canonical":"https:\/\/www.lanierpharma.com\/en\/aviso-legal\/","og_locale":"en_GB","og_type":"article","og_title":"Aviso Legal - Lanierpharma","og_description":"Lee atentamente este documento para que tengas toda la informaci\u00f3n sobre nuestra empresa. En este documento te comentamos c\u00f3mo est\u00e1 regulado el acceso y","og_url":"https:\/\/www.lanierpharma.com\/en\/aviso-legal\/","og_site_name":"Lanierpharma","article_publisher":"https:\/\/www.facebook.com\/lanierpharma","article_modified_time":"2026-01-22T15:54:46+00:00","twitter_card":"summary_large_image","twitter_site":"@LanierPharma","twitter_misc":{"Est. reading time":"6 minutes"},"schema":{"@context":"https:\/\/schema.org","@graph":[{"@type":"WebPage","@id":"https:\/\/www.lanierpharma.com\/en\/aviso-legal\/","url":"https:\/\/www.lanierpharma.com\/en\/aviso-legal\/","name":"Aviso Legal - Lanierpharma","isPartOf":{"@id":"https:\/\/www.lanierpharma.com\/en\/#website"},"datePublished":"2021-12-07T09:51:30+00:00","dateModified":"2026-01-22T15:54:46+00:00","description":"Lee atentamente este documento para que tengas toda la informaci\u00f3n sobre nuestra empresa. En este documento te comentamos c\u00f3mo est\u00e1 regulado el acceso y","breadcrumb":{"@id":"https:\/\/www.lanierpharma.com\/en\/aviso-legal\/#breadcrumb"},"inLanguage":"en-GB","potentialAction":[{"@type":"ReadAction","target":["https:\/\/www.lanierpharma.com\/en\/aviso-legal\/"]}]},{"@type":"BreadcrumbList","@id":"https:\/\/www.lanierpharma.com\/en\/aviso-legal\/#breadcrumb","itemListElement":[{"@type":"ListItem","position":1,"name":"Portada","item":"https:\/\/www.lanierpharma.com\/"},{"@type":"ListItem","position":2,"name":"Aviso Legal"}]},{"@type":"WebSite","@id":"https:\/\/www.lanierpharma.com\/en\/#website","url":"https:\/\/www.lanierpharma.com\/en\/","name":"Lanierpharma","description":"Empresa farmac\u00e9utica especializada en la investigaci\u00f3n, desarrollo y comercializaci\u00f3n de nutrac\u00e9uticos","potentialAction":[{"@type":"SearchAction","target":{"@type":"EntryPoint","urlTemplate":"https:\/\/www.lanierpharma.com\/en\/?s={search_term_string}"},"query-input":{"@type":"PropertyValueSpecification","valueRequired":true,"valueName":"search_term_string"}}],"inLanguage":"en-GB"}]}},"_links":{"self":[{"href":"https:\/\/www.lanierpharma.com\/en\/wp-json\/wp\/v2\/pages\/2518","targetHints":{"allow":["GET"]}}],"collection":[{"href":"https:\/\/www.lanierpharma.com\/en\/wp-json\/wp\/v2\/pages"}],"about":[{"href":"https:\/\/www.lanierpharma.com\/en\/wp-json\/wp\/v2\/types\/page"}],"author":[{"embeddable":true,"href":"https:\/\/www.lanierpharma.com\/en\/wp-json\/wp\/v2\/users\/1"}],"replies":[{"embeddable":true,"href":"https:\/\/www.lanierpharma.com\/en\/wp-json\/wp\/v2\/comments?post=2518"}],"version-history":[{"count":4,"href":"https:\/\/www.lanierpharma.com\/en\/wp-json\/wp\/v2\/pages\/2518\/revisions"}],"predecessor-version":[{"id":11180,"href":"https:\/\/www.lanierpharma.com\/en\/wp-json\/wp\/v2\/pages\/2518\/revisions\/11180"}],"wp:attachment":[{"href":"https:\/\/www.lanierpharma.com\/en\/wp-json\/wp\/v2\/media?parent=2518"}],"curies":[{"name":"wp","href":"https:\/\/api.w.org\/{rel}","templated":true}]}}