{"id":10,"date":"2025-08-29T15:33:58","date_gmt":"2025-08-29T15:33:58","guid":{"rendered":"https:\/\/dev.lanierpharma.com\/index.php\/carrito\/"},"modified":"2025-12-28T22:51:23","modified_gmt":"2025-12-28T21:51:23","slug":"carrito","status":"publish","type":"page","link":"https:\/\/www.lanierpharma.com\/en\/carrito\/","title":{"rendered":"Carrito"},"content":{"rendered":"<div class=\"wpb-content-wrapper\"><div class=\"vc_row wpb_row vc_row-fluid vc_column-gap-24\" >\n\t<div class=\"container et-clearfix\">\n\t\t<div class=\"wpb_column vc_column_container vc_col-sm-12 text-align-none\" >\n\t<div class=\"vc_column-inner vci\" >\n\t\t<div class=\"wpb_wrapper\">\n\t\t\t\n<div class=\"wpb_text_column wpb_content_element\"  data-del=\"0\">\n\t<div class=\"wpb_wrapper\">\n\t\t<div data-block-name=\"woocommerce\/cart\" class=\"wp-block-woocommerce-cart alignwide is-loading\">\n<div data-block-name=\"woocommerce\/filled-cart-block\" class=\"wp-block-woocommerce-filled-cart-block\">\n<div data-block-name=\"woocommerce\/cart-items-block\" class=\"wp-block-woocommerce-cart-items-block\">\n<div data-block-name=\"woocommerce\/cart-line-items-block\" class=\"wp-block-woocommerce-cart-line-items-block\">\u00a0<\/div>\n<div data-block-name=\"woocommerce\/cart-cross-sells-block\" class=\"wp-block-woocommerce-cart-cross-sells-block\">\n<h2 class=\"wp-block-heading has-large-font-size\">Puede que te interese\u2026<\/h2>\n<div data-block-name=\"woocommerce\/cart-cross-sells-products-block\" class=\"wp-block-woocommerce-cart-cross-sells-products-block\">\u00a0<\/div>\n<\/div>\n<\/div>\n<div data-block-name=\"woocommerce\/cart-totals-block\" class=\"wp-block-woocommerce-cart-totals-block\">\n<div data-block-name=\"woocommerce\/cart-order-summary-block\" class=\"wp-block-woocommerce-cart-order-summary-block\">\n<div data-block-name=\"woocommerce\/cart-order-summary-heading-block\" class=\"wp-block-woocommerce-cart-order-summary-heading-block\">\u00a0<\/div>\n<div data-block-name=\"woocommerce\/cart-order-summary-coupon-form-block\" class=\"wp-block-woocommerce-cart-order-summary-coupon-form-block\">\u00a0<\/div>\n<div data-block-name=\"woocommerce\/cart-order-summary-totals-block\" class=\"wp-block-woocommerce-cart-order-summary-totals-block\">\n<div data-block-name=\"woocommerce\/cart-order-summary-subtotal-block\" class=\"wp-block-woocommerce-cart-order-summary-subtotal-block\">\u00a0<\/div>\n<div data-block-name=\"woocommerce\/cart-order-summary-discount-block\" class=\"wp-block-woocommerce-cart-order-summary-discount-block\">\u00a0<\/div>\n<div data-block-name=\"woocommerce\/cart-order-summary-fee-block\" class=\"wp-block-woocommerce-cart-order-summary-fee-block\">\u00a0<\/div>\n<div data-block-name=\"woocommerce\/cart-order-summary-shipping-block\" class=\"wp-block-woocommerce-cart-order-summary-shipping-block\">\u00a0<\/div>\n<div data-block-name=\"woocommerce\/cart-order-summary-taxes-block\" class=\"wp-block-woocommerce-cart-order-summary-taxes-block\">\u00a0<\/div>\n<\/div>\n<\/div>\n<div data-block-name=\"woocommerce\/cart-express-payment-block\" class=\"wp-block-woocommerce-cart-express-payment-block\">\u00a0<\/div>\n<div data-block-name=\"woocommerce\/proceed-to-checkout-block\" class=\"wp-block-woocommerce-proceed-to-checkout-block\">\u00a0<\/div>\n<div data-block-name=\"woocommerce\/cart-accepted-payment-methods-block\" class=\"wp-block-woocommerce-cart-accepted-payment-methods-block\">\u00a0<\/div>\n<\/div>\n<\/div>\n<div data-block-name=\"woocommerce\/empty-cart-block\" class=\"wp-block-woocommerce-empty-cart-block\">\n<h2 class=\"wp-block-heading has-text-align-center with-empty-cart-icon wc-block-cart__empty-cart__title\">\u00a1Tu carrito est\u00e1 actualmente vac\u00edo!<\/h2>\n<div data-block-name=\"woocommerce\/product-new\" data-columns=\"4\" data-rows=\"1\" class=\"wc-block-grid wp-block-product-new wp-block-woocommerce-product-new wc-block-product-new has-4-columns\">\n<ul class=\"wc-block-grid__products\">\n<li class=\"wc-block-grid__product\">\n\t\t\t\t<a href=\"https:\/\/www.lanierpharma.com\/en\/product\/inmunizat-infantil\/\" class=\"wc-block-grid__product-link\"><\/p>\n<div class=\"wc-block-grid__product-onsale\">\n\t\t\t<span aria-hidden=\"true\" data-no-translation=\"\" data-trp-gettext=\"\">Sale<\/span><br \/>\n\t\t\t<span class=\"screen-reader-text\" data-no-translation=\"\" data-trp-gettext=\"\">Product on sale<\/span>\n\t\t<\/div>\n<div class=\"wc-block-grid__product-image\"><img loading=\"lazy\" decoding=\"async\" width=\"300\" height=\"300\" src=\"https:\/\/www.lanierpharma.com\/wp-content\/uploads\/Inmunizat-Infantil-2-300x300.jpg\" class=\"attachment-woocommerce_thumbnail size-woocommerce_thumbnail\" alt=\"Inmunizat Infantil\" data-responsive-images=\"false\" \/><\/div>\n<div class=\"wc-block-grid__product-title\">Inmunizat Infantil<\/div>\n<p>\t\t\t\t<\/a><\/p>\n<div class=\"wc-block-grid__product-price price\"><span class=\"woocommerce-Price-amount amount\">19,95&nbsp;<span class=\"woocommerce-Price-currencySymbol\">&euro;<\/span><\/span><\/div>\n<div class=\"wp-block-button wc-block-grid__product-add-to-cart\"><a href=\"https:\/\/www.lanierpharma.com\/en\/product\/inmunizat-infantil\/\" aria-label=\"Select options for \u201cInmunizat Infantil\u201d\" data-quantity=\"1\" data-product_id=\"12009\" data-product_sku=\"\" data-price=\"19.95\" rel=\"nofollow\" class=\"wp-block-button__link  add_to_cart_button\" data-no-translation=\"\" data-trp-gettext=\"\" data-no-translation-aria-label=\"\">Select options<\/a><\/div>\n<\/li>\n<li class=\"wc-block-grid__product\">\n\t\t\t\t<a href=\"https:\/\/www.lanierpharma.com\/en\/product\/istivan\/\" class=\"wc-block-grid__product-link\"><\/p>\n<div class=\"wc-block-grid__product-onsale\">\n\t\t\t<span aria-hidden=\"true\" data-no-translation=\"\" data-trp-gettext=\"\">Sale<\/span><br \/>\n\t\t\t<span class=\"screen-reader-text\" data-no-translation=\"\" data-trp-gettext=\"\">Product on sale<\/span>\n\t\t<\/div>\n<div class=\"wc-block-grid__product-image\"><img loading=\"lazy\" decoding=\"async\" width=\"300\" height=\"300\" src=\"https:\/\/www.lanierpharma.com\/wp-content\/uploads\/Istivan-300x300.jpg\" class=\"attachment-woocommerce_thumbnail size-woocommerce_thumbnail\" alt=\"Istivan\" data-responsive-images=\"false\" \/><\/div>\n<div class=\"wc-block-grid__product-title\">Istivan<\/div>\n<p>\t\t\t\t<\/a><\/p>\n<div class=\"wc-block-grid__product-price price\"><span class=\"woocommerce-Price-amount amount\">23,65&nbsp;<span class=\"woocommerce-Price-currencySymbol\">&euro;<\/span><\/span><\/div>\n<div class=\"wp-block-button wc-block-grid__product-add-to-cart\"><a href=\"https:\/\/www.lanierpharma.com\/en\/product\/istivan\/\" aria-label=\"Select options for \u201cIstivan\u201d\" data-quantity=\"1\" data-product_id=\"2968\" data-product_sku=\"\" data-price=\"23.65\" rel=\"nofollow\" class=\"wp-block-button__link  add_to_cart_button\" data-no-translation=\"\" data-trp-gettext=\"\" data-no-translation-aria-label=\"\">Select options<\/a><\/div>\n<\/li>\n<li class=\"wc-block-grid__product\">\n\t\t\t\t<a href=\"https:\/\/www.lanierpharma.com\/en\/product\/inmunizat\/\" class=\"wc-block-grid__product-link\"><\/p>\n<div class=\"wc-block-grid__product-onsale\">\n\t\t\t<span aria-hidden=\"true\" data-no-translation=\"\" data-trp-gettext=\"\">Sale<\/span><br \/>\n\t\t\t<span class=\"screen-reader-text\" data-no-translation=\"\" data-trp-gettext=\"\">Product on sale<\/span>\n\t\t<\/div>\n<div class=\"wc-block-grid__product-image\"><img loading=\"lazy\" decoding=\"async\" width=\"300\" height=\"300\" src=\"https:\/\/www.lanierpharma.com\/wp-content\/uploads\/Inmunizat-portada-300x300.jpg\" class=\"attachment-woocommerce_thumbnail size-woocommerce_thumbnail\" alt=\"Inmunizat\" data-responsive-images=\"false\" \/><\/div>\n<div class=\"wc-block-grid__product-title\">Inmunizat<\/div>\n<p>\t\t\t\t<\/a><\/p>\n<div class=\"wc-block-grid__product-price price\"><span class=\"woocommerce-Price-amount amount\">28,50&nbsp;<span class=\"woocommerce-Price-currencySymbol\">&euro;<\/span><\/span><\/div>\n<div class=\"wp-block-button wc-block-grid__product-add-to-cart\"><a href=\"https:\/\/www.lanierpharma.com\/en\/product\/inmunizat\/\" aria-label=\"Select options for \u201cInmunizat\u201d\" data-quantity=\"1\" data-product_id=\"2964\" data-product_sku=\"\" data-price=\"28.5\" rel=\"nofollow\" class=\"wp-block-button__link  add_to_cart_button\" data-no-translation=\"\" data-trp-gettext=\"\" data-no-translation-aria-label=\"\">Select options<\/a><\/div>\n<\/li>\n<li class=\"wc-block-grid__product\">\n\t\t\t\t<a href=\"https:\/\/www.lanierpharma.com\/en\/product\/laniercol\/\" class=\"wc-block-grid__product-link\"><\/p>\n<div class=\"wc-block-grid__product-onsale\">\n\t\t\t<span aria-hidden=\"true\" data-no-translation=\"\" data-trp-gettext=\"\">Sale<\/span><br \/>\n\t\t\t<span class=\"screen-reader-text\" data-no-translation=\"\" data-trp-gettext=\"\">Product on sale<\/span>\n\t\t<\/div>\n<div class=\"wc-block-grid__product-image\"><img loading=\"lazy\" decoding=\"async\" width=\"300\" height=\"300\" src=\"https:\/\/www.lanierpharma.com\/wp-content\/uploads\/Laniercol-portada-300x300.jpg\" class=\"attachment-woocommerce_thumbnail size-woocommerce_thumbnail\" alt=\"Laniercol\" data-responsive-images=\"false\" \/><\/div>\n<div class=\"wc-block-grid__product-title\">Laniercol<\/div>\n<p>\t\t\t\t<\/a><\/p>\n<div class=\"wc-block-grid__product-price price\"><span class=\"woocommerce-Price-amount amount\">24,30&nbsp;<span class=\"woocommerce-Price-currencySymbol\">&euro;<\/span><\/span><\/div>\n<div class=\"wp-block-button wc-block-grid__product-add-to-cart\"><a href=\"https:\/\/www.lanierpharma.com\/en\/product\/laniercol\/\" aria-label=\"Select options for \u201cLaniercol\u201d\" data-quantity=\"1\" data-product_id=\"2960\" data-product_sku=\"\" data-price=\"24.3\" rel=\"nofollow\" class=\"wp-block-button__link  add_to_cart_button\" data-no-translation=\"\" data-trp-gettext=\"\" data-no-translation-aria-label=\"\">Select options<\/a><\/div>\n<\/li>\n<\/ul>\n<\/div>\n<\/div>\n<\/div>\n\t<\/div>\n<\/div>\n\n\t\t<\/div>\n\t\t<div class=\"col-back\">\n\t\t\t\t\t<\/div>\n\t<\/div>\n<\/div>\t<\/div>\n\t<div class=\"row-back\">\n\t\t\t\t\t<\/div>\n<\/div><div class=\"vc_row wpb_row vc_row-fluid vc_column-gap-24\" >\n\t<div class=\"container et-clearfix\">\n\t\t<div class=\"wpb_column vc_column_container vc_col-sm-12 text-align-none\" >\n\t<div class=\"vc_column-inner vci\" >\n\t\t<div class=\"wpb_wrapper\">\n\t\t\t<span class=\"et-gap et-clearfix et-gap-71084\"><\/span><h2 class=\"et-heading text-align-center highlight-false icon-position-left\" id=\"et-heading-405908\" ><span class=\"text-wrapper\"><span class=\"text\">Discover our products<\/span><span class=\"curtain\"><\/span><\/span><\/h2><span class=\"et-gap et-clearfix et-gap-71084\"><\/span><div data-rows=\"1\" data-columns=\"5\" data-columns-tab-port=\"3\" data-columns-tab-land=\"4\" id=\"et-woo-products-447882\" class=\"ajax et-woo-products only post-layout layout-sidebar-none grid highlight-false gap-false discount-false nav-pos-side medium arrows\" data-atts=\"eyJhamF4IjoidHJ1ZSIsImxheW91dCI6ImdyaWQiLCJuYXZpZ2F0aW9uX3R5cGUiOiJhcnJvd3MiLCJuYXZpZ2F0aW9uX3Bvc2l0aW9uIjoic2lkZSIsImF1dG9wbGF5IjoiZmFsc2UiLCJjYXJvdXNlbCI6InRydWUiLCJjb2x1bW5zX2dyaWQiOiI1IiwiY29sdW1uc19saXN0IjoiMSIsImNvbHVtbnNfZnVsbCI6IjEiLCJjb2x1bW5zX2dyaWRfdGFiX3BvcnQiOiIzIiwiY29sdW1uc19ncmlkX3RhYl9sYW5kIjoiNCIsImNvbHVtbnNfbGlzdF90YWJfcG9ydCI6IjEiLCJjb2x1bW5zX2xpc3RfdGFiX2xhbmQiOiIxIiwicm93cyI6IjEiLCJoaWdobGlnaHQiOiJmYWxzZSIsImRpc2NvdW50IjoiZmFsc2UiLCJtaW5faGVpZ2h0IjoiIiwibWF4X2hlaWdodCI6IiIsInF1YW50aXR5IjoiMTIiLCJjYXRlZ29yeSI6IiIsIm9wZXJhdG9yIjoiSU4iLCJvcmRlcmJ5IjoibWVudV9vcmRlciIsIm9yZGVyIjoiQVNDIiwidHlwZSI6ImN1c3RvbSIsImF0dHJpYnV0ZSI6IiIsImZpbHRlciI6IiIsImlkcyI6IiIsImVsZW1lbnRfaWQiOiI0NDc4ODIifQ==\" data-query=\"eyJwb3N0X3R5cGUiOiJwcm9kdWN0IiwicG9zdF9zdGF0dXMiOiJwdWJsaXNoIiwiaWdub3JlX3N0aWNreV9wb3N0cyI6MSwib3JkZXJieSI6Im1lbnVfb3JkZXIiLCJvcmRlciI6IkFTQyIsInBvc3RzX3Blcl9wYWdlIjoxMn0=\"><div class=\"loop-posts loop-products et-carousel manual-carousel\" data-columns=\"5\" data-autoplay=\"false\" data-nav=\"arrows\"><ul class=\"slides\"><li class=\"product post placeholder\"><div class=\"post-inner et-item-inner et-clearfix\"><div class=\"post-image post-media overlay-hover\"><div class=\"image-container loaded\"><svg viewbox=\"0 0 300 300\"><path d=\"M0,0H300V300H0V0Z\" \/><\/svg><svg class=\"placeholder\" viewbox=\"0 0 20 4\"><circle cx=\"2\" cy=\"2\" r=\"2\" \/><circle cx=\"10\" cy=\"2\" r=\"2\" \/><circle cx=\"18\" cy=\"2\" r=\"2\" \/><\/svg><\/div><\/div><div class=\"post-body et-clearfix\"><div class=\"post-body-inner\"><div class=\"post-category et-clearfix\"><span><\/span><\/div><div class=\"post-title et-clearfix\"><span><\/span><\/div><div class=\"star-rating-wrap\"><div class=\"star-rating empty\"><\/div><\/div><span class=\"price\"><\/span><div class=\"button\"><\/div><\/div><\/div><\/div><\/li><li class=\"product post placeholder\"><div class=\"post-inner et-item-inner et-clearfix\"><div class=\"post-image post-media overlay-hover\"><div class=\"image-container loaded\"><svg viewbox=\"0 0 300 300\"><path d=\"M0,0H300V300H0V0Z\" \/><\/svg><svg class=\"placeholder\" viewbox=\"0 0 20 4\"><circle cx=\"2\" cy=\"2\" r=\"2\" \/><circle cx=\"10\" cy=\"2\" r=\"2\" \/><circle cx=\"18\" cy=\"2\" r=\"2\" \/><\/svg><\/div><\/div><div class=\"post-body et-clearfix\"><div class=\"post-body-inner\"><div class=\"post-category et-clearfix\"><span><\/span><\/div><div class=\"post-title et-clearfix\"><span><\/span><\/div><div class=\"star-rating-wrap\"><div class=\"star-rating empty\"><\/div><\/div><span class=\"price\"><\/span><div class=\"button\"><\/div><\/div><\/div><\/div><\/li><li class=\"product post placeholder\"><div class=\"post-inner et-item-inner et-clearfix\"><div class=\"post-image post-media overlay-hover\"><div class=\"image-container loaded\"><svg viewbox=\"0 0 300 300\"><path d=\"M0,0H300V300H0V0Z\" \/><\/svg><svg class=\"placeholder\" viewbox=\"0 0 20 4\"><circle cx=\"2\" cy=\"2\" r=\"2\" \/><circle cx=\"10\" cy=\"2\" r=\"2\" \/><circle cx=\"18\" cy=\"2\" r=\"2\" \/><\/svg><\/div><\/div><div class=\"post-body et-clearfix\"><div class=\"post-body-inner\"><div class=\"post-category et-clearfix\"><span><\/span><\/div><div class=\"post-title et-clearfix\"><span><\/span><\/div><div class=\"star-rating-wrap\"><div class=\"star-rating empty\"><\/div><\/div><span class=\"price\"><\/span><div class=\"button\"><\/div><\/div><\/div><\/div><\/li><li class=\"product post placeholder\"><div class=\"post-inner et-item-inner et-clearfix\"><div class=\"post-image post-media overlay-hover\"><div class=\"image-container loaded\"><svg viewbox=\"0 0 300 300\"><path d=\"M0,0H300V300H0V0Z\" \/><\/svg><svg class=\"placeholder\" viewbox=\"0 0 20 4\"><circle cx=\"2\" cy=\"2\" r=\"2\" \/><circle cx=\"10\" cy=\"2\" r=\"2\" \/><circle cx=\"18\" cy=\"2\" r=\"2\" \/><\/svg><\/div><\/div><div class=\"post-body et-clearfix\"><div class=\"post-body-inner\"><div class=\"post-category et-clearfix\"><span><\/span><\/div><div class=\"post-title et-clearfix\"><span><\/span><\/div><div class=\"star-rating-wrap\"><div class=\"star-rating empty\"><\/div><\/div><span class=\"price\"><\/span><div class=\"button\"><\/div><\/div><\/div><\/div><\/li><li class=\"product post placeholder\"><div class=\"post-inner et-item-inner et-clearfix\"><div class=\"post-image post-media overlay-hover\"><div class=\"image-container loaded\"><svg viewbox=\"0 0 300 300\"><path d=\"M0,0H300V300H0V0Z\" \/><\/svg><svg class=\"placeholder\" viewbox=\"0 0 20 4\"><circle cx=\"2\" cy=\"2\" r=\"2\" \/><circle cx=\"10\" cy=\"2\" r=\"2\" \/><circle cx=\"18\" cy=\"2\" r=\"2\" \/><\/svg><\/div><\/div><div class=\"post-body et-clearfix\"><div class=\"post-body-inner\"><div class=\"post-category et-clearfix\"><span><\/span><\/div><div class=\"post-title et-clearfix\"><span><\/span><\/div><div class=\"star-rating-wrap\"><div class=\"star-rating empty\"><\/div><\/div><span class=\"price\"><\/span><div class=\"button\"><\/div><\/div><\/div><\/div><\/li><\/ul><\/div><\/div><span class=\"et-gap et-clearfix et-gap-71084\"><\/span>\t\t<\/div>\n\t\t<div class=\"col-back\">\n\t\t\t\t\t<\/div>\n\t<\/div>\n<\/div>\t<\/div>\n\t<div class=\"row-back\">\n\t\t\t\t\t<\/div>\n<\/div><\/div>","protected":false},"excerpt":{"rendered":"\u00a0 Puede que te interese\u2026 \u00a0 \u00a0 \u00a0 \u00a0 \u00a0 \u00a0 \u00a0 \u00a0 \u00a0 \u00a0 \u00a0 \u00a1Tu carrito est\u00e1 actualmente vac\u00edo! Descubre nuestros productos","protected":false},"author":1,"featured_media":0,"parent":0,"menu_order":0,"comment_status":"closed","ping_status":"closed","template":"","meta":{"footnotes":""},"class_list":["post-10","page","type-page","status-publish","hentry"],"yoast_head":"<!-- This site is optimized with the Yoast SEO plugin v26.6 - https:\/\/yoast.com\/wordpress\/plugins\/seo\/ -->\n<title>Carrito - Lanierpharma<\/title>\n<meta name=\"robots\" content=\"index, follow, max-snippet:-1, max-image-preview:large, max-video-preview:-1\" \/>\n<link rel=\"canonical\" href=\"https:\/\/www.lanierpharma.com\/en\/carrito\/\" \/>\n<meta property=\"og:locale\" content=\"en_GB\" \/>\n<meta property=\"og:type\" content=\"article\" \/>\n<meta property=\"og:title\" content=\"Carrito - Lanierpharma\" \/>\n<meta property=\"og:url\" content=\"https:\/\/www.lanierpharma.com\/en\/carrito\/\" \/>\n<meta property=\"og:site_name\" content=\"Lanierpharma\" \/>\n<meta property=\"article:publisher\" content=\"https:\/\/www.facebook.com\/lanierpharma\" \/>\n<meta property=\"article:modified_time\" content=\"2025-12-28T21:51:23+00:00\" \/>\n<meta name=\"twitter:card\" content=\"summary_large_image\" \/>\n<meta name=\"twitter:site\" content=\"@LanierPharma\" \/>\n<meta name=\"twitter:label1\" content=\"Est. reading time\" \/>\n\t<meta name=\"twitter:data1\" content=\"1 minute\" \/>\n<script type=\"application\/ld+json\" class=\"yoast-schema-graph\">{\"@context\":\"https:\/\/schema.org\",\"@graph\":[{\"@type\":\"WebPage\",\"@id\":\"https:\/\/www.lanierpharma.com\/en\/carrito\/\",\"url\":\"https:\/\/www.lanierpharma.com\/en\/carrito\/\",\"name\":\"Carrito - Lanierpharma\",\"isPartOf\":{\"@id\":\"https:\/\/www.lanierpharma.com\/en\/#website\"},\"datePublished\":\"2025-08-29T15:33:58+00:00\",\"dateModified\":\"2025-12-28T21:51:23+00:00\",\"breadcrumb\":{\"@id\":\"https:\/\/www.lanierpharma.com\/en\/carrito\/#breadcrumb\"},\"inLanguage\":\"en-GB\",\"potentialAction\":[{\"@type\":\"ReadAction\",\"target\":[\"https:\/\/www.lanierpharma.com\/en\/carrito\/\"]}]},{\"@type\":\"BreadcrumbList\",\"@id\":\"https:\/\/www.lanierpharma.com\/en\/carrito\/#breadcrumb\",\"itemListElement\":[{\"@type\":\"ListItem\",\"position\":1,\"name\":\"Portada\",\"item\":\"https:\/\/www.lanierpharma.com\/\"},{\"@type\":\"ListItem\",\"position\":2,\"name\":\"Carrito\"}]},{\"@type\":\"WebSite\",\"@id\":\"https:\/\/www.lanierpharma.com\/en\/#website\",\"url\":\"https:\/\/www.lanierpharma.com\/en\/\",\"name\":\"Lanierpharma\",\"description\":\"Empresa farmac\u00e9utica especializada en la investigaci\u00f3n, desarrollo y comercializaci\u00f3n de nutrac\u00e9uticos\",\"potentialAction\":[{\"@type\":\"SearchAction\",\"target\":{\"@type\":\"EntryPoint\",\"urlTemplate\":\"https:\/\/www.lanierpharma.com\/en\/?s={search_term_string}\"},\"query-input\":{\"@type\":\"PropertyValueSpecification\",\"valueRequired\":true,\"valueName\":\"search_term_string\"}}],\"inLanguage\":\"en-GB\"}]}<\/script>\n<!-- \/ Yoast SEO plugin. -->","yoast_head_json":{"title":"Carrito - Lanierpharma","robots":{"index":"index","follow":"follow","max-snippet":"max-snippet:-1","max-image-preview":"max-image-preview:large","max-video-preview":"max-video-preview:-1"},"canonical":"https:\/\/www.lanierpharma.com\/en\/carrito\/","og_locale":"en_GB","og_type":"article","og_title":"Carrito - Lanierpharma","og_url":"https:\/\/www.lanierpharma.com\/en\/carrito\/","og_site_name":"Lanierpharma","article_publisher":"https:\/\/www.facebook.com\/lanierpharma","article_modified_time":"2025-12-28T21:51:23+00:00","twitter_card":"summary_large_image","twitter_site":"@LanierPharma","twitter_misc":{"Est. reading time":"1 minute"},"schema":{"@context":"https:\/\/schema.org","@graph":[{"@type":"WebPage","@id":"https:\/\/www.lanierpharma.com\/en\/carrito\/","url":"https:\/\/www.lanierpharma.com\/en\/carrito\/","name":"Carrito - Lanierpharma","isPartOf":{"@id":"https:\/\/www.lanierpharma.com\/en\/#website"},"datePublished":"2025-08-29T15:33:58+00:00","dateModified":"2025-12-28T21:51:23+00:00","breadcrumb":{"@id":"https:\/\/www.lanierpharma.com\/en\/carrito\/#breadcrumb"},"inLanguage":"en-GB","potentialAction":[{"@type":"ReadAction","target":["https:\/\/www.lanierpharma.com\/en\/carrito\/"]}]},{"@type":"BreadcrumbList","@id":"https:\/\/www.lanierpharma.com\/en\/carrito\/#breadcrumb","itemListElement":[{"@type":"ListItem","position":1,"name":"Portada","item":"https:\/\/www.lanierpharma.com\/"},{"@type":"ListItem","position":2,"name":"Carrito"}]},{"@type":"WebSite","@id":"https:\/\/www.lanierpharma.com\/en\/#website","url":"https:\/\/www.lanierpharma.com\/en\/","name":"Lanierpharma","description":"Empresa farmac\u00e9utica especializada en la investigaci\u00f3n, desarrollo y comercializaci\u00f3n de nutrac\u00e9uticos","potentialAction":[{"@type":"SearchAction","target":{"@type":"EntryPoint","urlTemplate":"https:\/\/www.lanierpharma.com\/en\/?s={search_term_string}"},"query-input":{"@type":"PropertyValueSpecification","valueRequired":true,"valueName":"search_term_string"}}],"inLanguage":"en-GB"}]}},"_links":{"self":[{"href":"https:\/\/www.lanierpharma.com\/en\/wp-json\/wp\/v2\/pages\/10","targetHints":{"allow":["GET"]}}],"collection":[{"href":"https:\/\/www.lanierpharma.com\/en\/wp-json\/wp\/v2\/pages"}],"about":[{"href":"https:\/\/www.lanierpharma.com\/en\/wp-json\/wp\/v2\/types\/page"}],"author":[{"embeddable":true,"href":"https:\/\/www.lanierpharma.com\/en\/wp-json\/wp\/v2\/users\/1"}],"replies":[{"embeddable":true,"href":"https:\/\/www.lanierpharma.com\/en\/wp-json\/wp\/v2\/comments?post=10"}],"version-history":[{"count":4,"href":"https:\/\/www.lanierpharma.com\/en\/wp-json\/wp\/v2\/pages\/10\/revisions"}],"predecessor-version":[{"id":11687,"href":"https:\/\/www.lanierpharma.com\/en\/wp-json\/wp\/v2\/pages\/10\/revisions\/11687"}],"wp:attachment":[{"href":"https:\/\/www.lanierpharma.com\/en\/wp-json\/wp\/v2\/media?parent=10"}],"curies":[{"name":"wp","href":"https:\/\/api.w.org\/{rel}","templated":true}]}}